{"id":6871,"date":"2023-07-19T10:46:06","date_gmt":"2023-07-19T09:46:06","guid":{"rendered":"https:\/\/devaharmony.com\/de\/?page_id=6871"},"modified":"2023-07-20T13:21:35","modified_gmt":"2023-07-20T12:21:35","slug":"partner-b2b","status":"publish","type":"page","link":"https:\/\/devaharmony.com\/de\/partner-b2b\/","title":{"rendered":"Partner\/B2B"},"content":{"rendered":"\n<p><strong><img decoding=\"async\" width=\"120\" height=\"123\" src=\"https:\/\/lh5.googleusercontent.com\/XmJ3xfaNya8JawLJIt6MdU_Cv8eBSnySU5WMGAKBgooYk9C6eSRYEY9ZpOSrJJ9c4KEzQBgfND8fg4opZQ59N1HSv6qaab_MsamJYUp4QOtoJZmBnIx48_gvCjHQYQ\"><\/strong><\/p>\n\n\n\n<p>Wenn Sie auf der Suche nach Systemen sind, die das Gleichgewicht zwischen K\u00f6rper, Geist und Seele herstellen, oder wenn Sie sich bereits in diesem Bereich bewegen, dann sind Sie hier richtig.<\/p>\n\n\n\n<p>Gemeinsam k\u00f6nnen wir die Medizin der Zukunft &#8211; Ajurveda &#8211; popul\u00e4r machen.<\/p>\n\n\n\n<p>Wenn Ihnen das Thema am Herzen liegt, k\u00f6nnen wir uns gemeinsam in die traditionellen ayurvedischen Wurzeln einbetten. Wenn Sie den Eindruck haben, dass Sie sich in der Vielzahl der auf dem Markt angebotenen Kosmetika und Nahrungserg\u00e4nzungsmittel verlieren, ist es vielleicht an der Zeit, einen Blick auf die \u00e4ltesten, bew\u00e4hrten Rezepte zu werfen, die Frische und Harmonie bringen. Aus dem Ursprung der Natur &#8211; alte Rezepte im Dienste des Menschen haben ihren Ursprung in der vedischen Praxis. Wenn Sie energetisch in diesen Trend passen<\/p>\n\n\n\n<p>und wenn Sie dabei sein wollen, k\u00f6nnen wir gemeinsam die Zukunft in diesem Bereich gestalten.<\/p>\n\n\n\n<p>Wenn Sie sich z.B. von der ayurvedischen Konstitution inspirieren lassen und als Experte auf diesem Gebiet t\u00e4tig werden wollen oder bereits sind, dann gibt es auch hier Raum f\u00fcr Austausch und Gespr\u00e4che.<\/p>\n\n\n\n<p>Firmen, Einzelpersonen, die bereit sind, auf der Grundlage traditioneller Methoden in einer modernen Form voranzugehen. Hier wird uns nicht nur das Gesch\u00e4ftliche verbinden.<\/p>\n\n\n\n<p>Wir ziehen es vor, unsere Zusammenarbeit auf einen Vertriebsvertrag zu st\u00fctzen.<\/p>\n\n\n\n<p>Ihr Ansprechpartner:<\/p>\n\n\n\n<p><strong><img decoding=\"async\" width=\"20\" height=\"20\" src=\"https:\/\/lh4.googleusercontent.com\/WKU57E8trQQlDGBd_86Po_WboYUvY-JcZ4np6yoLlQ9v5Bj5oWwF26j6D0JQMyZTRILeXJu9QCycQSuAqooHHl3iZzNH_e4O9tiRvd6eI83bltQKiEikT22MOnjtnQ\"> + 48 531 022 011<\/strong><\/p>\n\n\n\n<p><sub><img decoding=\"async\" width=\"50\" height=\"50\" class=\"wp-image-6237\" style=\"width: 40px\" src=\"https:\/\/devatest.efficientweb.com.pl\/de\/wp-content\/uploads\/sites\/4\/2022\/05\/mail-1.png-1.png\" alt=\"\"><\/sub><sup> <\/sup><a href=\"mailto:m.bekas@devaharmony.com\"><strong>sklep@devaharmony.com<\/strong><\/a><\/p>\n","protected":false},"excerpt":{"rendered":"<p>Wenn Sie auf der Suche nach Systemen sind, die das Gleichgewicht zwischen K\u00f6rper, Geist und Seele herstellen, oder wenn Sie sich bereits in diesem Bereich bewegen, dann sind Sie hier richtig. Gemeinsam k\u00f6nnen wir die Medizin der Zukunft &#8211; Ajurveda &#8211; popul\u00e4r machen. Wenn Ihnen das Thema am Herzen liegt, k\u00f6nnen wir uns gemeinsam in [&hellip;]<\/p>\n","protected":false},"author":2051,"featured_media":0,"parent":0,"menu_order":0,"comment_status":"open","ping_status":"open","template":"","meta":{"footnotes":""},"class_list":["post-6871","page","type-page","status-publish","hentry"],"acf":[],"yoast_head":"<!-- This site is optimized with the Yoast SEO plugin v23.1 - https:\/\/yoast.com\/wordpress\/plugins\/seo\/ -->\n<title>Partner\/B2B - Deva Harmony Polen<\/title>\n<meta name=\"robots\" content=\"index, follow, max-snippet:-1, max-image-preview:large, max-video-preview:-1\" \/>\n<link rel=\"canonical\" href=\"https:\/\/devaharmony.com\/de\/partner-b2b\/\" \/>\n<meta property=\"og:locale\" content=\"de_DE\" \/>\n<meta property=\"og:type\" content=\"article\" \/>\n<meta property=\"og:title\" content=\"Partner\/B2B - Deva Harmony Polen\" \/>\n<meta property=\"og:description\" content=\"Wenn Sie auf der Suche nach Systemen sind, die das Gleichgewicht zwischen K\u00f6rper, Geist und Seele herstellen, oder wenn Sie sich bereits in diesem Bereich bewegen, dann sind Sie hier richtig. Gemeinsam k\u00f6nnen wir die Medizin der Zukunft &#8211; Ajurveda &#8211; popul\u00e4r machen. Wenn Ihnen das Thema am Herzen liegt, k\u00f6nnen wir uns gemeinsam in [&hellip;]\" \/>\n<meta property=\"og:url\" content=\"https:\/\/devaharmony.com\/de\/partner-b2b\/\" \/>\n<meta property=\"og:site_name\" content=\"Deva Harmony Polen\" \/>\n<meta property=\"article:modified_time\" content=\"2023-07-20T12:21:35+00:00\" \/>\n<meta property=\"og:image\" content=\"https:\/\/lh5.googleusercontent.com\/XmJ3xfaNya8JawLJIt6MdU_Cv8eBSnySU5WMGAKBgooYk9C6eSRYEY9ZpOSrJJ9c4KEzQBgfND8fg4opZQ59N1HSv6qaab_MsamJYUp4QOtoJZmBnIx48_gvCjHQYQ\" \/>\n<meta name=\"twitter:card\" content=\"summary_large_image\" \/>\n<meta name=\"twitter:label1\" content=\"Gesch\u00e4tzte Lesezeit\" \/>\n\t<meta name=\"twitter:data1\" content=\"2\u00a0Minuten\" \/>\n<script type=\"application\/ld+json\" class=\"yoast-schema-graph\">{\"@context\":\"https:\/\/schema.org\",\"@graph\":[{\"@type\":\"WebPage\",\"@id\":\"https:\/\/devaharmony.com\/de\/partner-b2b\/\",\"url\":\"https:\/\/devaharmony.com\/de\/partner-b2b\/\",\"name\":\"Partner\/B2B - Deva Harmony Polen\",\"isPartOf\":{\"@id\":\"https:\/\/devaharmony.com\/de\/#website\"},\"primaryImageOfPage\":{\"@id\":\"https:\/\/devaharmony.com\/de\/partner-b2b\/#primaryimage\"},\"image\":{\"@id\":\"https:\/\/devaharmony.com\/de\/partner-b2b\/#primaryimage\"},\"thumbnailUrl\":\"https:\/\/lh5.googleusercontent.com\/XmJ3xfaNya8JawLJIt6MdU_Cv8eBSnySU5WMGAKBgooYk9C6eSRYEY9ZpOSrJJ9c4KEzQBgfND8fg4opZQ59N1HSv6qaab_MsamJYUp4QOtoJZmBnIx48_gvCjHQYQ\",\"datePublished\":\"2023-07-19T09:46:06+00:00\",\"dateModified\":\"2023-07-20T12:21:35+00:00\",\"breadcrumb\":{\"@id\":\"https:\/\/devaharmony.com\/de\/partner-b2b\/#breadcrumb\"},\"inLanguage\":\"de\",\"potentialAction\":[{\"@type\":\"ReadAction\",\"target\":[\"https:\/\/devaharmony.com\/de\/partner-b2b\/\"]}]},{\"@type\":\"ImageObject\",\"inLanguage\":\"de\",\"@id\":\"https:\/\/devaharmony.com\/de\/partner-b2b\/#primaryimage\",\"url\":\"https:\/\/lh5.googleusercontent.com\/XmJ3xfaNya8JawLJIt6MdU_Cv8eBSnySU5WMGAKBgooYk9C6eSRYEY9ZpOSrJJ9c4KEzQBgfND8fg4opZQ59N1HSv6qaab_MsamJYUp4QOtoJZmBnIx48_gvCjHQYQ\",\"contentUrl\":\"https:\/\/lh5.googleusercontent.com\/XmJ3xfaNya8JawLJIt6MdU_Cv8eBSnySU5WMGAKBgooYk9C6eSRYEY9ZpOSrJJ9c4KEzQBgfND8fg4opZQ59N1HSv6qaab_MsamJYUp4QOtoJZmBnIx48_gvCjHQYQ\"},{\"@type\":\"BreadcrumbList\",\"@id\":\"https:\/\/devaharmony.com\/de\/partner-b2b\/#breadcrumb\",\"itemListElement\":[{\"@type\":\"ListItem\",\"position\":1,\"name\":\"Home\",\"item\":\"https:\/\/devaharmony.com\/de\/\"},{\"@type\":\"ListItem\",\"position\":2,\"name\":\"Partner\/B2B\"}]},{\"@type\":\"WebSite\",\"@id\":\"https:\/\/devaharmony.com\/de\/#website\",\"url\":\"https:\/\/devaharmony.com\/de\/\",\"name\":\"Deva Harmony Polen\",\"description\":\"Ayurvedische Nahrungserg\u00e4nzungsmittel\",\"potentialAction\":[{\"@type\":\"SearchAction\",\"target\":{\"@type\":\"EntryPoint\",\"urlTemplate\":\"https:\/\/devaharmony.com\/de\/?s={search_term_string}\"},\"query-input\":\"required name=search_term_string\"}],\"inLanguage\":\"de\"}]}<\/script>\n<!-- \/ Yoast SEO plugin. -->","yoast_head_json":{"title":"Partner\/B2B - Deva Harmony Polen","robots":{"index":"index","follow":"follow","max-snippet":"max-snippet:-1","max-image-preview":"max-image-preview:large","max-video-preview":"max-video-preview:-1"},"canonical":"https:\/\/devaharmony.com\/de\/partner-b2b\/","og_locale":"de_DE","og_type":"article","og_title":"Partner\/B2B - Deva Harmony Polen","og_description":"Wenn Sie auf der Suche nach Systemen sind, die das Gleichgewicht zwischen K\u00f6rper, Geist und Seele herstellen, oder wenn Sie sich bereits in diesem Bereich bewegen, dann sind Sie hier richtig. Gemeinsam k\u00f6nnen wir die Medizin der Zukunft &#8211; Ajurveda &#8211; popul\u00e4r machen. Wenn Ihnen das Thema am Herzen liegt, k\u00f6nnen wir uns gemeinsam in [&hellip;]","og_url":"https:\/\/devaharmony.com\/de\/partner-b2b\/","og_site_name":"Deva Harmony Polen","article_modified_time":"2023-07-20T12:21:35+00:00","og_image":[{"url":"https:\/\/lh5.googleusercontent.com\/XmJ3xfaNya8JawLJIt6MdU_Cv8eBSnySU5WMGAKBgooYk9C6eSRYEY9ZpOSrJJ9c4KEzQBgfND8fg4opZQ59N1HSv6qaab_MsamJYUp4QOtoJZmBnIx48_gvCjHQYQ"}],"twitter_card":"summary_large_image","twitter_misc":{"Gesch\u00e4tzte Lesezeit":"2\u00a0Minuten"},"schema":{"@context":"https:\/\/schema.org","@graph":[{"@type":"WebPage","@id":"https:\/\/devaharmony.com\/de\/partner-b2b\/","url":"https:\/\/devaharmony.com\/de\/partner-b2b\/","name":"Partner\/B2B - Deva Harmony Polen","isPartOf":{"@id":"https:\/\/devaharmony.com\/de\/#website"},"primaryImageOfPage":{"@id":"https:\/\/devaharmony.com\/de\/partner-b2b\/#primaryimage"},"image":{"@id":"https:\/\/devaharmony.com\/de\/partner-b2b\/#primaryimage"},"thumbnailUrl":"https:\/\/lh5.googleusercontent.com\/XmJ3xfaNya8JawLJIt6MdU_Cv8eBSnySU5WMGAKBgooYk9C6eSRYEY9ZpOSrJJ9c4KEzQBgfND8fg4opZQ59N1HSv6qaab_MsamJYUp4QOtoJZmBnIx48_gvCjHQYQ","datePublished":"2023-07-19T09:46:06+00:00","dateModified":"2023-07-20T12:21:35+00:00","breadcrumb":{"@id":"https:\/\/devaharmony.com\/de\/partner-b2b\/#breadcrumb"},"inLanguage":"de","potentialAction":[{"@type":"ReadAction","target":["https:\/\/devaharmony.com\/de\/partner-b2b\/"]}]},{"@type":"ImageObject","inLanguage":"de","@id":"https:\/\/devaharmony.com\/de\/partner-b2b\/#primaryimage","url":"https:\/\/lh5.googleusercontent.com\/XmJ3xfaNya8JawLJIt6MdU_Cv8eBSnySU5WMGAKBgooYk9C6eSRYEY9ZpOSrJJ9c4KEzQBgfND8fg4opZQ59N1HSv6qaab_MsamJYUp4QOtoJZmBnIx48_gvCjHQYQ","contentUrl":"https:\/\/lh5.googleusercontent.com\/XmJ3xfaNya8JawLJIt6MdU_Cv8eBSnySU5WMGAKBgooYk9C6eSRYEY9ZpOSrJJ9c4KEzQBgfND8fg4opZQ59N1HSv6qaab_MsamJYUp4QOtoJZmBnIx48_gvCjHQYQ"},{"@type":"BreadcrumbList","@id":"https:\/\/devaharmony.com\/de\/partner-b2b\/#breadcrumb","itemListElement":[{"@type":"ListItem","position":1,"name":"Home","item":"https:\/\/devaharmony.com\/de\/"},{"@type":"ListItem","position":2,"name":"Partner\/B2B"}]},{"@type":"WebSite","@id":"https:\/\/devaharmony.com\/de\/#website","url":"https:\/\/devaharmony.com\/de\/","name":"Deva Harmony Polen","description":"Ayurvedische Nahrungserg\u00e4nzungsmittel","potentialAction":[{"@type":"SearchAction","target":{"@type":"EntryPoint","urlTemplate":"https:\/\/devaharmony.com\/de\/?s={search_term_string}"},"query-input":"required name=search_term_string"}],"inLanguage":"de"}]}},"_links":{"self":[{"href":"https:\/\/devaharmony.com\/de\/wp-json\/wp\/v2\/pages\/6871"}],"collection":[{"href":"https:\/\/devaharmony.com\/de\/wp-json\/wp\/v2\/pages"}],"about":[{"href":"https:\/\/devaharmony.com\/de\/wp-json\/wp\/v2\/types\/page"}],"author":[{"embeddable":true,"href":"https:\/\/devaharmony.com\/de\/wp-json\/wp\/v2\/users\/2051"}],"replies":[{"embeddable":true,"href":"https:\/\/devaharmony.com\/de\/wp-json\/wp\/v2\/comments?post=6871"}],"version-history":[{"count":17,"href":"https:\/\/devaharmony.com\/de\/wp-json\/wp\/v2\/pages\/6871\/revisions"}],"predecessor-version":[{"id":20806,"href":"https:\/\/devaharmony.com\/de\/wp-json\/wp\/v2\/pages\/6871\/revisions\/20806"}],"wp:attachment":[{"href":"https:\/\/devaharmony.com\/de\/wp-json\/wp\/v2\/media?parent=6871"}],"curies":[{"name":"wp","href":"https:\/\/api.w.org\/{rel}","templated":true}]}}