{"id":31,"date":"2023-07-19T10:45:57","date_gmt":"2023-07-19T09:45:57","guid":{"rendered":"https:\/\/devaharmony.com\/de\/?page_id=31"},"modified":"2023-09-04T11:34:24","modified_gmt":"2023-09-04T10:34:24","slug":"jivagram-faridabad-indien","status":"publish","type":"page","link":"https:\/\/devaharmony.com\/de\/jivagram-faridabad-indien\/","title":{"rendered":"Jivagram Faridabad Indien"},"content":{"rendered":"\n<p>Denken Sie daran, lieber Leser, wir sprechen hier von ganzheitlicher Heilung, wir \u00fcberlassen die Heilung denen, die sich mit der Heilung befassen.<\/p>\n\n\n\n<p>Aber wenn:<\/p>\n\n\n\n<ul class=\"wp-block-list\"><li>Sie sind von einem gesundheitlichen Problem betroffen und suchen einen Weg, um wieder ins Gleichgewicht des K\u00f6rpers zu kommen,<\/li><li>Sie planen, sich umfassend um Ihre Gesundheit und Ihr Wohlbefinden zu k\u00fcmmern,<\/li><li>du ernsthaft Ordnung in deinen K\u00f6rper bringen willst,<\/li><li>du lernen m\u00f6chtest, wie du dich jeden Tag um dich selbst k\u00fcmmern kannst,<\/li><li>Sie sind fasziniert von dem geheimnisvollen Namen Panchakarma,<\/li><\/ul>\n\n\n\n<p>Erlauben Sie sich, in sich selbst zu reisen, lernen Sie, wie Ihr K\u00f6rper funktioniert, sehen Sie, welche Vorteile Ayurveda ihm bringen wird.<\/p>\n\n\n\n<p>Wir laden Sie zu JIVAGRAM in Faribadad bei Dhela, Indien ein: <a href=\"http:\/\/www.jivagram.jiva.com\">www.jivagram.jiva.com<\/a>.<\/p>\n\n\n\n<p>JIVAGRAM ist ein Jiva Ayurveda-Wellnesszentrum, in dem G\u00e4ste ihre k\u00f6rperliche, geistige und seelische Gesundheit wiedererlangen k\u00f6nnen. Neben erstklassigen ayurvedischen Behandlungen, Panchakarma (vollst\u00e4ndige ayurvedische Entgiftung) und anderen wunderbaren Therapien bietet das Resort seinen G\u00e4sten ein einzigartiges Erlebnis der indischen Tradition und Kultur.<br><\/p>\n\n\n\n<figure class=\"wp-block-image size-large\"><img fetchpriority=\"high\" decoding=\"async\" width=\"1024\" height=\"576\" src=\"https:\/\/devatest.efficientweb.com.pl\/de\/wp-content\/uploads\/sites\/4\/2021\/04\/Jivagram-1024x576.jpg\" alt=\"\" class=\"wp-image-785\" srcset=\"https:\/\/devaharmony.com\/de\/wp-content\/uploads\/2021\/04\/Jivagram-1024x576.jpg 1024w, https:\/\/devaharmony.com\/de\/wp-content\/uploads\/2021\/04\/Jivagram-300x169.jpg 300w, https:\/\/devaharmony.com\/de\/wp-content\/uploads\/2021\/04\/Jivagram-600x338.jpg 600w, https:\/\/devaharmony.com\/de\/wp-content\/uploads\/2021\/04\/Jivagram-768x432.jpg 768w, https:\/\/devaharmony.com\/de\/wp-content\/uploads\/2021\/04\/Jivagram-1536x864.jpg 1536w, https:\/\/devaharmony.com\/de\/wp-content\/uploads\/2021\/04\/Jivagram.jpg 1920w\" sizes=\"(max-width: 1024px) 100vw, 1024px\" \/><\/figure>\n\n\n\n<p><strong>JIVAGRAM ist:<\/strong><\/p>\n\n\n\n<ul class=\"wp-block-list\"><li>Eine vollst\u00e4ndige Kombination von Heilwissenschaften, die es Ihnen erm\u00f6glichen, zum nat\u00fcrlichen Gleichgewicht von K\u00f6rper, Geist und Seele zur\u00fcckzukehren.<\/li><li>Betreuung durch qualifizierte Ayurveda-\u00c4rzte.<\/li><li>Ayunique\u2122-Ansatz* &#8211; Ayurvedische Behandlungen und Kr\u00e4uter, angepasst an den aktuellen Dosha-Zustand in Ihrem K\u00f6rper.<\/li><li>Sch\u00f6ne Zimmer, nat\u00fcrlich dekoriert f\u00fcr Ihren Komfort.<\/li><li>Mahlzeiten, die Ihre Zellen n\u00e4hren &#8211; Sie werden in die Welt der nahrhaften sattvischen K\u00fcche eintreten.<\/li><li>Jeden Tag Ruhe und mehr Ausgeglichenheit \u2013 das Ziel Ihres Aufenthaltes.<\/li><\/ul>\n\n\n\n<p>Wenn Sie Ihren K\u00f6rper und Geist beobachten und feststellen, dass Ihre Sinne einfach m\u00fcde sind, ist es Zeit, radikale Schritte zu unternehmen, um ihr Gleichgewicht wiederherzustellen &#8211; es ist Zeit, bei JIVAGRAM zu bleiben.<br>Wir helfen Ihnen gerne bei der Vorbereitung Ihrer Reise und unterst\u00fctzen Sie bei der Beschaffung eines medizinischen Visums.<\/p>\n\n\n\n<p><\/p>\n\n\n\n<p>Wenn Sie an Details interessiert sind, Fragen haben, kontaktieren Sie uns bitte: biuro@devaharmony.com, Telefon: 531 022 011<\/p>\n\n\n\n<p>*Der Ayunique\u2122-Ansatz, der von Jiva Ayurveda-\u00c4rzten verwendet wird, umfasst einen personalisierten Behandlungsansatz und die Auswahl authentischer ayurvedischer Kr\u00e4uter auf der Grundlage der Diagnose der Krankheitsursache, da jede Person einzigartig ist und daher die Behandlung ihrer Krankheit einzigartig sein muss. Ayunique\u2122 besteht in der Unterst\u00fctzung und Unterst\u00fctzung des Jiva-Teams w\u00e4hrend der Genesungsphase, indem es Ratschl\u00e4ge, Informationen und Wissen \u00fcber die Behandlung und Erhaltung der Gesundheit nach deren Abschluss bereitstellt. Medikamente werden durch individuelle Ern\u00e4hrungs- und Lebensstilanpassungen erg\u00e4nzt, die von Ayurveda-\u00c4rzten f\u00fcr die ganzheitliche Behandlung der Grundursache der Erkrankung entwickelt wurden.<\/p>\n","protected":false},"excerpt":{"rendered":"<p>Denken Sie daran, lieber Leser, wir sprechen hier von ganzheitlicher Heilung, wir \u00fcberlassen die Heilung denen, die sich mit der Heilung befassen. Aber wenn: Sie sind von einem gesundheitlichen Problem betroffen und suchen einen Weg, um wieder ins Gleichgewicht des K\u00f6rpers zu kommen, Sie planen, sich umfassend um Ihre Gesundheit und Ihr Wohlbefinden zu k\u00fcmmern, [&hellip;]<\/p>\n","protected":false},"author":2051,"featured_media":0,"parent":0,"menu_order":0,"comment_status":"open","ping_status":"open","template":"","meta":{"footnotes":""},"class_list":["post-31","page","type-page","status-publish","hentry"],"acf":[],"yoast_head":"<!-- This site is optimized with the Yoast SEO plugin v23.1 - https:\/\/yoast.com\/wordpress\/plugins\/seo\/ -->\n<title>Jivagram Faridabad Indien - Deva Harmony Polen<\/title>\n<meta name=\"robots\" content=\"index, follow, max-snippet:-1, max-image-preview:large, max-video-preview:-1\" \/>\n<link rel=\"canonical\" href=\"https:\/\/devaharmony.com\/de\/jivagram-faridabad-indien\/\" \/>\n<meta property=\"og:locale\" content=\"de_DE\" \/>\n<meta property=\"og:type\" content=\"article\" \/>\n<meta property=\"og:title\" content=\"Jivagram Faridabad Indien - Deva Harmony Polen\" \/>\n<meta property=\"og:description\" content=\"Denken Sie daran, lieber Leser, wir sprechen hier von ganzheitlicher Heilung, wir \u00fcberlassen die Heilung denen, die sich mit der Heilung befassen. Aber wenn: Sie sind von einem gesundheitlichen Problem betroffen und suchen einen Weg, um wieder ins Gleichgewicht des K\u00f6rpers zu kommen, Sie planen, sich umfassend um Ihre Gesundheit und Ihr Wohlbefinden zu k\u00fcmmern, [&hellip;]\" \/>\n<meta property=\"og:url\" content=\"https:\/\/devaharmony.com\/de\/jivagram-faridabad-indien\/\" \/>\n<meta property=\"og:site_name\" content=\"Deva Harmony Polen\" \/>\n<meta property=\"article:modified_time\" content=\"2023-09-04T10:34:24+00:00\" \/>\n<meta property=\"og:image\" content=\"https:\/\/devatest.efficientweb.com.pl\/de\/wp-content\/uploads\/sites\/4\/2021\/04\/Jivagram-1024x576.jpg\" \/>\n<meta name=\"twitter:card\" content=\"summary_large_image\" \/>\n<meta name=\"twitter:label1\" content=\"Gesch\u00e4tzte Lesezeit\" \/>\n\t<meta name=\"twitter:data1\" content=\"2\u00a0Minuten\" \/>\n<script type=\"application\/ld+json\" class=\"yoast-schema-graph\">{\"@context\":\"https:\/\/schema.org\",\"@graph\":[{\"@type\":\"WebPage\",\"@id\":\"https:\/\/devaharmony.com\/de\/jivagram-faridabad-indien\/\",\"url\":\"https:\/\/devaharmony.com\/de\/jivagram-faridabad-indien\/\",\"name\":\"Jivagram Faridabad Indien - Deva Harmony Polen\",\"isPartOf\":{\"@id\":\"https:\/\/devaharmony.com\/de\/#website\"},\"primaryImageOfPage\":{\"@id\":\"https:\/\/devaharmony.com\/de\/jivagram-faridabad-indien\/#primaryimage\"},\"image\":{\"@id\":\"https:\/\/devaharmony.com\/de\/jivagram-faridabad-indien\/#primaryimage\"},\"thumbnailUrl\":\"https:\/\/devatest.efficientweb.com.pl\/de\/wp-content\/uploads\/sites\/4\/2021\/04\/Jivagram-1024x576.jpg\",\"datePublished\":\"2023-07-19T09:45:57+00:00\",\"dateModified\":\"2023-09-04T10:34:24+00:00\",\"breadcrumb\":{\"@id\":\"https:\/\/devaharmony.com\/de\/jivagram-faridabad-indien\/#breadcrumb\"},\"inLanguage\":\"de\",\"potentialAction\":[{\"@type\":\"ReadAction\",\"target\":[\"https:\/\/devaharmony.com\/de\/jivagram-faridabad-indien\/\"]}]},{\"@type\":\"ImageObject\",\"inLanguage\":\"de\",\"@id\":\"https:\/\/devaharmony.com\/de\/jivagram-faridabad-indien\/#primaryimage\",\"url\":\"https:\/\/devatest.efficientweb.com.pl\/de\/wp-content\/uploads\/sites\/4\/2021\/04\/Jivagram-1024x576.jpg\",\"contentUrl\":\"https:\/\/devatest.efficientweb.com.pl\/de\/wp-content\/uploads\/sites\/4\/2021\/04\/Jivagram-1024x576.jpg\"},{\"@type\":\"BreadcrumbList\",\"@id\":\"https:\/\/devaharmony.com\/de\/jivagram-faridabad-indien\/#breadcrumb\",\"itemListElement\":[{\"@type\":\"ListItem\",\"position\":1,\"name\":\"Home\",\"item\":\"https:\/\/devaharmony.com\/de\/\"},{\"@type\":\"ListItem\",\"position\":2,\"name\":\"Jivagram Faridabad Indien\"}]},{\"@type\":\"WebSite\",\"@id\":\"https:\/\/devaharmony.com\/de\/#website\",\"url\":\"https:\/\/devaharmony.com\/de\/\",\"name\":\"Deva Harmony Polen\",\"description\":\"Ayurvedische Nahrungserg\u00e4nzungsmittel\",\"potentialAction\":[{\"@type\":\"SearchAction\",\"target\":{\"@type\":\"EntryPoint\",\"urlTemplate\":\"https:\/\/devaharmony.com\/de\/?s={search_term_string}\"},\"query-input\":\"required name=search_term_string\"}],\"inLanguage\":\"de\"}]}<\/script>\n<!-- \/ Yoast SEO plugin. -->","yoast_head_json":{"title":"Jivagram Faridabad Indien - Deva Harmony Polen","robots":{"index":"index","follow":"follow","max-snippet":"max-snippet:-1","max-image-preview":"max-image-preview:large","max-video-preview":"max-video-preview:-1"},"canonical":"https:\/\/devaharmony.com\/de\/jivagram-faridabad-indien\/","og_locale":"de_DE","og_type":"article","og_title":"Jivagram Faridabad Indien - Deva Harmony Polen","og_description":"Denken Sie daran, lieber Leser, wir sprechen hier von ganzheitlicher Heilung, wir \u00fcberlassen die Heilung denen, die sich mit der Heilung befassen. Aber wenn: Sie sind von einem gesundheitlichen Problem betroffen und suchen einen Weg, um wieder ins Gleichgewicht des K\u00f6rpers zu kommen, Sie planen, sich umfassend um Ihre Gesundheit und Ihr Wohlbefinden zu k\u00fcmmern, [&hellip;]","og_url":"https:\/\/devaharmony.com\/de\/jivagram-faridabad-indien\/","og_site_name":"Deva Harmony Polen","article_modified_time":"2023-09-04T10:34:24+00:00","og_image":[{"url":"https:\/\/devatest.efficientweb.com.pl\/de\/wp-content\/uploads\/sites\/4\/2021\/04\/Jivagram-1024x576.jpg"}],"twitter_card":"summary_large_image","twitter_misc":{"Gesch\u00e4tzte Lesezeit":"2\u00a0Minuten"},"schema":{"@context":"https:\/\/schema.org","@graph":[{"@type":"WebPage","@id":"https:\/\/devaharmony.com\/de\/jivagram-faridabad-indien\/","url":"https:\/\/devaharmony.com\/de\/jivagram-faridabad-indien\/","name":"Jivagram Faridabad Indien - Deva Harmony Polen","isPartOf":{"@id":"https:\/\/devaharmony.com\/de\/#website"},"primaryImageOfPage":{"@id":"https:\/\/devaharmony.com\/de\/jivagram-faridabad-indien\/#primaryimage"},"image":{"@id":"https:\/\/devaharmony.com\/de\/jivagram-faridabad-indien\/#primaryimage"},"thumbnailUrl":"https:\/\/devatest.efficientweb.com.pl\/de\/wp-content\/uploads\/sites\/4\/2021\/04\/Jivagram-1024x576.jpg","datePublished":"2023-07-19T09:45:57+00:00","dateModified":"2023-09-04T10:34:24+00:00","breadcrumb":{"@id":"https:\/\/devaharmony.com\/de\/jivagram-faridabad-indien\/#breadcrumb"},"inLanguage":"de","potentialAction":[{"@type":"ReadAction","target":["https:\/\/devaharmony.com\/de\/jivagram-faridabad-indien\/"]}]},{"@type":"ImageObject","inLanguage":"de","@id":"https:\/\/devaharmony.com\/de\/jivagram-faridabad-indien\/#primaryimage","url":"https:\/\/devatest.efficientweb.com.pl\/de\/wp-content\/uploads\/sites\/4\/2021\/04\/Jivagram-1024x576.jpg","contentUrl":"https:\/\/devatest.efficientweb.com.pl\/de\/wp-content\/uploads\/sites\/4\/2021\/04\/Jivagram-1024x576.jpg"},{"@type":"BreadcrumbList","@id":"https:\/\/devaharmony.com\/de\/jivagram-faridabad-indien\/#breadcrumb","itemListElement":[{"@type":"ListItem","position":1,"name":"Home","item":"https:\/\/devaharmony.com\/de\/"},{"@type":"ListItem","position":2,"name":"Jivagram Faridabad Indien"}]},{"@type":"WebSite","@id":"https:\/\/devaharmony.com\/de\/#website","url":"https:\/\/devaharmony.com\/de\/","name":"Deva Harmony Polen","description":"Ayurvedische Nahrungserg\u00e4nzungsmittel","potentialAction":[{"@type":"SearchAction","target":{"@type":"EntryPoint","urlTemplate":"https:\/\/devaharmony.com\/de\/?s={search_term_string}"},"query-input":"required name=search_term_string"}],"inLanguage":"de"}]}},"_links":{"self":[{"href":"https:\/\/devaharmony.com\/de\/wp-json\/wp\/v2\/pages\/31"}],"collection":[{"href":"https:\/\/devaharmony.com\/de\/wp-json\/wp\/v2\/pages"}],"about":[{"href":"https:\/\/devaharmony.com\/de\/wp-json\/wp\/v2\/types\/page"}],"author":[{"embeddable":true,"href":"https:\/\/devaharmony.com\/de\/wp-json\/wp\/v2\/users\/2051"}],"replies":[{"embeddable":true,"href":"https:\/\/devaharmony.com\/de\/wp-json\/wp\/v2\/comments?post=31"}],"version-history":[{"count":14,"href":"https:\/\/devaharmony.com\/de\/wp-json\/wp\/v2\/pages\/31\/revisions"}],"predecessor-version":[{"id":22017,"href":"https:\/\/devaharmony.com\/de\/wp-json\/wp\/v2\/pages\/31\/revisions\/22017"}],"wp:attachment":[{"href":"https:\/\/devaharmony.com\/de\/wp-json\/wp\/v2\/media?parent=31"}],"curies":[{"name":"wp","href":"https:\/\/api.w.org\/{rel}","templated":true}]}}