{"id":3007,"date":"2023-07-19T10:46:06","date_gmt":"2023-07-19T09:46:06","guid":{"rendered":"https:\/\/devaharmony.com\/de\/?page_id=3007"},"modified":"2023-07-20T13:20:13","modified_gmt":"2023-07-20T12:20:13","slug":"unser-team","status":"publish","type":"page","link":"https:\/\/devaharmony.com\/de\/unser-team\/","title":{"rendered":"Unser Team"},"content":{"rendered":"\n<pre class=\"wp-block-preformatted\"><\/pre>\n\n\n\n<h2 class=\"wp-block-heading\">Grzegorz Ludera<\/h2>\n\n\n\n<h4 class=\"has-text-color wp-block-heading\" style=\"color:#7ec676\">Mitinhaber, Gesch\u00e4ftsf\u00fchrer<\/h4>\n\n\n\n<p><\/p>\n\n\n\n<figure class=\"wp-block-image size-full\"><img fetchpriority=\"high\" decoding=\"async\" width=\"260\" height=\"260\" src=\"https:\/\/devatest.efficientweb.com.pl\/de\/wp-content\/uploads\/sites\/4\/2022\/01\/GrzegorzLudera.jpg\" alt=\"\" class=\"wp-image-4301\" srcset=\"https:\/\/devaharmony.com\/de\/wp-content\/uploads\/2022\/01\/GrzegorzLudera.jpg 260w, https:\/\/devaharmony.com\/de\/wp-content\/uploads\/2022\/01\/GrzegorzLudera-100x100.jpg 100w, https:\/\/devaharmony.com\/de\/wp-content\/uploads\/2022\/01\/GrzegorzLudera-150x150.jpg 150w\" sizes=\"(max-width: 260px) 100vw, 260px\" \/><\/figure>\n\n\n\n<p><\/p>\n\n\n\n<p>Ich bin Unternehmer seit 1996.<\/p>\n\n\n\n<p>Seit 15 Jahren bin ich ein Liebhaber der \u00f6stlichen Medizinkulturen: Ayurveda und Traditioneller Chinesische Medizin. Autodidakt auf dem Gebiet der Akupressur. Ich habe einen Abschluss 2. Grades vom Jiva Institute Faridabad &#8211; Indien. Ich bin Anh\u00e4nger eines gesunden und bewussten Lebensstils. Meine Leidenschaft gilt der Verhaltenspsychologie, der holistischen Psychologie, der Esoterik und der Erh\u00f6hung des Bewusstseins.<\/p>\n\n\n\n<p>n der Vergangenheit habe ich Soziologie studiert, au\u00dferdem bin ich Absolvent der juristischen Fakult\u00e4t der Hochschule f\u00fcr Recht und Verwaltung in Rzesz\u00f3w. Privat interessiere ich mich f\u00fcr Luftfahrt und Gleitschirmfliegen, bin ein aktives Mitglied des Aeroklubs Rzesz\u00f3w.<\/p>\n\n\n\n<p>Derzeit bin ich Mitinhaber der Kanzlei Codex in Rzesz\u00f3w, die sich auf Entsch\u00e4digungen spezialisiert und der Firma Deva Harmony Ltd. Sp.k., die sich mit der Verbreitung von Wissen \u00fcber Gesundheit und dem Vertrieb von nat\u00fcrlichen Nahrungserg\u00e4nzungsmitteln und ayurvedischen Kosmetika befasst<\/p>\n\n\n\n<h2 class=\"wp-block-heading\">Bartosz Ludera<\/h2>\n\n\n\n<h4 class=\"has-text-color wp-block-heading\" style=\"color:#7ec676\">Co-owner, 2nd degree Ayurvedic consultant<\/h4>\n\n\n\n<p><\/p>\n\n\n\n<figure class=\"wp-block-image size-full\"><img decoding=\"async\" width=\"260\" height=\"260\" src=\"https:\/\/devatest.efficientweb.com.pl\/de\/wp-content\/uploads\/sites\/4\/2022\/01\/BartoszLudera.jpg\" alt=\"\" class=\"wp-image-4304\" srcset=\"https:\/\/devaharmony.com\/de\/wp-content\/uploads\/2022\/01\/BartoszLudera.jpg 260w, https:\/\/devaharmony.com\/de\/wp-content\/uploads\/2022\/01\/BartoszLudera-100x100.jpg 100w, https:\/\/devaharmony.com\/de\/wp-content\/uploads\/2022\/01\/BartoszLudera-150x150.jpg 150w\" sizes=\"(max-width: 260px) 100vw, 260px\" \/><\/figure>\n\n\n\n<p><\/p>\n\n\n\n<p>Mein Name ist Bartosz Ludera, ich bin Mitinhaber von DEVA Harmony und Ayurveda-Berater 2. Grades.<\/p>\n\n\n\n<p>Ich habe Psychologie mit klinischer Spezialisierung studiert. Ich besch\u00e4ftige mich der Entwicklung des Bewusstseins f\u00fcr das Leben und die Gesundheit.<\/p>\n\n\n\n<p>Ich bin ein ehemaliger Repr\u00e4sentant Polens in der Sportakrobatik und ein Liebhaber des Lebens.<br>Ich bin fasziniert von Ayurveda, \u00f6stlicher Kultur, vedischer und westlicher Astrologie, Meditation und Arbeit mit Energie.<br>Hobbym\u00e4\u00dfig interessiere ich mich f\u00fcr Reisen, Sport, Musik und Luftfahrt<\/p>\n\n\n\n<p><\/p>\n\n\n\n<h2 class=\"wp-block-heading\">Agnieszka Za\u0144czak-Ludera<\/h2>\n\n\n\n<h4 class=\"has-text-color wp-block-heading\" style=\"color:#7ec676\">Abteilung Personal und Finanzen<\/h4>\n\n\n\n<p><\/p>\n\n\n\n<figure class=\"wp-block-image size-full\"><img decoding=\"async\" src=\"https:\/\/devatest.efficientweb.com.pl\/de\/wp-content\/uploads\/sites\/4\/2023\/02\/Agnieszka-Zanczak-Ludera.png\" alt=\"\" class=\"wp-image-8461\"\/><\/figure>\n\n\n\n<p><\/p>\n\n\n\n<p>Bei Deva Harmony bin ich f\u00fcr die Personal- und Finanzabteilung zust\u00e4ndig. Ich bin die Ehegattin und Mutter der Mitinhaber.<\/p>\n\n\n\n<p>Ich bin auch in der Rechtsbranche als CFO und Gesch\u00e4ftsf\u00fchrerin zweier Gesellschaften t\u00e4tig.<br>Ich verf\u00fcge \u00fcber langj\u00e4hrige F\u00fchrungserfahrung.<br>In meiner beruflichen Laufbahn habe ich zahlreiche Kurse und Schulungen im Bereich Finanzen sowie Psychologie und zwischenmenschliche Kommunikation absolviert. Ich bin zertifizierter ICI-Coach und Practitioner in der Art of NLP.<br>Ich habe ein Studium an der Fakult\u00e4t f\u00fcr Bau- und Umweltingenieurwesen der Technischen Universit\u00e4t Rzesz\u00f3w abgeschlossen.<\/p>\n\n\n\n<p>Privat interessiere ich mich f\u00fcr \u00f6stliche Kultur und Medizin, insbesondere Ayurveda.<br>Ich habe gro\u00dfe Freude am Reisen, Yoga und Tai Chi.<br>Neben der Erkundung der Welt und dem Kennenlernen verschiedener Kulturen geh\u00f6ren auch Psychologie und Coaching zu meinen Leidenschaften.<br>H\u00e4ufig lese ich B\u00fccher zu diesen Themen.<\/p>\n\n\n\n<p><\/p>\n\n\n\n<h2 class=\"wp-block-heading\">Janusz Ludera<\/h2>\n\n\n\n<h4 class=\"has-text-color wp-block-heading\" style=\"color:#7ec676\">Vertrieb und Bestellungsabwicklung, Betreuung des Online-Shops<\/h4>\n\n\n\n<p><\/p>\n\n\n\n<figure class=\"wp-block-image size-full\"><img decoding=\"async\" width=\"260\" height=\"260\" src=\"https:\/\/devatest.efficientweb.com.pl\/de\/wp-content\/uploads\/sites\/4\/2021\/12\/JanuszLudera.jpg\" alt=\"\" class=\"wp-image-3600\" srcset=\"https:\/\/devaharmony.com\/de\/wp-content\/uploads\/2021\/12\/JanuszLudera.jpg 260w, https:\/\/devaharmony.com\/de\/wp-content\/uploads\/2021\/12\/JanuszLudera-100x100.jpg 100w, https:\/\/devaharmony.com\/de\/wp-content\/uploads\/2021\/12\/JanuszLudera-150x150.jpg 150w\" sizes=\"(max-width: 260px) 100vw, 260px\" \/><\/figure>\n\n\n\n<p><\/p>\n\n\n\n<p>Bei Deva Harmony arbeite ich in der Serviceabteilung und bin f\u00fcr die Bearbeitung von eingehenden Bestellungen und Fragen zu unseren Produkten zust\u00e4ndig.<\/p>\n\n\n\n<p>Ich empfehle die Produkte von JIVA, die ich pers\u00f6nlich benutze und die mir helfen<\/p>\n\n\n\n<p>Ayurveda ist heute keine Alternative mehr, sondern ein oberstes Gebot.<\/p>\n\n\n\n<p><\/p>\n\n\n\n<h2 class=\"wp-block-heading\">Anna Stopyra<\/h2>\n\n\n\n<h4 class=\"has-text-color wp-block-heading\" style=\"color:#7ec676\">Vertrieb und Bestellungsabwicklung, Betreuung des Online-Shops<\/h4>\n\n\n\n<p><\/p>\n\n\n\n<figure class=\"wp-block-image size-large\"><img loading=\"lazy\" decoding=\"async\" width=\"260\" height=\"260\" src=\"https:\/\/devatest.efficientweb.com.pl\/de\/wp-content\/uploads\/sites\/4\/2021\/11\/anna-stopyra.png\" alt=\"\" class=\"wp-image-3010\" srcset=\"https:\/\/devaharmony.com\/de\/wp-content\/uploads\/2021\/11\/anna-stopyra.png 260w, https:\/\/devaharmony.com\/de\/wp-content\/uploads\/2021\/11\/anna-stopyra-100x100.png 100w, https:\/\/devaharmony.com\/de\/wp-content\/uploads\/2021\/11\/anna-stopyra-150x150.png 150w\" sizes=\"(max-width: 260px) 100vw, 260px\" \/><\/figure>\n\n\n\n<p><\/p>\n\n\n\n<p>Dank Deva Harmony habe ich Ayurveda entdeckt, und obwohl ich gerade erst meine ersten Schritte auf dem Weg zur Harmonie mache, stelle ich immer wieder fest, wie kraftvoll es ist und wie wohltuend es sich auf unser &#8220;t\u00e4gliches Leben&#8221; auswirkt.<\/p>\n\n\n\n<p>Ich betreue den Online-Shop und die Kunden, die sich mit uns per Telefon, E-Mail und Chat in Verbindung setzen.<\/p>\n\n\n\n<p><\/p>\n","protected":false},"excerpt":{"rendered":"<p>Grzegorz Ludera Mitinhaber, Gesch\u00e4ftsf\u00fchrer Ich bin Unternehmer seit 1996. Seit 15 Jahren bin ich ein Liebhaber der \u00f6stlichen Medizinkulturen: Ayurveda und Traditioneller Chinesische Medizin. Autodidakt auf dem Gebiet der Akupressur. Ich habe einen Abschluss 2. Grades vom Jiva Institute Faridabad &#8211; Indien. Ich bin Anh\u00e4nger eines gesunden und bewussten Lebensstils. Meine Leidenschaft gilt der Verhaltenspsychologie, [&hellip;]<\/p>\n","protected":false},"author":2051,"featured_media":0,"parent":0,"menu_order":0,"comment_status":"open","ping_status":"open","template":"","meta":{"footnotes":""},"class_list":["post-3007","page","type-page","status-publish","hentry"],"acf":[],"yoast_head":"<!-- This site is optimized with the Yoast SEO plugin v23.1 - https:\/\/yoast.com\/wordpress\/plugins\/seo\/ -->\n<title>Unser Team - Deva Harmony Polen<\/title>\n<meta name=\"robots\" content=\"index, follow, max-snippet:-1, max-image-preview:large, max-video-preview:-1\" \/>\n<link rel=\"canonical\" href=\"https:\/\/devaharmony.com\/de\/unser-team\/\" \/>\n<meta property=\"og:locale\" content=\"de_DE\" \/>\n<meta property=\"og:type\" content=\"article\" \/>\n<meta property=\"og:title\" content=\"Unser Team - Deva Harmony Polen\" \/>\n<meta property=\"og:description\" content=\"Grzegorz Ludera Mitinhaber, Gesch\u00e4ftsf\u00fchrer Ich bin Unternehmer seit 1996. Seit 15 Jahren bin ich ein Liebhaber der \u00f6stlichen Medizinkulturen: Ayurveda und Traditioneller Chinesische Medizin. Autodidakt auf dem Gebiet der Akupressur. Ich habe einen Abschluss 2. Grades vom Jiva Institute Faridabad &#8211; Indien. Ich bin Anh\u00e4nger eines gesunden und bewussten Lebensstils. Meine Leidenschaft gilt der Verhaltenspsychologie, [&hellip;]\" \/>\n<meta property=\"og:url\" content=\"https:\/\/devaharmony.com\/de\/unser-team\/\" \/>\n<meta property=\"og:site_name\" content=\"Deva Harmony Polen\" \/>\n<meta property=\"article:modified_time\" content=\"2023-07-20T12:20:13+00:00\" \/>\n<meta property=\"og:image\" content=\"https:\/\/devatest.efficientweb.com.pl\/de\/wp-content\/uploads\/sites\/4\/2022\/01\/GrzegorzLudera.jpg\" \/>\n<meta name=\"twitter:card\" content=\"summary_large_image\" \/>\n<meta name=\"twitter:label1\" content=\"Gesch\u00e4tzte Lesezeit\" \/>\n\t<meta name=\"twitter:data1\" content=\"4\u00a0Minuten\" \/>\n<script type=\"application\/ld+json\" class=\"yoast-schema-graph\">{\"@context\":\"https:\/\/schema.org\",\"@graph\":[{\"@type\":\"WebPage\",\"@id\":\"https:\/\/devaharmony.com\/de\/unser-team\/\",\"url\":\"https:\/\/devaharmony.com\/de\/unser-team\/\",\"name\":\"Unser Team - Deva Harmony Polen\",\"isPartOf\":{\"@id\":\"https:\/\/devaharmony.com\/de\/#website\"},\"primaryImageOfPage\":{\"@id\":\"https:\/\/devaharmony.com\/de\/unser-team\/#primaryimage\"},\"image\":{\"@id\":\"https:\/\/devaharmony.com\/de\/unser-team\/#primaryimage\"},\"thumbnailUrl\":\"https:\/\/devatest.efficientweb.com.pl\/de\/wp-content\/uploads\/sites\/4\/2022\/01\/GrzegorzLudera.jpg\",\"datePublished\":\"2023-07-19T09:46:06+00:00\",\"dateModified\":\"2023-07-20T12:20:13+00:00\",\"breadcrumb\":{\"@id\":\"https:\/\/devaharmony.com\/de\/unser-team\/#breadcrumb\"},\"inLanguage\":\"de\",\"potentialAction\":[{\"@type\":\"ReadAction\",\"target\":[\"https:\/\/devaharmony.com\/de\/unser-team\/\"]}]},{\"@type\":\"ImageObject\",\"inLanguage\":\"de\",\"@id\":\"https:\/\/devaharmony.com\/de\/unser-team\/#primaryimage\",\"url\":\"https:\/\/devatest.efficientweb.com.pl\/de\/wp-content\/uploads\/sites\/4\/2022\/01\/GrzegorzLudera.jpg\",\"contentUrl\":\"https:\/\/devatest.efficientweb.com.pl\/de\/wp-content\/uploads\/sites\/4\/2022\/01\/GrzegorzLudera.jpg\"},{\"@type\":\"BreadcrumbList\",\"@id\":\"https:\/\/devaharmony.com\/de\/unser-team\/#breadcrumb\",\"itemListElement\":[{\"@type\":\"ListItem\",\"position\":1,\"name\":\"Home\",\"item\":\"https:\/\/devaharmony.com\/de\/\"},{\"@type\":\"ListItem\",\"position\":2,\"name\":\"Unser Team\"}]},{\"@type\":\"WebSite\",\"@id\":\"https:\/\/devaharmony.com\/de\/#website\",\"url\":\"https:\/\/devaharmony.com\/de\/\",\"name\":\"Deva Harmony Polen\",\"description\":\"Ayurvedische Nahrungserg\u00e4nzungsmittel\",\"potentialAction\":[{\"@type\":\"SearchAction\",\"target\":{\"@type\":\"EntryPoint\",\"urlTemplate\":\"https:\/\/devaharmony.com\/de\/?s={search_term_string}\"},\"query-input\":\"required name=search_term_string\"}],\"inLanguage\":\"de\"}]}<\/script>\n<!-- \/ Yoast SEO plugin. -->","yoast_head_json":{"title":"Unser Team - Deva Harmony Polen","robots":{"index":"index","follow":"follow","max-snippet":"max-snippet:-1","max-image-preview":"max-image-preview:large","max-video-preview":"max-video-preview:-1"},"canonical":"https:\/\/devaharmony.com\/de\/unser-team\/","og_locale":"de_DE","og_type":"article","og_title":"Unser Team - Deva Harmony Polen","og_description":"Grzegorz Ludera Mitinhaber, Gesch\u00e4ftsf\u00fchrer Ich bin Unternehmer seit 1996. Seit 15 Jahren bin ich ein Liebhaber der \u00f6stlichen Medizinkulturen: Ayurveda und Traditioneller Chinesische Medizin. Autodidakt auf dem Gebiet der Akupressur. Ich habe einen Abschluss 2. Grades vom Jiva Institute Faridabad &#8211; Indien. Ich bin Anh\u00e4nger eines gesunden und bewussten Lebensstils. Meine Leidenschaft gilt der Verhaltenspsychologie, [&hellip;]","og_url":"https:\/\/devaharmony.com\/de\/unser-team\/","og_site_name":"Deva Harmony Polen","article_modified_time":"2023-07-20T12:20:13+00:00","og_image":[{"url":"https:\/\/devatest.efficientweb.com.pl\/de\/wp-content\/uploads\/sites\/4\/2022\/01\/GrzegorzLudera.jpg"}],"twitter_card":"summary_large_image","twitter_misc":{"Gesch\u00e4tzte Lesezeit":"4\u00a0Minuten"},"schema":{"@context":"https:\/\/schema.org","@graph":[{"@type":"WebPage","@id":"https:\/\/devaharmony.com\/de\/unser-team\/","url":"https:\/\/devaharmony.com\/de\/unser-team\/","name":"Unser Team - Deva Harmony Polen","isPartOf":{"@id":"https:\/\/devaharmony.com\/de\/#website"},"primaryImageOfPage":{"@id":"https:\/\/devaharmony.com\/de\/unser-team\/#primaryimage"},"image":{"@id":"https:\/\/devaharmony.com\/de\/unser-team\/#primaryimage"},"thumbnailUrl":"https:\/\/devatest.efficientweb.com.pl\/de\/wp-content\/uploads\/sites\/4\/2022\/01\/GrzegorzLudera.jpg","datePublished":"2023-07-19T09:46:06+00:00","dateModified":"2023-07-20T12:20:13+00:00","breadcrumb":{"@id":"https:\/\/devaharmony.com\/de\/unser-team\/#breadcrumb"},"inLanguage":"de","potentialAction":[{"@type":"ReadAction","target":["https:\/\/devaharmony.com\/de\/unser-team\/"]}]},{"@type":"ImageObject","inLanguage":"de","@id":"https:\/\/devaharmony.com\/de\/unser-team\/#primaryimage","url":"https:\/\/devatest.efficientweb.com.pl\/de\/wp-content\/uploads\/sites\/4\/2022\/01\/GrzegorzLudera.jpg","contentUrl":"https:\/\/devatest.efficientweb.com.pl\/de\/wp-content\/uploads\/sites\/4\/2022\/01\/GrzegorzLudera.jpg"},{"@type":"BreadcrumbList","@id":"https:\/\/devaharmony.com\/de\/unser-team\/#breadcrumb","itemListElement":[{"@type":"ListItem","position":1,"name":"Home","item":"https:\/\/devaharmony.com\/de\/"},{"@type":"ListItem","position":2,"name":"Unser Team"}]},{"@type":"WebSite","@id":"https:\/\/devaharmony.com\/de\/#website","url":"https:\/\/devaharmony.com\/de\/","name":"Deva Harmony Polen","description":"Ayurvedische Nahrungserg\u00e4nzungsmittel","potentialAction":[{"@type":"SearchAction","target":{"@type":"EntryPoint","urlTemplate":"https:\/\/devaharmony.com\/de\/?s={search_term_string}"},"query-input":"required name=search_term_string"}],"inLanguage":"de"}]}},"_links":{"self":[{"href":"https:\/\/devaharmony.com\/de\/wp-json\/wp\/v2\/pages\/3007"}],"collection":[{"href":"https:\/\/devaharmony.com\/de\/wp-json\/wp\/v2\/pages"}],"about":[{"href":"https:\/\/devaharmony.com\/de\/wp-json\/wp\/v2\/types\/page"}],"author":[{"embeddable":true,"href":"https:\/\/devaharmony.com\/de\/wp-json\/wp\/v2\/users\/2051"}],"replies":[{"embeddable":true,"href":"https:\/\/devaharmony.com\/de\/wp-json\/wp\/v2\/comments?post=3007"}],"version-history":[{"count":67,"href":"https:\/\/devaharmony.com\/de\/wp-json\/wp\/v2\/pages\/3007\/revisions"}],"predecessor-version":[{"id":21240,"href":"https:\/\/devaharmony.com\/de\/wp-json\/wp\/v2\/pages\/3007\/revisions\/21240"}],"wp:attachment":[{"href":"https:\/\/devaharmony.com\/de\/wp-json\/wp\/v2\/media?parent=3007"}],"curies":[{"name":"wp","href":"https:\/\/api.w.org\/{rel}","templated":true}]}}