{"id":2935,"date":"2023-07-19T10:46:06","date_gmt":"2023-07-19T09:46:06","guid":{"rendered":"https:\/\/devaharmony.com\/de\/?page_id=2935"},"modified":"2023-07-20T13:19:24","modified_gmt":"2023-07-20T12:19:24","slug":"unsere-ayurvedische-hauptberaterin","status":"publish","type":"page","link":"https:\/\/devaharmony.com\/de\/unsere-ayurvedische-hauptberaterin\/","title":{"rendered":"Unsere ayurvedische Hauptberaterin"},"content":{"rendered":"<p><span style=\"font-size: medium\"><span lang=\"en\">Wir freuen uns, Ihnen das Profil von Frau El\u017cbieta \u017buk-Widma\u0144ska vorzustellen, die den Titel Ayurveda-Beraterin am Jiva Faridabad Institut erworben hat und ihre ayurvedische Ausbildung von Dr. Partap Chauchan erhalten hat.<\/span><\/span><\/p>\n<pre> <\/pre>\n\n\n<p class=\"has-text-align-left has-text-color\" style=\"color:#7ec676;font-size:30px\"><strong>El\u017cbieta \u017buk &#8211; Widma\u0144ska<\/strong><\/p>\n\n\n\n<p>Mit Ayurveda besch\u00e4ftige ich mich seit 2004. Ich habe mein Wissen dar\u00fcber direkt am Jiva Ayurveda Institut in Indien erworben. Mein Lehrer war der ber\u00fchmte Dr. Partapa Chauhan. Ich folgte der holistischen Lehre und erg\u00e4nzte nat\u00fcrlich meine Ausbildung mit Kursen in ayurvedischer Massage an der School of Ayurveda and Panchacarma in Kanoor. Ich habe das Online-Portal Ayurveda.co.uk gegr\u00fcndet. Ich habe ebenfalls das Buch von Dr. Partap Chauhan &#8220;Ayurveda how to take care of yourself and be healthy&#8221; aus dem Englischen ins Polnische \u00fcbersetzt.<br>Heute lehre ich Ayurveda. Ich f\u00fchre Schulungen und Kurse \u00fcber Ayurveda-Behandlungen und Kochen nach Ayurveda-Prinzipien in Warschau, Posen, Stettin und Elk durch. Ich unterrichte Ayurveda in der Integralen Yogalehrerausbildung in der Schule Yoga &#8211; Yoga.pl und organisiere f\u00fcr Interessierte Reisen zu den Ayurveda-Kursen in Indien, zum Jiva Ayurveda Institut. T\u00e4glich besuche ich die Ayurveda-Klinik in \u0141omianki. Basierend auf dem Wissen von Ayurveda lehre ich, wie man in Harmonie mit sich selbst leben kann, wie man sich ern\u00e4hrt, um K\u00f6rper und Geist zu heilen und jeden Tag genie\u00dfen zu k\u00f6nnen.<\/p>\n\n\n\n<p class=\"has-text-align-left\">Ich habe Ayurveda-Workshops und -Vorf\u00fchrungen u. a. bei den LNE-Kosmetikkongressen in Krakau und dem Progesteron-Festival in Lodz, Breslau und Warschau mitorganisiert. Auf dem Massage-Festival in Danzig habe ich Schulungen zur ayurvedischen Massage gef\u00fchrt. Ich leite Ayurveda-Workshops f\u00fcr Alcha &#8211; Zentrum f\u00fcr pers\u00f6nliche Entwicklung.<\/p>\n\n\n\n<p>Meine Leidenschaft ist die vedische Philosophie, die ich unter der Anleitung eines herausragenden Spezialisten auf diesem Gebiet, Dr. Satanarayna Dasa vom Jiva Institute of Vedic Studies, erlerne.<\/p>\n\n\n\n<p>Das ayurvedische Wissen ist unverg\u00e4nglich, und die Menschen profitieren seit Tausenden von Jahren von seinen Vorteilen. Ich glaube, dass wir in Gesundheit, Frieden und Liebe leben k\u00f6nnen, wenn wir seine Grunds\u00e4tze befolgen, und das ist es, was jeder von uns will.<\/p>\n\n\n\n<p class=\"has-text-align-left\"><\/p>\n\n\n\n<p class=\"has-text-align-left\"><\/p>\n\n\n\n<p class=\"has-text-align-center\"> <\/p>\n\n\n\n<div class=\"wp-block-image\"><figure class=\"aligncenter size-large\"><img fetchpriority=\"high\" decoding=\"async\" width=\"342\" height=\"512\" src=\"https:\/\/devatest.efficientweb.com.pl\/de\/wp-content\/uploads\/sites\/4\/2021\/12\/rsz_1zuk-widmanska_-684x1024-1.jpg\" alt=\"\" class=\"wp-image-3481\" srcset=\"https:\/\/devaharmony.com\/de\/wp-content\/uploads\/2021\/12\/rsz_1zuk-widmanska_-684x1024-1.jpg 342w, https:\/\/devaharmony.com\/de\/wp-content\/uploads\/2021\/12\/rsz_1zuk-widmanska_-684x1024-1-300x449.jpg 300w, https:\/\/devaharmony.com\/de\/wp-content\/uploads\/2021\/12\/rsz_1zuk-widmanska_-684x1024-1-200x300.jpg 200w\" sizes=\"(max-width: 342px) 100vw, 342px\" \/><figcaption>     <em>El\u017cbieta \u017buk-Widma\u0144ska<\/em><\/figcaption><\/figure><\/div>\n","protected":false},"excerpt":{"rendered":"<p>Wir freuen uns, Ihnen das Profil von Frau El\u017cbieta \u017buk-Widma\u0144ska vorzustellen, die den Titel Ayurveda-Beraterin am Jiva Faridabad Institut erworben hat und ihre ayurvedische Ausbildung von Dr. Partap Chauchan erhalten hat. El\u017cbieta \u017buk &#8211; Widma\u0144ska Mit Ayurveda besch\u00e4ftige ich mich seit 2004. Ich habe mein Wissen dar\u00fcber direkt am Jiva Ayurveda Institut in Indien erworben. [&hellip;]<\/p>\n","protected":false},"author":2051,"featured_media":0,"parent":0,"menu_order":0,"comment_status":"open","ping_status":"open","template":"","meta":{"footnotes":""},"class_list":["post-2935","page","type-page","status-publish","hentry"],"acf":[],"yoast_head":"<!-- This site is optimized with the Yoast SEO plugin v23.1 - https:\/\/yoast.com\/wordpress\/plugins\/seo\/ -->\n<title>Unsere ayurvedische Hauptberaterin - Deva Harmony Polen<\/title>\n<meta name=\"robots\" content=\"index, follow, max-snippet:-1, max-image-preview:large, max-video-preview:-1\" \/>\n<link rel=\"canonical\" href=\"https:\/\/devaharmony.com\/de\/unsere-ayurvedische-hauptberaterin\/\" \/>\n<meta property=\"og:locale\" content=\"de_DE\" \/>\n<meta property=\"og:type\" content=\"article\" \/>\n<meta property=\"og:title\" content=\"Unsere ayurvedische Hauptberaterin - Deva Harmony Polen\" \/>\n<meta property=\"og:description\" content=\"Wir freuen uns, Ihnen das Profil von Frau El\u017cbieta \u017buk-Widma\u0144ska vorzustellen, die den Titel Ayurveda-Beraterin am Jiva Faridabad Institut erworben hat und ihre ayurvedische Ausbildung von Dr. Partap Chauchan erhalten hat. El\u017cbieta \u017buk &#8211; Widma\u0144ska Mit Ayurveda besch\u00e4ftige ich mich seit 2004. Ich habe mein Wissen dar\u00fcber direkt am Jiva Ayurveda Institut in Indien erworben. [&hellip;]\" \/>\n<meta property=\"og:url\" content=\"https:\/\/devaharmony.com\/de\/unsere-ayurvedische-hauptberaterin\/\" \/>\n<meta property=\"og:site_name\" content=\"Deva Harmony Polen\" \/>\n<meta property=\"article:modified_time\" content=\"2023-07-20T12:19:24+00:00\" \/>\n<meta property=\"og:image\" content=\"https:\/\/devatest.efficientweb.com.pl\/de\/wp-content\/uploads\/sites\/4\/2021\/12\/rsz_1zuk-widmanska_-684x1024-1.jpg\" \/>\n<meta name=\"twitter:card\" content=\"summary_large_image\" \/>\n<meta name=\"twitter:label1\" content=\"Gesch\u00e4tzte Lesezeit\" \/>\n\t<meta name=\"twitter:data1\" content=\"2\u00a0Minuten\" \/>\n<script type=\"application\/ld+json\" class=\"yoast-schema-graph\">{\"@context\":\"https:\/\/schema.org\",\"@graph\":[{\"@type\":\"WebPage\",\"@id\":\"https:\/\/devaharmony.com\/de\/unsere-ayurvedische-hauptberaterin\/\",\"url\":\"https:\/\/devaharmony.com\/de\/unsere-ayurvedische-hauptberaterin\/\",\"name\":\"Unsere ayurvedische Hauptberaterin - Deva Harmony Polen\",\"isPartOf\":{\"@id\":\"https:\/\/devaharmony.com\/de\/#website\"},\"primaryImageOfPage\":{\"@id\":\"https:\/\/devaharmony.com\/de\/unsere-ayurvedische-hauptberaterin\/#primaryimage\"},\"image\":{\"@id\":\"https:\/\/devaharmony.com\/de\/unsere-ayurvedische-hauptberaterin\/#primaryimage\"},\"thumbnailUrl\":\"https:\/\/devatest.efficientweb.com.pl\/de\/wp-content\/uploads\/sites\/4\/2021\/12\/rsz_1zuk-widmanska_-684x1024-1.jpg\",\"datePublished\":\"2023-07-19T09:46:06+00:00\",\"dateModified\":\"2023-07-20T12:19:24+00:00\",\"breadcrumb\":{\"@id\":\"https:\/\/devaharmony.com\/de\/unsere-ayurvedische-hauptberaterin\/#breadcrumb\"},\"inLanguage\":\"de\",\"potentialAction\":[{\"@type\":\"ReadAction\",\"target\":[\"https:\/\/devaharmony.com\/de\/unsere-ayurvedische-hauptberaterin\/\"]}]},{\"@type\":\"ImageObject\",\"inLanguage\":\"de\",\"@id\":\"https:\/\/devaharmony.com\/de\/unsere-ayurvedische-hauptberaterin\/#primaryimage\",\"url\":\"https:\/\/devatest.efficientweb.com.pl\/de\/wp-content\/uploads\/sites\/4\/2021\/12\/rsz_1zuk-widmanska_-684x1024-1.jpg\",\"contentUrl\":\"https:\/\/devatest.efficientweb.com.pl\/de\/wp-content\/uploads\/sites\/4\/2021\/12\/rsz_1zuk-widmanska_-684x1024-1.jpg\"},{\"@type\":\"BreadcrumbList\",\"@id\":\"https:\/\/devaharmony.com\/de\/unsere-ayurvedische-hauptberaterin\/#breadcrumb\",\"itemListElement\":[{\"@type\":\"ListItem\",\"position\":1,\"name\":\"Home\",\"item\":\"https:\/\/devaharmony.com\/de\/\"},{\"@type\":\"ListItem\",\"position\":2,\"name\":\"Unsere ayurvedische Hauptberaterin\"}]},{\"@type\":\"WebSite\",\"@id\":\"https:\/\/devaharmony.com\/de\/#website\",\"url\":\"https:\/\/devaharmony.com\/de\/\",\"name\":\"Deva Harmony Polen\",\"description\":\"Ayurvedische Nahrungserg\u00e4nzungsmittel\",\"potentialAction\":[{\"@type\":\"SearchAction\",\"target\":{\"@type\":\"EntryPoint\",\"urlTemplate\":\"https:\/\/devaharmony.com\/de\/?s={search_term_string}\"},\"query-input\":\"required name=search_term_string\"}],\"inLanguage\":\"de\"}]}<\/script>\n<!-- \/ Yoast SEO plugin. -->","yoast_head_json":{"title":"Unsere ayurvedische Hauptberaterin - Deva Harmony Polen","robots":{"index":"index","follow":"follow","max-snippet":"max-snippet:-1","max-image-preview":"max-image-preview:large","max-video-preview":"max-video-preview:-1"},"canonical":"https:\/\/devaharmony.com\/de\/unsere-ayurvedische-hauptberaterin\/","og_locale":"de_DE","og_type":"article","og_title":"Unsere ayurvedische Hauptberaterin - Deva Harmony Polen","og_description":"Wir freuen uns, Ihnen das Profil von Frau El\u017cbieta \u017buk-Widma\u0144ska vorzustellen, die den Titel Ayurveda-Beraterin am Jiva Faridabad Institut erworben hat und ihre ayurvedische Ausbildung von Dr. Partap Chauchan erhalten hat. El\u017cbieta \u017buk &#8211; Widma\u0144ska Mit Ayurveda besch\u00e4ftige ich mich seit 2004. Ich habe mein Wissen dar\u00fcber direkt am Jiva Ayurveda Institut in Indien erworben. [&hellip;]","og_url":"https:\/\/devaharmony.com\/de\/unsere-ayurvedische-hauptberaterin\/","og_site_name":"Deva Harmony Polen","article_modified_time":"2023-07-20T12:19:24+00:00","og_image":[{"url":"https:\/\/devatest.efficientweb.com.pl\/de\/wp-content\/uploads\/sites\/4\/2021\/12\/rsz_1zuk-widmanska_-684x1024-1.jpg"}],"twitter_card":"summary_large_image","twitter_misc":{"Gesch\u00e4tzte Lesezeit":"2\u00a0Minuten"},"schema":{"@context":"https:\/\/schema.org","@graph":[{"@type":"WebPage","@id":"https:\/\/devaharmony.com\/de\/unsere-ayurvedische-hauptberaterin\/","url":"https:\/\/devaharmony.com\/de\/unsere-ayurvedische-hauptberaterin\/","name":"Unsere ayurvedische Hauptberaterin - Deva Harmony Polen","isPartOf":{"@id":"https:\/\/devaharmony.com\/de\/#website"},"primaryImageOfPage":{"@id":"https:\/\/devaharmony.com\/de\/unsere-ayurvedische-hauptberaterin\/#primaryimage"},"image":{"@id":"https:\/\/devaharmony.com\/de\/unsere-ayurvedische-hauptberaterin\/#primaryimage"},"thumbnailUrl":"https:\/\/devatest.efficientweb.com.pl\/de\/wp-content\/uploads\/sites\/4\/2021\/12\/rsz_1zuk-widmanska_-684x1024-1.jpg","datePublished":"2023-07-19T09:46:06+00:00","dateModified":"2023-07-20T12:19:24+00:00","breadcrumb":{"@id":"https:\/\/devaharmony.com\/de\/unsere-ayurvedische-hauptberaterin\/#breadcrumb"},"inLanguage":"de","potentialAction":[{"@type":"ReadAction","target":["https:\/\/devaharmony.com\/de\/unsere-ayurvedische-hauptberaterin\/"]}]},{"@type":"ImageObject","inLanguage":"de","@id":"https:\/\/devaharmony.com\/de\/unsere-ayurvedische-hauptberaterin\/#primaryimage","url":"https:\/\/devatest.efficientweb.com.pl\/de\/wp-content\/uploads\/sites\/4\/2021\/12\/rsz_1zuk-widmanska_-684x1024-1.jpg","contentUrl":"https:\/\/devatest.efficientweb.com.pl\/de\/wp-content\/uploads\/sites\/4\/2021\/12\/rsz_1zuk-widmanska_-684x1024-1.jpg"},{"@type":"BreadcrumbList","@id":"https:\/\/devaharmony.com\/de\/unsere-ayurvedische-hauptberaterin\/#breadcrumb","itemListElement":[{"@type":"ListItem","position":1,"name":"Home","item":"https:\/\/devaharmony.com\/de\/"},{"@type":"ListItem","position":2,"name":"Unsere ayurvedische Hauptberaterin"}]},{"@type":"WebSite","@id":"https:\/\/devaharmony.com\/de\/#website","url":"https:\/\/devaharmony.com\/de\/","name":"Deva Harmony Polen","description":"Ayurvedische Nahrungserg\u00e4nzungsmittel","potentialAction":[{"@type":"SearchAction","target":{"@type":"EntryPoint","urlTemplate":"https:\/\/devaharmony.com\/de\/?s={search_term_string}"},"query-input":"required name=search_term_string"}],"inLanguage":"de"}]}},"_links":{"self":[{"href":"https:\/\/devaharmony.com\/de\/wp-json\/wp\/v2\/pages\/2935"}],"collection":[{"href":"https:\/\/devaharmony.com\/de\/wp-json\/wp\/v2\/pages"}],"about":[{"href":"https:\/\/devaharmony.com\/de\/wp-json\/wp\/v2\/types\/page"}],"author":[{"embeddable":true,"href":"https:\/\/devaharmony.com\/de\/wp-json\/wp\/v2\/users\/2051"}],"replies":[{"embeddable":true,"href":"https:\/\/devaharmony.com\/de\/wp-json\/wp\/v2\/comments?post=2935"}],"version-history":[{"count":46,"href":"https:\/\/devaharmony.com\/de\/wp-json\/wp\/v2\/pages\/2935\/revisions"}],"predecessor-version":[{"id":21239,"href":"https:\/\/devaharmony.com\/de\/wp-json\/wp\/v2\/pages\/2935\/revisions\/21239"}],"wp:attachment":[{"href":"https:\/\/devaharmony.com\/de\/wp-json\/wp\/v2\/media?parent=2935"}],"curies":[{"name":"wp","href":"https:\/\/api.w.org\/{rel}","templated":true}]}}