{"id":29,"date":"2023-07-19T10:45:57","date_gmt":"2023-07-19T09:45:57","guid":{"rendered":"https:\/\/devaharmony.com\/de\/?page_id=29"},"modified":"2023-07-19T10:45:59","modified_gmt":"2023-07-19T09:45:59","slug":"jiva-ayurveda-institut","status":"publish","type":"page","link":"https:\/\/devaharmony.com\/de\/jiva-ayurveda-institut\/","title":{"rendered":"Jiva Ayurveda Institut"},"content":{"rendered":"\n<p>Jiva Ayurveda ist ein weltber\u00fchmter Name auf dem Gebiet des Ayurveda. Das vor \u00fcber 25 Jahren gegr\u00fcndete Jiva Institute ist ein Pionier in der ayurvedischen Telemedizin, nachdem es 1995 die weltweit erste ayurvedische Website www.jiva.com ins Leben gerufen hatte und als erstes Unternehmen Online-Konsultationen f\u00fcr Menschen aus der ganzen Welt anbot. Jiva betreibt ein Netzwerk von 80 Kliniken in ganz Indien und das weltweit gr\u00f6\u00dfte ayurvedische Telemedizinzentrum, das t\u00e4glich \u00fcber 6.000 Patienten von 500 gut ausgebildeten ayurvedischen \u00c4rzten konsultiert.<\/p>\n\n\n\n<p>International hat Jiva Ayurveda-Schulen in Japan, Frankreich, Polen und Litauen. Jiva hat Seminare, Workshops und Kurse in \u00fcber 40 L\u00e4ndern durchgef\u00fchrt. \u201eJiva Health Show\u201c ist eine sehr beliebte Ayurveda-Show, die t\u00e4glich auf f\u00fcnf gro\u00dfen Fernsehsendern ausgestrahlt wird<br>in Indien. Sie hat viele nationale und internationale Preise gewonnen, darunter den renommierten UN World Summit Award in Genf f\u00fcr das Projekt \u201eTeledoc\u201c, das darauf abzielt, der l\u00e4ndlichen Bev\u00f6lkerung mit den neuesten Telekommunikationstechnologien zu helfen.<\/p>\n\n\n\n<p>Das Jiva Institute beabsichtigt, die weltweit erste internationale Universit\u00e4t f\u00fcr integrative Medizin zu errichten, an der Studenten aus der ganzen Welt studieren, forschen und integrative Protokolle f\u00fcr die Behandlung chronischer und schwerer Krankheiten erstellen k\u00f6nnen. Der Schwerpunkt liegt auf der Schaffung integrativer Bildungsprogramme f\u00fcr gesunde Menschen. Diese Programme konzentrieren sich auf Pr\u00e4vention, Verj\u00fcngung, Vitalit\u00e4t und Resilienz. Es wird spezielle Programme f\u00fcr Kinder, Frauen und \u00e4ltere Menschen geben.<\/p>\n","protected":false},"excerpt":{"rendered":"<p>Jiva Ayurveda ist ein weltber\u00fchmter Name auf dem Gebiet des Ayurveda. Das vor \u00fcber 25 Jahren gegr\u00fcndete Jiva Institute ist ein Pionier in der ayurvedischen Telemedizin, nachdem es 1995 die weltweit erste ayurvedische Website www.jiva.com ins Leben gerufen hatte und als erstes Unternehmen Online-Konsultationen f\u00fcr Menschen aus der ganzen Welt anbot. Jiva betreibt ein Netzwerk [&hellip;]<\/p>\n","protected":false},"author":2051,"featured_media":0,"parent":0,"menu_order":0,"comment_status":"open","ping_status":"open","template":"","meta":{"footnotes":""},"class_list":["post-29","page","type-page","status-publish","hentry"],"acf":[],"yoast_head":"<!-- This site is optimized with the Yoast SEO plugin v23.1 - https:\/\/yoast.com\/wordpress\/plugins\/seo\/ -->\n<title>Jiva Ayurveda Institut - Deva Harmony Polen<\/title>\n<meta name=\"robots\" content=\"index, follow, max-snippet:-1, max-image-preview:large, max-video-preview:-1\" \/>\n<link rel=\"canonical\" href=\"https:\/\/devaharmony.com\/de\/jiva-ayurveda-institut\/\" \/>\n<meta property=\"og:locale\" content=\"de_DE\" \/>\n<meta property=\"og:type\" content=\"article\" \/>\n<meta property=\"og:title\" content=\"Jiva Ayurveda Institut - Deva Harmony Polen\" \/>\n<meta property=\"og:description\" content=\"Jiva Ayurveda ist ein weltber\u00fchmter Name auf dem Gebiet des Ayurveda. Das vor \u00fcber 25 Jahren gegr\u00fcndete Jiva Institute ist ein Pionier in der ayurvedischen Telemedizin, nachdem es 1995 die weltweit erste ayurvedische Website www.jiva.com ins Leben gerufen hatte und als erstes Unternehmen Online-Konsultationen f\u00fcr Menschen aus der ganzen Welt anbot. Jiva betreibt ein Netzwerk [&hellip;]\" \/>\n<meta property=\"og:url\" content=\"https:\/\/devaharmony.com\/de\/jiva-ayurveda-institut\/\" \/>\n<meta property=\"og:site_name\" content=\"Deva Harmony Polen\" \/>\n<meta property=\"article:modified_time\" content=\"2023-07-19T09:45:59+00:00\" \/>\n<meta name=\"twitter:card\" content=\"summary_large_image\" \/>\n<meta name=\"twitter:label1\" content=\"Gesch\u00e4tzte Lesezeit\" \/>\n\t<meta name=\"twitter:data1\" content=\"1\u00a0Minute\" \/>\n<script type=\"application\/ld+json\" class=\"yoast-schema-graph\">{\"@context\":\"https:\/\/schema.org\",\"@graph\":[{\"@type\":\"WebPage\",\"@id\":\"https:\/\/devaharmony.com\/de\/jiva-ayurveda-institut\/\",\"url\":\"https:\/\/devaharmony.com\/de\/jiva-ayurveda-institut\/\",\"name\":\"Jiva Ayurveda Institut - Deva Harmony Polen\",\"isPartOf\":{\"@id\":\"https:\/\/devaharmony.com\/de\/#website\"},\"datePublished\":\"2023-07-19T09:45:57+00:00\",\"dateModified\":\"2023-07-19T09:45:59+00:00\",\"breadcrumb\":{\"@id\":\"https:\/\/devaharmony.com\/de\/jiva-ayurveda-institut\/#breadcrumb\"},\"inLanguage\":\"de\",\"potentialAction\":[{\"@type\":\"ReadAction\",\"target\":[\"https:\/\/devaharmony.com\/de\/jiva-ayurveda-institut\/\"]}]},{\"@type\":\"BreadcrumbList\",\"@id\":\"https:\/\/devaharmony.com\/de\/jiva-ayurveda-institut\/#breadcrumb\",\"itemListElement\":[{\"@type\":\"ListItem\",\"position\":1,\"name\":\"Home\",\"item\":\"https:\/\/devaharmony.com\/de\/\"},{\"@type\":\"ListItem\",\"position\":2,\"name\":\"Jiva Ayurveda Institut\"}]},{\"@type\":\"WebSite\",\"@id\":\"https:\/\/devaharmony.com\/de\/#website\",\"url\":\"https:\/\/devaharmony.com\/de\/\",\"name\":\"Deva Harmony Polen\",\"description\":\"Ayurvedische Nahrungserg\u00e4nzungsmittel\",\"potentialAction\":[{\"@type\":\"SearchAction\",\"target\":{\"@type\":\"EntryPoint\",\"urlTemplate\":\"https:\/\/devaharmony.com\/de\/?s={search_term_string}\"},\"query-input\":\"required name=search_term_string\"}],\"inLanguage\":\"de\"}]}<\/script>\n<!-- \/ Yoast SEO plugin. -->","yoast_head_json":{"title":"Jiva Ayurveda Institut - Deva Harmony Polen","robots":{"index":"index","follow":"follow","max-snippet":"max-snippet:-1","max-image-preview":"max-image-preview:large","max-video-preview":"max-video-preview:-1"},"canonical":"https:\/\/devaharmony.com\/de\/jiva-ayurveda-institut\/","og_locale":"de_DE","og_type":"article","og_title":"Jiva Ayurveda Institut - Deva Harmony Polen","og_description":"Jiva Ayurveda ist ein weltber\u00fchmter Name auf dem Gebiet des Ayurveda. Das vor \u00fcber 25 Jahren gegr\u00fcndete Jiva Institute ist ein Pionier in der ayurvedischen Telemedizin, nachdem es 1995 die weltweit erste ayurvedische Website www.jiva.com ins Leben gerufen hatte und als erstes Unternehmen Online-Konsultationen f\u00fcr Menschen aus der ganzen Welt anbot. Jiva betreibt ein Netzwerk [&hellip;]","og_url":"https:\/\/devaharmony.com\/de\/jiva-ayurveda-institut\/","og_site_name":"Deva Harmony Polen","article_modified_time":"2023-07-19T09:45:59+00:00","twitter_card":"summary_large_image","twitter_misc":{"Gesch\u00e4tzte Lesezeit":"1\u00a0Minute"},"schema":{"@context":"https:\/\/schema.org","@graph":[{"@type":"WebPage","@id":"https:\/\/devaharmony.com\/de\/jiva-ayurveda-institut\/","url":"https:\/\/devaharmony.com\/de\/jiva-ayurveda-institut\/","name":"Jiva Ayurveda Institut - Deva Harmony Polen","isPartOf":{"@id":"https:\/\/devaharmony.com\/de\/#website"},"datePublished":"2023-07-19T09:45:57+00:00","dateModified":"2023-07-19T09:45:59+00:00","breadcrumb":{"@id":"https:\/\/devaharmony.com\/de\/jiva-ayurveda-institut\/#breadcrumb"},"inLanguage":"de","potentialAction":[{"@type":"ReadAction","target":["https:\/\/devaharmony.com\/de\/jiva-ayurveda-institut\/"]}]},{"@type":"BreadcrumbList","@id":"https:\/\/devaharmony.com\/de\/jiva-ayurveda-institut\/#breadcrumb","itemListElement":[{"@type":"ListItem","position":1,"name":"Home","item":"https:\/\/devaharmony.com\/de\/"},{"@type":"ListItem","position":2,"name":"Jiva Ayurveda Institut"}]},{"@type":"WebSite","@id":"https:\/\/devaharmony.com\/de\/#website","url":"https:\/\/devaharmony.com\/de\/","name":"Deva Harmony Polen","description":"Ayurvedische Nahrungserg\u00e4nzungsmittel","potentialAction":[{"@type":"SearchAction","target":{"@type":"EntryPoint","urlTemplate":"https:\/\/devaharmony.com\/de\/?s={search_term_string}"},"query-input":"required name=search_term_string"}],"inLanguage":"de"}]}},"_links":{"self":[{"href":"https:\/\/devaharmony.com\/de\/wp-json\/wp\/v2\/pages\/29"}],"collection":[{"href":"https:\/\/devaharmony.com\/de\/wp-json\/wp\/v2\/pages"}],"about":[{"href":"https:\/\/devaharmony.com\/de\/wp-json\/wp\/v2\/types\/page"}],"author":[{"embeddable":true,"href":"https:\/\/devaharmony.com\/de\/wp-json\/wp\/v2\/users\/2051"}],"replies":[{"embeddable":true,"href":"https:\/\/devaharmony.com\/de\/wp-json\/wp\/v2\/comments?post=29"}],"version-history":[{"count":6,"href":"https:\/\/devaharmony.com\/de\/wp-json\/wp\/v2\/pages\/29\/revisions"}],"predecessor-version":[{"id":20789,"href":"https:\/\/devaharmony.com\/de\/wp-json\/wp\/v2\/pages\/29\/revisions\/20789"}],"wp:attachment":[{"href":"https:\/\/devaharmony.com\/de\/wp-json\/wp\/v2\/media?parent=29"}],"curies":[{"name":"wp","href":"https:\/\/api.w.org\/{rel}","templated":true}]}}