{"id":2319,"date":"2023-07-19T10:45:57","date_gmt":"2023-07-19T09:45:57","guid":{"rendered":"https:\/\/devaharmony.com\/de\/?page_id=2319"},"modified":"2024-10-03T11:30:22","modified_gmt":"2024-10-03T10:30:22","slug":"beschwerden","status":"publish","type":"page","link":"https:\/\/devaharmony.com\/de\/beschwerden\/","title":{"rendered":"Beschwerden"},"content":{"rendered":"\n<ol class=\"wp-block-list\">\n<li>Alle Beschwerden \u00fcber das Funktionieren des Online-Shops, einschlie\u00dflich derjenigen, die sich auf die elektronisch erbrachten Dienstleistungen und die \u00fcber ihn abgeschlossenen Vertr\u00e4ge beziehen, k\u00f6nnen \u00fcber das auf seinen Seiten verf\u00fcgbare Reklamationsformular eingereicht werden. Reklamationen k\u00f6nnen auch schriftlich an die Anschrift des eingetragenen Sitzes des Verk\u00e4ufers eingereicht werden. Die Reklamationsbelehrung ist als Anlage 3 zu diesen Bedingungen beigef\u00fcgt.<\/li>\n\n\n\n<li>Bei einer Beschwerde ist es ratsam, dass der Kunde den festgestellten Mangel beschreibt und seine Forderung pr\u00e4zisiert. Bei der Geltendmachung von Gew\u00e4hrleistungsanspr\u00fcchen ist ein Nachweis \u00fcber den Kauf von Waren aus dem Online-Shop zu erbringen (z.B. Kontoauszug, Kartenzahlungsbest\u00e4tigung, Quittung oder Rechnung).<\/li>\n\n\n\n<li>Es wird empfohlen, dem Versand des Pakets mit den zur\u00fcckgesandten Waren eine R\u00fccksendebenachrichtigung voranzustellen.<\/li>\n\n\n\n<li>Der Kunde, der seine Gew\u00e4hrleistungsrechte geltend macht, ist verpflichtet, die mangelhafte Ware auf Kosten des Verk\u00e4ufers an die registrierte Adresse des Verk\u00e4ufers oder an die in der E-Mail-Korrespondenz angegebene Adresse zu liefern.<\/li>\n\n\n\n<li>Sollten die in der Reklamation gemachten Angaben oder Informationen erg\u00e4nzt werden, fordert der Verk\u00e4ufer den Kunden unverz\u00fcglich auf, sie im angegebenen Umfang zu erg\u00e4nzen. Zusammen mit dieser Mitteilung werden dem Kunden Informationen dar\u00fcber zugesandt, wie er die M\u00e4ngel der Reklamationsmeldung erg\u00e4nzen kann.<\/li>\n\n\n\n<li>Beschwerden im Rahmen der Gew\u00e4hrleistung werden innerhalb von 14 Tagen ab dem Datum der Zustellung an den Verk\u00e4ufer der Erkl\u00e4rung, die die Forderungen des Kunden enth\u00e4lt, ber\u00fccksichtigt. Die oben genannte Frist gilt nicht f\u00fcr Beschwerden, bei denen der Kunde vom Vertrag zur\u00fccktreten m\u00f6chte. Der Kunde wird vom Verk\u00e4ufer \u00fcber das Ergebnis der Reklamation per E-Mail oder schriftlich benachrichtigt, je nach Art der Einreichung der Reklamation.<\/li>\n<\/ol>\n\n\n\n<p><strong><br>BESCHWERDENBELEHRUNG<\/strong><\/p>\n\n\n\n<p><strong>BESCHWERDE<\/strong><\/p>\n\n\n\n<ol class=\"wp-block-list\">\n<li>Das Mindesthaltbarkeitsdatum der im Online-Shop angebotenen Waren betr\u00e4gt mindestens 2 Jahre ab dem Herstellungsdatum.<\/li>\n\n\n\n<li>Bevor Sie das Paket bei der Post oder beim Kurierdienst abholen, vergewissern Sie sich bitte, dass die Verpackung nicht besch\u00e4digt wurde. Achten Sie insbesondere auf den Zustand der auf dem Paket angebrachten Klebeb\u00e4nder.\u2006Wenn die Verpackung des Pakets Anzeichen von Besch\u00e4digungen aufweist oder die B\u00e4nder abgerissen sind, nehmen Sie das Paket nicht an und setzen Sie sich so schnell wie m\u00f6glich mit dem Verk\u00e4ufer in Verbindung, um die Angelegenheit zu kl\u00e4ren. Der Verk\u00e4ufer haftet gegen\u00fcber dem Kunden, wenn das verkaufte Produkt einen Sach- oder Rechtsmangel (Gew\u00e4hrleistung) im Sinne des poln. Zivilgesetzbuchesaufweist. Bei Verk\u00e4ufen an Nicht-Verbraucher sind die Gew\u00e4hrleistungsbestimmungen des poln. Zivilgesetzbuchesausgeschlossen.<\/li>\n<\/ol>\n\n\n\n<p><strong>Zus\u00e4tzliche Informationen<\/strong><\/p>\n\n\n\n<p>Nachstehend finden Sie das Beschwerdeverfahren.<\/p>\n\n\n\n<p>Senden Sie ein ordnungsgem\u00e4\u00df ausgef\u00fclltes Beschwerdeformular (Voraussetzung) an die E-Mail-Adresse::<\/p>\n\n\n\n<p><strong><a href=\"mailto:sklep@devaharmony.com\">sklep@devaharmony.com<\/a><\/strong><\/p>\n\n\n\n<p>In den Titel der Nachricht schreiben Sie bitte: &#8220;<strong>Beschwerde<\/strong>&#8220;.<\/p>\n\n\n\n<ul class=\"wp-block-list\">\n<li>Ihrer Nachricht f\u00fcgen Sie mindestens 2-3 Fotos und\/oder einen Link zu einem Video bei, in dem das defekte Produkt vorgestellt wird .<\/li>\n\n\n\n<li>Alle Informationen \u00fcber die Beschwerde sollten in einer einzigen Nachricht enthalten sein.<\/li>\n\n\n\n<li>Das Versenden mehrerer Nachrichten stiftet nur Verwirrung und kann die Bearbeitungszeit verl\u00e4ngern.<\/li>\n\n\n\n<li>Nach dem Eingang einer ordnungsgem\u00e4\u00df gemeldeten Reklamation erwarten Sie eine Antwort.<\/li>\n\n\n\n<li>Maximalfrist f\u00fcr die Bearbeitung von Beschwerden betr\u00e4gt 30 Tage. In manchen F\u00e4llen kann dieser Zeitraum verl\u00e4ngert werden.<\/li>\n\n\n\n<li>Zu gegebener Zeit werden weitere Informationen\/Fotos _96 ben\u00f6tigt, und wir werden Sie auf dem Laufenden halten.<\/li>\n\n\n\n<li>Nach der Bearbeitung Ihrer Reklamation erhalten Sie eine Entscheidung und gegebenenfalls eine Aufforderung zur R\u00fccksendung des Produkts.<\/li>\n\n\n\n<li>Senden Sie das Produkt nicht ohne eine ausdr\u00fcckliche Anweisung von uns zur\u00fcck.<\/li>\n\n\n\n<li>Wenn Sie das Produkt selbst zur\u00fcckschicken, kann sich die Bearbeitungszeit Ihrer Reklamation verl\u00e4ngern.<\/li>\n\n\n\n<li>Im Falle einer berechtigten Reklamation und wenn die Ware zur\u00fcckgeschickt werden muss, erstatten wir Ihnen die g\u00fcnstigsten Versandkosten (ohne Zusatzleistungen wie z.B. Priority, Versicherung, Verwarnung, Empfangsbest\u00e4tigung, Gr\u00f6\u00dfe, usw.).<\/li>\n\n\n\n<li>Die Garantie erstreckt sich nicht auf physische Sch\u00e4den und Sch\u00e4den, die durch unsachgem\u00e4\u00dfen Gebrauch des Produkts entstehen.<\/li>\n<\/ul>\n\n\n\n<p>Wenn wir Ihrer Beschwerde stattgeben, f\u00fcllen Sie bitte das Formular f\u00fcr Warenbeschwerde (Reklamationsformular) aus, das Sie unten findenj.<\/p>\n\n\n\n<p><strong>BESCHWERDEFORMULAR<\/strong><\/p>\n\n\n\n<p><strong><em>Wenn Ihre Beschwerde akzeptiert wird, verpacken Sie das zur\u00fcckgesandte Produkt gut. Legen Sie das ausgef\u00fcllte Antragsformular dem Paket bei oder senden Sie es per E-Mail an: sklep@devaharmony.com. Senden Sie das Paket per Einschreiben an die unten stehende Adresse. F\u00fcgen Sie der Adresse &#8220;BESCHWERDE&#8221; hinzu, um die Bearbeitung des Pakets zu erleichtern. Sie brauchen keinen Verkaufsbeleg beizuf\u00fcgen.<\/em><\/strong><\/p>\n\n\n\n<p><strong>Bestellnummer: <\/strong>&#8230;&#8230;&#8230;&#8230;&#8230;&#8230;&#8230;&#8230;&#8230;&#8230;&#8230;&#8230;&#8230;&#8230;&#8230;&#8230;&#8230;&#8230;&#8230;&#8230;&#8230;&#8230;&#8230;&#8230;&#8230;&#8230;&#8230;&#8230;&#8230;&#8230;&#8230;&#8230;&#8230;&#8230;&#8230;&#8230;&#8230;&#8230;&#8230;&#8230;&#8230;&#8230;&#8230;<\/p>\n\n\n\n<p><strong>Datum der Bestellung:<\/strong>&#8230;&#8230;&#8230;&#8230;&#8230;&#8230;&#8230;&#8230;&#8230;&#8230;&#8230;&#8230;&#8230;&#8230;&#8230;&#8230;&#8230;&#8230;&#8230;&#8230;&#8230;&#8230;&#8230;&#8230;&#8230;&#8230;&#8230;&#8230;&#8230;&#8230;&#8230;&#8230;&#8230;&#8230;&#8230;&#8230;&#8230;&#8230;..<\/p>\n\n\n\n<p><strong>Vorname und Name: <\/strong>..\u2026\u2026\u2026\u2026\u2026\u2026\u2026\u2026\u2026\u2026\u2026\u2026\u2026\u2026\u2026\u2026\u2026\u2026\u2026\u2026\u2026\u2026\u2026\u2026\u2026.\u2026&#8230;&#8230;&#8230;&#8230;&#8230;.\u2026\u2026&#8230;.<\/p>\n\n\n\n<p><strong>Telefonnummer<\/strong>:<strong> <\/strong>..\u2026\u2026\u2026\u2026\u2026\u2026\u2026\u2026\u2026\u2026\u2026\u2026\u2026\u2026\u2026\u2026\u2026\u2026\u2026\u2026&#8230;&#8230;\u2026&#8230;&#8230;&#8230;&#8230;.\u2026\u2026&#8230;&#8230;..\u2026\u2026\u2026\u2026\u2026\u2026<\/p>\n\n\n\n<p><strong>BEANSTANDETE WAREN:<\/strong><\/p>\n\n\n\n<figure class=\"wp-block-table\"><table><tbody><tr><td><\/td><td>Produktname:<\/td><td>Menge:<\/td><td>Grund der Beschwerde:<\/td><td>Forderung:<\/td><\/tr><tr><td>1<\/td><td><\/td><td><\/td><td><\/td><td><\/td><\/tr><tr><td>2<\/td><td><\/td><td><\/td><td><\/td><td><\/td><\/tr><tr><td>3<\/td><td><\/td><td><\/td><td><\/td><td><\/td><\/tr><tr><td>4<\/td><td><\/td><td><\/td><td><\/td><td><\/td><\/tr><tr><td>5<\/td><td><\/td><td><\/td><td><\/td><td><\/td><\/tr><tr><td>6<\/td><td><\/td><td><\/td><td><\/td><td><\/td><\/tr><tr><td>7<\/td><td><\/td><td><\/td><td><\/td><td><\/td><\/tr><\/tbody><\/table><\/figure>\n\n\n\n<p><strong>F\u00fcr Stornierung und R\u00fcckerstattung, bitte ausf\u00fcllen<\/strong><\/p>\n\n\n\n<p><\/p>\n\n\n\n<p><strong>das folgende Formular:<\/strong><\/p>\n\n\n\n<p>K<strong>ontonummer:<\/strong><\/p>\n\n\n\n<figure class=\"wp-block-table\"><table><tbody><tr><td><\/td><td><\/td><td><\/td><td><\/td><td><\/td><td><\/td><td><\/td><td><\/td><td><\/td><td><\/td><td><\/td><td><\/td><td><\/td><td><\/td><td><\/td><td><\/td><td><\/td><td><\/td><td><\/td><td><\/td><td><\/td><td><\/td><td><\/td><td><\/td><td><\/td><td><\/td><\/tr><\/tbody><\/table><\/figure>\n\n\n\n<p><strong>Bankname: <\/strong>\u2026\u2026\u2026\u2026\u2026\u2026\u2026\u2026\u2026\u2026\u2026&#8230;..\u2026\u2026\u2026\u2026\u2026\u2026\u2026\u2026\u2026\u2026\u2026\u2026\u2026\u2026\u2026\u2026&#8230;&#8230;&#8230;&#8230;&#8230;&#8230;&#8230;&#8230;&#8230;&#8230;&#8230;&#8230;&#8230;&#8230;..\u2026\u2026&#8230;<\/p>\n\n\n\n<p><strong>TGesamtbetrag der zu erstattenden Kosten:<\/strong>\u2026\u2026\u2026\u2026\u2026\u2026\u2026\u2026\u2026\u2026\u2026\u2026\u2026\u2026\u2026\u2026\u2026\u2026\u2026\u2026\u2026\u2026\u2026\u2026..<\/p>\n\n\n\n<p><strong>PAdresse f\u00fcr den Schriftverkehr:<\/strong><\/p>\n\n\n\n<p><strong>DH Deva 9 Sp. z o. o.<\/strong><\/p>\n\n\n\n<p><strong>ul. Lubelska 29<\/strong><\/p>\n\n\n\n<p><strong>35-233 Rzesz\u00f3w<\/strong><\/p>\n\n\n\n<p>&#8230;&#8230;&#8230;&#8230;&#8230;&#8230;&#8230;&#8230;&#8230;&#8230;&#8230;&#8230;&#8230;&#8230;&#8230;&#8230;&#8230;&#8230;&#8230;&#8230;&#8230;&#8230;&#8230;&#8230;&#8230;&#8230;&#8230;<\/p>\n\n\n\n<p>signature indicating acceptance<\/p>\n\n\n\n<p><\/p>\n\n\n\n<p><\/p>\n\n\n\n<p><\/p>\n","protected":false},"excerpt":{"rendered":"<p>BESCHWERDENBELEHRUNG BESCHWERDE Zus\u00e4tzliche Informationen Nachstehend finden Sie das Beschwerdeverfahren. Senden Sie ein ordnungsgem\u00e4\u00df ausgef\u00fclltes Beschwerdeformular (Voraussetzung) an die E-Mail-Adresse:: sklep@devaharmony.com In den Titel der Nachricht schreiben Sie bitte: &#8220;Beschwerde&#8220;. Wenn wir Ihrer Beschwerde stattgeben, f\u00fcllen Sie bitte das Formular f\u00fcr Warenbeschwerde (Reklamationsformular) aus, das Sie unten findenj. BESCHWERDEFORMULAR Wenn Ihre Beschwerde akzeptiert wird, verpacken Sie [&hellip;]<\/p>\n","protected":false},"author":2051,"featured_media":0,"parent":0,"menu_order":0,"comment_status":"open","ping_status":"open","template":"","meta":{"footnotes":""},"class_list":["post-2319","page","type-page","status-publish","hentry"],"acf":[],"yoast_head":"<!-- This site is optimized with the Yoast SEO plugin v23.1 - https:\/\/yoast.com\/wordpress\/plugins\/seo\/ -->\n<title>Beschwerden - Deva Harmony Polen<\/title>\n<meta name=\"robots\" content=\"index, follow, max-snippet:-1, max-image-preview:large, max-video-preview:-1\" \/>\n<link rel=\"canonical\" href=\"https:\/\/devaharmony.com\/de\/beschwerden\/\" \/>\n<meta property=\"og:locale\" content=\"de_DE\" \/>\n<meta property=\"og:type\" content=\"article\" \/>\n<meta property=\"og:title\" content=\"Beschwerden - Deva Harmony Polen\" \/>\n<meta property=\"og:description\" content=\"BESCHWERDENBELEHRUNG BESCHWERDE Zus\u00e4tzliche Informationen Nachstehend finden Sie das Beschwerdeverfahren. Senden Sie ein ordnungsgem\u00e4\u00df ausgef\u00fclltes Beschwerdeformular (Voraussetzung) an die E-Mail-Adresse:: sklep@devaharmony.com In den Titel der Nachricht schreiben Sie bitte: &#8220;Beschwerde&#8220;. Wenn wir Ihrer Beschwerde stattgeben, f\u00fcllen Sie bitte das Formular f\u00fcr Warenbeschwerde (Reklamationsformular) aus, das Sie unten findenj. BESCHWERDEFORMULAR Wenn Ihre Beschwerde akzeptiert wird, verpacken Sie [&hellip;]\" \/>\n<meta property=\"og:url\" content=\"https:\/\/devaharmony.com\/de\/beschwerden\/\" \/>\n<meta property=\"og:site_name\" content=\"Deva Harmony Polen\" \/>\n<meta property=\"article:modified_time\" content=\"2024-10-03T10:30:22+00:00\" \/>\n<meta name=\"twitter:card\" content=\"summary_large_image\" \/>\n<meta name=\"twitter:label1\" content=\"Gesch\u00e4tzte Lesezeit\" \/>\n\t<meta name=\"twitter:data1\" content=\"4\u00a0Minuten\" \/>\n<script type=\"application\/ld+json\" class=\"yoast-schema-graph\">{\"@context\":\"https:\/\/schema.org\",\"@graph\":[{\"@type\":\"WebPage\",\"@id\":\"https:\/\/devaharmony.com\/de\/beschwerden\/\",\"url\":\"https:\/\/devaharmony.com\/de\/beschwerden\/\",\"name\":\"Beschwerden - Deva Harmony Polen\",\"isPartOf\":{\"@id\":\"https:\/\/devaharmony.com\/de\/#website\"},\"datePublished\":\"2023-07-19T09:45:57+00:00\",\"dateModified\":\"2024-10-03T10:30:22+00:00\",\"breadcrumb\":{\"@id\":\"https:\/\/devaharmony.com\/de\/beschwerden\/#breadcrumb\"},\"inLanguage\":\"de\",\"potentialAction\":[{\"@type\":\"ReadAction\",\"target\":[\"https:\/\/devaharmony.com\/de\/beschwerden\/\"]}]},{\"@type\":\"BreadcrumbList\",\"@id\":\"https:\/\/devaharmony.com\/de\/beschwerden\/#breadcrumb\",\"itemListElement\":[{\"@type\":\"ListItem\",\"position\":1,\"name\":\"Home\",\"item\":\"https:\/\/devaharmony.com\/de\/\"},{\"@type\":\"ListItem\",\"position\":2,\"name\":\"Beschwerden\"}]},{\"@type\":\"WebSite\",\"@id\":\"https:\/\/devaharmony.com\/de\/#website\",\"url\":\"https:\/\/devaharmony.com\/de\/\",\"name\":\"Deva Harmony Polen\",\"description\":\"Ayurvedische Nahrungserg\u00e4nzungsmittel\",\"potentialAction\":[{\"@type\":\"SearchAction\",\"target\":{\"@type\":\"EntryPoint\",\"urlTemplate\":\"https:\/\/devaharmony.com\/de\/?s={search_term_string}\"},\"query-input\":\"required name=search_term_string\"}],\"inLanguage\":\"de\"}]}<\/script>\n<!-- \/ Yoast SEO plugin. -->","yoast_head_json":{"title":"Beschwerden - Deva Harmony Polen","robots":{"index":"index","follow":"follow","max-snippet":"max-snippet:-1","max-image-preview":"max-image-preview:large","max-video-preview":"max-video-preview:-1"},"canonical":"https:\/\/devaharmony.com\/de\/beschwerden\/","og_locale":"de_DE","og_type":"article","og_title":"Beschwerden - Deva Harmony Polen","og_description":"BESCHWERDENBELEHRUNG BESCHWERDE Zus\u00e4tzliche Informationen Nachstehend finden Sie das Beschwerdeverfahren. Senden Sie ein ordnungsgem\u00e4\u00df ausgef\u00fclltes Beschwerdeformular (Voraussetzung) an die E-Mail-Adresse:: sklep@devaharmony.com In den Titel der Nachricht schreiben Sie bitte: &#8220;Beschwerde&#8220;. Wenn wir Ihrer Beschwerde stattgeben, f\u00fcllen Sie bitte das Formular f\u00fcr Warenbeschwerde (Reklamationsformular) aus, das Sie unten findenj. BESCHWERDEFORMULAR Wenn Ihre Beschwerde akzeptiert wird, verpacken Sie [&hellip;]","og_url":"https:\/\/devaharmony.com\/de\/beschwerden\/","og_site_name":"Deva Harmony Polen","article_modified_time":"2024-10-03T10:30:22+00:00","twitter_card":"summary_large_image","twitter_misc":{"Gesch\u00e4tzte Lesezeit":"4\u00a0Minuten"},"schema":{"@context":"https:\/\/schema.org","@graph":[{"@type":"WebPage","@id":"https:\/\/devaharmony.com\/de\/beschwerden\/","url":"https:\/\/devaharmony.com\/de\/beschwerden\/","name":"Beschwerden - Deva Harmony Polen","isPartOf":{"@id":"https:\/\/devaharmony.com\/de\/#website"},"datePublished":"2023-07-19T09:45:57+00:00","dateModified":"2024-10-03T10:30:22+00:00","breadcrumb":{"@id":"https:\/\/devaharmony.com\/de\/beschwerden\/#breadcrumb"},"inLanguage":"de","potentialAction":[{"@type":"ReadAction","target":["https:\/\/devaharmony.com\/de\/beschwerden\/"]}]},{"@type":"BreadcrumbList","@id":"https:\/\/devaharmony.com\/de\/beschwerden\/#breadcrumb","itemListElement":[{"@type":"ListItem","position":1,"name":"Home","item":"https:\/\/devaharmony.com\/de\/"},{"@type":"ListItem","position":2,"name":"Beschwerden"}]},{"@type":"WebSite","@id":"https:\/\/devaharmony.com\/de\/#website","url":"https:\/\/devaharmony.com\/de\/","name":"Deva Harmony Polen","description":"Ayurvedische Nahrungserg\u00e4nzungsmittel","potentialAction":[{"@type":"SearchAction","target":{"@type":"EntryPoint","urlTemplate":"https:\/\/devaharmony.com\/de\/?s={search_term_string}"},"query-input":"required name=search_term_string"}],"inLanguage":"de"}]}},"_links":{"self":[{"href":"https:\/\/devaharmony.com\/de\/wp-json\/wp\/v2\/pages\/2319"}],"collection":[{"href":"https:\/\/devaharmony.com\/de\/wp-json\/wp\/v2\/pages"}],"about":[{"href":"https:\/\/devaharmony.com\/de\/wp-json\/wp\/v2\/types\/page"}],"author":[{"embeddable":true,"href":"https:\/\/devaharmony.com\/de\/wp-json\/wp\/v2\/users\/2051"}],"replies":[{"embeddable":true,"href":"https:\/\/devaharmony.com\/de\/wp-json\/wp\/v2\/comments?post=2319"}],"version-history":[{"count":7,"href":"https:\/\/devaharmony.com\/de\/wp-json\/wp\/v2\/pages\/2319\/revisions"}],"predecessor-version":[{"id":22651,"href":"https:\/\/devaharmony.com\/de\/wp-json\/wp\/v2\/pages\/2319\/revisions\/22651"}],"wp:attachment":[{"href":"https:\/\/devaharmony.com\/de\/wp-json\/wp\/v2\/media?parent=2319"}],"curies":[{"name":"wp","href":"https:\/\/api.w.org\/{rel}","templated":true}]}}