{"id":2317,"date":"2023-07-19T10:45:57","date_gmt":"2023-07-19T09:45:57","guid":{"rendered":"https:\/\/devaharmony.com\/de\/?page_id=2317"},"modified":"2024-10-03T11:28:16","modified_gmt":"2024-10-03T10:28:16","slug":"lieferung-und-zahlung","status":"publish","type":"page","link":"https:\/\/devaharmony.com\/de\/lieferung-und-zahlung\/","title":{"rendered":"Lieferung und Zahlung"},"content":{"rendered":"\n<h3 class=\"wp-block-heading has-text-align-center zamowienie-przed\">Lieferfrist: bis zu 10 Tagen<\/h3>\n\n\n\n<p><strong>LIEFERUNG<\/strong><\/p>\n\n\n\n<ol class=\"wp-block-list\">\n<li>Der Kunde wird \u00fcber das Bestellformular oder elektronisch \u00fcber die m\u00f6glichen Methoden und verf\u00fcgbaren Lieferzeiten informiert.<\/li>\n\n\n\n<li>Ebenso informiert der Verk\u00e4ufer den Kunden \u00fcber die Kosten der Lieferung, falls zutreffend.<\/li>\n\n\n\n<li>Zu Beginn des Bestellvorgangs wird der Kunde \u00fcber die Beschr\u00e4nkungen bei der Lieferung der Waren informiert.<\/li>\n\n\n\n<li>Die Lieferungen erfolgen durch:\n<ul class=\"wp-block-list\">\n<li>DPD-Kurier &#8211; die Lieferzeit betr\u00e4gt zwischen 3 und 10 Werktagen<\/li>\n<\/ul>\n<\/li>\n<\/ol>\n\n\n\n<p><strong>ZAHLUNG<\/strong><\/p>\n\n\n\n<ol class=\"wp-block-list\">\n<li>Die Bezahlung der Waren kann mit der bei der Abgabe der Bestellung gew\u00e4hlten Methode erfolgen. Wir behalten uns das Recht vor, beim Kauf von Sonderanfertigungen und Waren von erheblichem Wert eine Vorauszahlung zu verlangen. Im Falle der K\u00fcndigung, des R\u00fccktritts oder der Aufl\u00f6sung des Vertrags wird die geleistete Anzahlung jedoch an den Verbraucher zur\u00fcckerstattet.<\/li>\n\n\n\n<li>Die Bezahlung im Online-Shop kann auf eine der folgenden Arten erfolgen:<\/li>\n<\/ol>\n\n\n\n<ol class=\"wp-block-list\">\n<li>Nachnahme &#8211; im Falle der Lieferung von Waren durch Spediteure,<\/li>\n\n\n\n<li>per Bank\u00fcberweisung im Voraus,,<\/li>\n<\/ol>\n\n\n\n<ol start=\"3\" class=\"wp-block-list\">\n<li>Bei Auswahl der Zahlungsart Nachnahme wird bei einem Bestellwert von bis zu 3.000,00 Euro (ohne Versandkosten) 1% des endg\u00fcltigen Bestellwerts auf den endg\u00fcltigen Bestellwert aufgeschlagen. Der Anstieg der Auftragskosten ist auf die Preispolitik der Post- und Kurierdienste zur\u00fcckzuf\u00fchren.<\/li>\n\n\n\n<li>Wenn Sie sich f\u00fcr die Lieferung per Nachnahme entscheiden und der Wert Ihrer Bestellung 3.000,00 Euro \u00fcbersteigt, wird eine zus\u00e4tzliche Geb\u00fchr in H\u00f6he der Lieferkosten auf den Endwert Ihrer Bestellung (einschlie\u00dflich Lieferkosten) aufgeschlagen..<\/li>\n\n\n\n<li>F\u00fcr einige Produkte oder Produktkategorien sind nur einige der in Absatz 2 genannten Zahlungsarten verf\u00fcgbar. Insbesondere ist es nicht m\u00f6glich, einen Betrag von mehr als 15.000 Euro in bar zu bezahlen .<\/li>\n<\/ol>\n\n\n\n<p><strong>\u00dcBERWEISUNGSDATEN<\/strong><\/p>\n\n\n\n<p>DH Deva 9 Ltd. Sp. z o. o.<br>35-233 Rzesz\u00f3w,<br>ul. Lubelska 29<br>NIP<sup> <\/sup>(Taxpayer Identification Number): 813-384-50-54<\/p>\n\n\n\n<p><strong>Bankkonto<\/strong><\/p>\n\n\n\n<p>Santander Bank<br>Account in PLN 54109025900000000146995735<br>Account in EUR 80109025900000000146995752<br>Account in USD 20109025900000000146995765<\/p>\n","protected":false},"excerpt":{"rendered":"<p>Lieferfrist: bis zu 10 Tagen LIEFERUNG ZAHLUNG \u00dcBERWEISUNGSDATEN DH Deva 9 Ltd. Sp. z o. o.35-233 Rzesz\u00f3w,ul. Lubelska 29NIP (Taxpayer Identification Number): 813-384-50-54 Bankkonto Santander BankAccount in PLN 54109025900000000146995735Account in EUR 80109025900000000146995752Account in USD 20109025900000000146995765<\/p>\n","protected":false},"author":2051,"featured_media":0,"parent":0,"menu_order":0,"comment_status":"open","ping_status":"open","template":"","meta":{"footnotes":""},"class_list":["post-2317","page","type-page","status-publish","hentry"],"acf":[],"yoast_head":"<!-- This site is optimized with the Yoast SEO plugin v23.1 - https:\/\/yoast.com\/wordpress\/plugins\/seo\/ -->\n<title>Lieferung und Zahlung - Deva Harmony Polen<\/title>\n<meta name=\"robots\" content=\"index, follow, max-snippet:-1, max-image-preview:large, max-video-preview:-1\" \/>\n<link rel=\"canonical\" href=\"https:\/\/devaharmony.com\/de\/lieferung-und-zahlung\/\" \/>\n<meta property=\"og:locale\" content=\"de_DE\" \/>\n<meta property=\"og:type\" content=\"article\" \/>\n<meta property=\"og:title\" content=\"Lieferung und Zahlung - Deva Harmony Polen\" \/>\n<meta property=\"og:description\" content=\"Lieferfrist: bis zu 10 Tagen LIEFERUNG ZAHLUNG \u00dcBERWEISUNGSDATEN DH Deva 9 Ltd. Sp. z o. o.35-233 Rzesz\u00f3w,ul. Lubelska 29NIP (Taxpayer Identification Number): 813-384-50-54 Bankkonto Santander BankAccount in PLN 54109025900000000146995735Account in EUR 80109025900000000146995752Account in USD 20109025900000000146995765\" \/>\n<meta property=\"og:url\" content=\"https:\/\/devaharmony.com\/de\/lieferung-und-zahlung\/\" \/>\n<meta property=\"og:site_name\" content=\"Deva Harmony Polen\" \/>\n<meta property=\"article:modified_time\" content=\"2024-10-03T10:28:16+00:00\" \/>\n<meta name=\"twitter:card\" content=\"summary_large_image\" \/>\n<meta name=\"twitter:label1\" content=\"Gesch\u00e4tzte Lesezeit\" \/>\n\t<meta name=\"twitter:data1\" content=\"2\u00a0Minuten\" \/>\n<script type=\"application\/ld+json\" class=\"yoast-schema-graph\">{\"@context\":\"https:\/\/schema.org\",\"@graph\":[{\"@type\":\"WebPage\",\"@id\":\"https:\/\/devaharmony.com\/de\/lieferung-und-zahlung\/\",\"url\":\"https:\/\/devaharmony.com\/de\/lieferung-und-zahlung\/\",\"name\":\"Lieferung und Zahlung - Deva Harmony Polen\",\"isPartOf\":{\"@id\":\"https:\/\/devaharmony.com\/de\/#website\"},\"datePublished\":\"2023-07-19T09:45:57+00:00\",\"dateModified\":\"2024-10-03T10:28:16+00:00\",\"breadcrumb\":{\"@id\":\"https:\/\/devaharmony.com\/de\/lieferung-und-zahlung\/#breadcrumb\"},\"inLanguage\":\"de\",\"potentialAction\":[{\"@type\":\"ReadAction\",\"target\":[\"https:\/\/devaharmony.com\/de\/lieferung-und-zahlung\/\"]}]},{\"@type\":\"BreadcrumbList\",\"@id\":\"https:\/\/devaharmony.com\/de\/lieferung-und-zahlung\/#breadcrumb\",\"itemListElement\":[{\"@type\":\"ListItem\",\"position\":1,\"name\":\"Home\",\"item\":\"https:\/\/devaharmony.com\/de\/\"},{\"@type\":\"ListItem\",\"position\":2,\"name\":\"Lieferung und Zahlung\"}]},{\"@type\":\"WebSite\",\"@id\":\"https:\/\/devaharmony.com\/de\/#website\",\"url\":\"https:\/\/devaharmony.com\/de\/\",\"name\":\"Deva Harmony Polen\",\"description\":\"Ayurvedische Nahrungserg\u00e4nzungsmittel\",\"potentialAction\":[{\"@type\":\"SearchAction\",\"target\":{\"@type\":\"EntryPoint\",\"urlTemplate\":\"https:\/\/devaharmony.com\/de\/?s={search_term_string}\"},\"query-input\":\"required name=search_term_string\"}],\"inLanguage\":\"de\"}]}<\/script>\n<!-- \/ Yoast SEO plugin. -->","yoast_head_json":{"title":"Lieferung und Zahlung - Deva Harmony Polen","robots":{"index":"index","follow":"follow","max-snippet":"max-snippet:-1","max-image-preview":"max-image-preview:large","max-video-preview":"max-video-preview:-1"},"canonical":"https:\/\/devaharmony.com\/de\/lieferung-und-zahlung\/","og_locale":"de_DE","og_type":"article","og_title":"Lieferung und Zahlung - Deva Harmony Polen","og_description":"Lieferfrist: bis zu 10 Tagen LIEFERUNG ZAHLUNG \u00dcBERWEISUNGSDATEN DH Deva 9 Ltd. Sp. z o. o.35-233 Rzesz\u00f3w,ul. Lubelska 29NIP (Taxpayer Identification Number): 813-384-50-54 Bankkonto Santander BankAccount in PLN 54109025900000000146995735Account in EUR 80109025900000000146995752Account in USD 20109025900000000146995765","og_url":"https:\/\/devaharmony.com\/de\/lieferung-und-zahlung\/","og_site_name":"Deva Harmony Polen","article_modified_time":"2024-10-03T10:28:16+00:00","twitter_card":"summary_large_image","twitter_misc":{"Gesch\u00e4tzte Lesezeit":"2\u00a0Minuten"},"schema":{"@context":"https:\/\/schema.org","@graph":[{"@type":"WebPage","@id":"https:\/\/devaharmony.com\/de\/lieferung-und-zahlung\/","url":"https:\/\/devaharmony.com\/de\/lieferung-und-zahlung\/","name":"Lieferung und Zahlung - Deva Harmony Polen","isPartOf":{"@id":"https:\/\/devaharmony.com\/de\/#website"},"datePublished":"2023-07-19T09:45:57+00:00","dateModified":"2024-10-03T10:28:16+00:00","breadcrumb":{"@id":"https:\/\/devaharmony.com\/de\/lieferung-und-zahlung\/#breadcrumb"},"inLanguage":"de","potentialAction":[{"@type":"ReadAction","target":["https:\/\/devaharmony.com\/de\/lieferung-und-zahlung\/"]}]},{"@type":"BreadcrumbList","@id":"https:\/\/devaharmony.com\/de\/lieferung-und-zahlung\/#breadcrumb","itemListElement":[{"@type":"ListItem","position":1,"name":"Home","item":"https:\/\/devaharmony.com\/de\/"},{"@type":"ListItem","position":2,"name":"Lieferung und Zahlung"}]},{"@type":"WebSite","@id":"https:\/\/devaharmony.com\/de\/#website","url":"https:\/\/devaharmony.com\/de\/","name":"Deva Harmony Polen","description":"Ayurvedische Nahrungserg\u00e4nzungsmittel","potentialAction":[{"@type":"SearchAction","target":{"@type":"EntryPoint","urlTemplate":"https:\/\/devaharmony.com\/de\/?s={search_term_string}"},"query-input":"required name=search_term_string"}],"inLanguage":"de"}]}},"_links":{"self":[{"href":"https:\/\/devaharmony.com\/de\/wp-json\/wp\/v2\/pages\/2317"}],"collection":[{"href":"https:\/\/devaharmony.com\/de\/wp-json\/wp\/v2\/pages"}],"about":[{"href":"https:\/\/devaharmony.com\/de\/wp-json\/wp\/v2\/types\/page"}],"author":[{"embeddable":true,"href":"https:\/\/devaharmony.com\/de\/wp-json\/wp\/v2\/users\/2051"}],"replies":[{"embeddable":true,"href":"https:\/\/devaharmony.com\/de\/wp-json\/wp\/v2\/comments?post=2317"}],"version-history":[{"count":14,"href":"https:\/\/devaharmony.com\/de\/wp-json\/wp\/v2\/pages\/2317\/revisions"}],"predecessor-version":[{"id":22650,"href":"https:\/\/devaharmony.com\/de\/wp-json\/wp\/v2\/pages\/2317\/revisions\/22650"}],"wp:attachment":[{"href":"https:\/\/devaharmony.com\/de\/wp-json\/wp\/v2\/media?parent=2317"}],"curies":[{"name":"wp","href":"https:\/\/api.w.org\/{rel}","templated":true}]}}