{"id":20624,"date":"2023-07-18T09:37:00","date_gmt":"2023-07-18T08:37:00","guid":{"rendered":"https:\/\/devaharmony.com\/de\/1-1-czym-jest-jiva\/"},"modified":"2023-08-18T08:14:33","modified_gmt":"2023-08-18T07:14:33","slug":"was-ist-jiva","status":"publish","type":"page","link":"https:\/\/devaharmony.com\/de\/was-ist-jiva\/","title":{"rendered":"Was ist JIVA?"},"content":{"rendered":"\n<p><strong>Gesundheitssuchende bef\u00e4higen<\/strong><\/p>\n\n\n\n<p>Jiva glaubt an die Bef\u00e4higung jedes Einzelnen mit Werkzeugen der Transformation.<\/p>\n\n\n\n<p>Wir arbeiten daran, jedes Detail \u00fcber Jiva so zu gestalten, dass es die Menschen \u00fcber Ayurveda aufkl\u00e4rt und sie bef\u00e4higt, ihr eigenes Wohlbefinden in die Hand zu nehmen.<\/p>\n\n\n\n<p>Wir tun dies, indem wir klare Behandlungspfade schaffen, Informationen geben, die die richtigen Ma\u00dfnahmen erm\u00f6glichen und indem wir ganzheitliche Arzneimittel verabreichen.<\/p>\n\n\n\n<p><strong>Empathie ist das Herzst\u00fcck unserer Wissenschaft vom Wohlbefinden<\/strong><\/p>\n\n\n\n<p>Jiva versteht die Bedeutung von H\u00e4ndchenhalten und positiver Verst\u00e4rkung in der Gesundheitsf\u00fcrsorge.<\/p>\n\n\n\n<p>Jivas auf Empathie basierender Behandlungsansatz entspringt der \u00dcberzeugung, dass, wenn die Wiederiherstellung des Gleichgewichts das ultimative Ziel der ayurvedischen Praxis ist, die Ausbildung gesunder Gewohnheiten ein integraler Bestandteil der Behandlung selbst sein muss.<\/p>\n\n\n\n<p>Wir tun dies, indem wir Jivas Welt und die Interaktionen mit den Gesundheitssuchenden so gestalten, dass sie sie dabei unterst\u00fctzen, den Weg zum Wohlbefinden einzuschlagen und beizubehalten.<\/p>\n\n\n\n<p><strong>Den rationalen und evidenzbasierten Urspr\u00fcngen treu bleiben<\/strong><\/p>\n\n\n\n<p>Jiva glaubt, dass Pramaan oder Beweise die Grundlage des Ayurveda seit der vedischen Zeit sind. Jedes Ungleichgewicht oder jede Krankheit hat eine rationale Erkl\u00e4rung im Ayurveda.<\/p>\n\n\n\n<p>Jiva bringt wissenschaftliche Strenge in die Ayurveda-Praxis. Unser Ziel ist es, Ayurveda in seiner wahren Form als rationale Wissenschaft wieder einzuf\u00fchren und nicht als traditionellen blinden Glauben.<\/p>\n\n\n\n<p>Wir tun dies, indem wir die Ayurveda-Praxis unserer Vaidyas mit der fortschrittlichen Technologie der Datenanalyse ausstatten. So k\u00f6nnen sie die Werkzeuge der modernen Technologie nutzen, um wirksame Diagnosen und Behandlungen durchzuf\u00fchren.<\/p>\n\n\n\n<p><strong>Anerkennen, dass jeder Jiva wirklich einzigartig ist<\/strong><\/p>\n\n\n\n<p>Jiva verankert sich in dem fundamentalen Ausgangspunkt des Ayurveda, dass jedes Individuum eine einzigartige Prakriti oder wahre-Natur hat..<\/p>\n\n\n\n<p>Wir glauben, dass die Unkenntnis dieser Einzigartigkeit von K\u00f6rper, Geist und Seele die Ursache f\u00fcr menschliches Unwohlsein und Leiden ist. Daher beginnen unsere Bem\u00fchungen schon lange vor der eigentlichen Behandlung, indem wir ein echtes Bewusstsein f\u00fcr Prakriti schaffen und dies in unsere Behandlungen einflie\u00dfen lassen.<\/p>\n\n\n\n<p>Wir tun dies, indem wir personalisierte Behandlungswege anbieten. Wir behandeln keine zwei Individiduelle gleich.<\/p>\n\n\n\n<p><strong>Wohlbefinden ist der Zustand des perfekten Gleichgewichts<\/strong><\/p>\n\n\n\n<p>Jiva glaubt, dass das einzig wahre Ziel der Wissenschaft des Ayurveda das Swasthya or Wohlbefinden eines jeden Einzelnen ist. Um Swasthya zu sein, muss man in einem Zustand des perfekten Gleichgewichts mit der Prakriti von K\u00f6rper, Geist und Seele sein.\u2006 \u2006 NB<\/p>\n\n\n\n<p>Swasthya selbst bedeutet, sich in seinem wahren Selbst zu befinden. Daher sind alle unsere Bem\u00fchungen darauf gerichtet, jedem Menschen zu helfen, dieses Gleichgewicht in seinem Leben durch Ern\u00e4hrung, Lebensstil, Bewegung, Therapie und Medizin zu erreichen.<\/p>\n\n\n\n<p>Wir f\u00f6rdern das Wohlbefinden, indem wir ayurvedische Behandlungswege entwickeln, die allen Menschen helfen, das Gleichgewicht in ihrem Leben wiederherzustellen und zu erhalten.<\/p>\n","protected":false},"excerpt":{"rendered":"<p>Gesundheitssuchende bef\u00e4higen Jiva glaubt an die Bef\u00e4higung jedes Einzelnen mit Werkzeugen der Transformation. Wir arbeiten daran, jedes Detail \u00fcber Jiva so zu gestalten, dass es die Menschen \u00fcber Ayurveda aufkl\u00e4rt und sie bef\u00e4higt, ihr eigenes Wohlbefinden in die Hand zu nehmen. Wir tun dies, indem wir klare Behandlungspfade schaffen, Informationen geben, die die richtigen Ma\u00dfnahmen [&hellip;]<\/p>\n","protected":false},"author":2051,"featured_media":0,"parent":0,"menu_order":0,"comment_status":"open","ping_status":"open","template":"","meta":{"footnotes":""},"class_list":["post-20624","page","type-page","status-publish","hentry"],"acf":[],"yoast_head":"<!-- This site is optimized with the Yoast SEO plugin v23.1 - https:\/\/yoast.com\/wordpress\/plugins\/seo\/ -->\n<title>Was ist JIVA? - Deva Harmony Polen<\/title>\n<meta name=\"robots\" content=\"index, follow, max-snippet:-1, max-image-preview:large, max-video-preview:-1\" \/>\n<link rel=\"canonical\" href=\"https:\/\/devaharmony.com\/de\/was-ist-jiva\/\" \/>\n<meta property=\"og:locale\" content=\"de_DE\" \/>\n<meta property=\"og:type\" content=\"article\" \/>\n<meta property=\"og:title\" content=\"Was ist JIVA? - Deva Harmony Polen\" \/>\n<meta property=\"og:description\" content=\"Gesundheitssuchende bef\u00e4higen Jiva glaubt an die Bef\u00e4higung jedes Einzelnen mit Werkzeugen der Transformation. Wir arbeiten daran, jedes Detail \u00fcber Jiva so zu gestalten, dass es die Menschen \u00fcber Ayurveda aufkl\u00e4rt und sie bef\u00e4higt, ihr eigenes Wohlbefinden in die Hand zu nehmen. Wir tun dies, indem wir klare Behandlungspfade schaffen, Informationen geben, die die richtigen Ma\u00dfnahmen [&hellip;]\" \/>\n<meta property=\"og:url\" content=\"https:\/\/devaharmony.com\/de\/was-ist-jiva\/\" \/>\n<meta property=\"og:site_name\" content=\"Deva Harmony Polen\" \/>\n<meta property=\"article:modified_time\" content=\"2023-08-18T07:14:33+00:00\" \/>\n<meta name=\"twitter:card\" content=\"summary_large_image\" \/>\n<meta name=\"twitter:label1\" content=\"Gesch\u00e4tzte Lesezeit\" \/>\n\t<meta name=\"twitter:data1\" content=\"2\u00a0Minuten\" \/>\n<script type=\"application\/ld+json\" class=\"yoast-schema-graph\">{\"@context\":\"https:\/\/schema.org\",\"@graph\":[{\"@type\":\"WebPage\",\"@id\":\"https:\/\/devaharmony.com\/de\/was-ist-jiva\/\",\"url\":\"https:\/\/devaharmony.com\/de\/was-ist-jiva\/\",\"name\":\"Was ist JIVA? - Deva Harmony Polen\",\"isPartOf\":{\"@id\":\"https:\/\/devaharmony.com\/de\/#website\"},\"datePublished\":\"2023-07-18T08:37:00+00:00\",\"dateModified\":\"2023-08-18T07:14:33+00:00\",\"breadcrumb\":{\"@id\":\"https:\/\/devaharmony.com\/de\/was-ist-jiva\/#breadcrumb\"},\"inLanguage\":\"de\",\"potentialAction\":[{\"@type\":\"ReadAction\",\"target\":[\"https:\/\/devaharmony.com\/de\/was-ist-jiva\/\"]}]},{\"@type\":\"BreadcrumbList\",\"@id\":\"https:\/\/devaharmony.com\/de\/was-ist-jiva\/#breadcrumb\",\"itemListElement\":[{\"@type\":\"ListItem\",\"position\":1,\"name\":\"Home\",\"item\":\"https:\/\/devaharmony.com\/de\/\"},{\"@type\":\"ListItem\",\"position\":2,\"name\":\"Was ist JIVA?\"}]},{\"@type\":\"WebSite\",\"@id\":\"https:\/\/devaharmony.com\/de\/#website\",\"url\":\"https:\/\/devaharmony.com\/de\/\",\"name\":\"Deva Harmony Polen\",\"description\":\"Ayurvedische Nahrungserg\u00e4nzungsmittel\",\"potentialAction\":[{\"@type\":\"SearchAction\",\"target\":{\"@type\":\"EntryPoint\",\"urlTemplate\":\"https:\/\/devaharmony.com\/de\/?s={search_term_string}\"},\"query-input\":\"required name=search_term_string\"}],\"inLanguage\":\"de\"}]}<\/script>\n<!-- \/ Yoast SEO plugin. -->","yoast_head_json":{"title":"Was ist JIVA? - Deva Harmony Polen","robots":{"index":"index","follow":"follow","max-snippet":"max-snippet:-1","max-image-preview":"max-image-preview:large","max-video-preview":"max-video-preview:-1"},"canonical":"https:\/\/devaharmony.com\/de\/was-ist-jiva\/","og_locale":"de_DE","og_type":"article","og_title":"Was ist JIVA? - Deva Harmony Polen","og_description":"Gesundheitssuchende bef\u00e4higen Jiva glaubt an die Bef\u00e4higung jedes Einzelnen mit Werkzeugen der Transformation. Wir arbeiten daran, jedes Detail \u00fcber Jiva so zu gestalten, dass es die Menschen \u00fcber Ayurveda aufkl\u00e4rt und sie bef\u00e4higt, ihr eigenes Wohlbefinden in die Hand zu nehmen. Wir tun dies, indem wir klare Behandlungspfade schaffen, Informationen geben, die die richtigen Ma\u00dfnahmen [&hellip;]","og_url":"https:\/\/devaharmony.com\/de\/was-ist-jiva\/","og_site_name":"Deva Harmony Polen","article_modified_time":"2023-08-18T07:14:33+00:00","twitter_card":"summary_large_image","twitter_misc":{"Gesch\u00e4tzte Lesezeit":"2\u00a0Minuten"},"schema":{"@context":"https:\/\/schema.org","@graph":[{"@type":"WebPage","@id":"https:\/\/devaharmony.com\/de\/was-ist-jiva\/","url":"https:\/\/devaharmony.com\/de\/was-ist-jiva\/","name":"Was ist JIVA? - Deva Harmony Polen","isPartOf":{"@id":"https:\/\/devaharmony.com\/de\/#website"},"datePublished":"2023-07-18T08:37:00+00:00","dateModified":"2023-08-18T07:14:33+00:00","breadcrumb":{"@id":"https:\/\/devaharmony.com\/de\/was-ist-jiva\/#breadcrumb"},"inLanguage":"de","potentialAction":[{"@type":"ReadAction","target":["https:\/\/devaharmony.com\/de\/was-ist-jiva\/"]}]},{"@type":"BreadcrumbList","@id":"https:\/\/devaharmony.com\/de\/was-ist-jiva\/#breadcrumb","itemListElement":[{"@type":"ListItem","position":1,"name":"Home","item":"https:\/\/devaharmony.com\/de\/"},{"@type":"ListItem","position":2,"name":"Was ist JIVA?"}]},{"@type":"WebSite","@id":"https:\/\/devaharmony.com\/de\/#website","url":"https:\/\/devaharmony.com\/de\/","name":"Deva Harmony Polen","description":"Ayurvedische Nahrungserg\u00e4nzungsmittel","potentialAction":[{"@type":"SearchAction","target":{"@type":"EntryPoint","urlTemplate":"https:\/\/devaharmony.com\/de\/?s={search_term_string}"},"query-input":"required name=search_term_string"}],"inLanguage":"de"}]}},"_links":{"self":[{"href":"https:\/\/devaharmony.com\/de\/wp-json\/wp\/v2\/pages\/20624"}],"collection":[{"href":"https:\/\/devaharmony.com\/de\/wp-json\/wp\/v2\/pages"}],"about":[{"href":"https:\/\/devaharmony.com\/de\/wp-json\/wp\/v2\/types\/page"}],"author":[{"embeddable":true,"href":"https:\/\/devaharmony.com\/de\/wp-json\/wp\/v2\/users\/2051"}],"replies":[{"embeddable":true,"href":"https:\/\/devaharmony.com\/de\/wp-json\/wp\/v2\/comments?post=20624"}],"version-history":[{"count":2,"href":"https:\/\/devaharmony.com\/de\/wp-json\/wp\/v2\/pages\/20624\/revisions"}],"predecessor-version":[{"id":21970,"href":"https:\/\/devaharmony.com\/de\/wp-json\/wp\/v2\/pages\/20624\/revisions\/21970"}],"wp:attachment":[{"href":"https:\/\/devaharmony.com\/de\/wp-json\/wp\/v2\/media?parent=20624"}],"curies":[{"name":"wp","href":"https:\/\/api.w.org\/{rel}","templated":true}]}}