{"id":168,"date":"2023-07-19T10:45:57","date_gmt":"2023-07-19T09:45:57","guid":{"rendered":"https:\/\/devaharmony.com\/de\/?page_id=168"},"modified":"2023-09-04T11:54:56","modified_gmt":"2023-09-04T10:54:56","slug":"startseite","status":"publish","type":"page","link":"https:\/\/devaharmony.com\/de\/","title":{"rendered":"Entdecken Sie die Kraft der Kr\u00e4uter in Jiva Ayurveda-Produkten und finden Sie Ihre innere Harmonie!"},"content":{"rendered":"\n<p style=\"text-align: justify\">Er sagt, das Geheimnis eines gesunden Lebens bestehe darin, ein Gleichgewicht zwischen K\u00f6rper, Seele und Geist zu finden. Um Heilung zu erleben, lohnt es sich, auf nat\u00fcrliche <strong><em>Methoden zur\u00fcckzugreifen, die dem K\u00f6rper seine volle Kraft zur\u00fcckgeben,<\/em><\/strong> Kr\u00e4utermedizin, k\u00f6rperliche Aktivit\u00e4t und eine richtige Ern\u00e4hrung sind die Basis. Um den Bed\u00fcrfnissen von Ayurveda-Praktikern gerecht zu werden, hat der DEVA Harmony Store <strong><em>Produkte von Jiva Ayurveda Europe in sein Angebot aufgenommen.<\/em><\/strong> Jedes von ihnen ist das Ergebnis sorgf\u00e4ltiger Arbeit bei das indische Jiva Ayurveda Institut. Nahrungserg\u00e4nzungsmittel und <a href=\"https:\/\/devaharmony.com\/de\/produkty-ajurwedyjskie\/kosmetika\/\"><strong><em>Jiva-Kosmetik<\/em><\/strong><\/a > werden seit Jahren auch au\u00dferhalb Indiens vertrieben, wodurch nicht nur Asien, sondern auch Europa Zugang zu nat\u00fcrlichen ayurvedischen Produkten hat. Schauen Sie sich an, was unser Gesch\u00e4ft zu bieten hat, und w\u00e4hlen Sie etwas speziell f\u00fcr Sie aus!<\/p><p style=\"text-align: justify\">Ayurveda ist die Kunst, bei guter Gesundheit zu leben: eine Sammlung traditioneller indischer Heilmethoden, die sich diesem Thema widmet alle. Wenn Ihnen <strong><em>ein ganzheitlicher Lebensansatz<\/em><\/strong> am Herzen liegt, <a href=\"https:\/\/devaharmony.com\/de\/ayurvedische-produkte\/\"> <strong <em>Ayurvedische Produkte<\/em><\/strong><\/a> aus unserem Shop sind genau das, was Sie suchen! Bei DEVA Harmony verkaufen wir ausgew\u00e4hlte <strong><em>Jiva Europe<\/em><\/strong>-Artikel, darunter Kosmetika und <a href=\"https:\/\/devatest.efficientweb.com.pl\/de\/ ayurvedische Produkte \/supplements\/\"><strong><em>ayurvedische Nahrungserg\u00e4nzungsmittel<\/em><\/strong><\/a> Jiva. Dar\u00fcber hinaus haben wir wertvolle <a href=\"https:\/\/devatest.efficientweb.com.pl\/de\/ayurvedic-products\/books\/\"><strong>B\u00fccher \u00fcber Ayurveda<\/strong><\/a> gesammelt und u. a Gro\u00dfe Auswahl an Spezialprodukten von Jiva Europa, unter denen Sie echte Juwelen finden. Lassen Sie sich von uns auf eine virtuelle <strong><em>Reise in die Welt der \u00e4ltesten Medizin \u2013 Ayurveda<\/em><\/strong> mitnehmen. Es ist Zeit, sich um Ihren K\u00f6rper, Ihre Seele und Ihren Geist zu k\u00fcmmern. All dies, um das Beste aus dem Leben zu machen!<\/p>\n\n\n\n<p><\/p>\n","protected":false},"excerpt":{"rendered":"<p>Er sagt, das Geheimnis eines gesunden Lebens bestehe darin, ein Gleichgewicht zwischen K\u00f6rper, Seele und Geist zu finden. Um Heilung zu erleben, lohnt es sich, auf nat\u00fcrliche Methoden zur\u00fcckzugreifen, die dem K\u00f6rper seine volle Kraft zur\u00fcckgeben, Kr\u00e4utermedizin, k\u00f6rperliche Aktivit\u00e4t und eine richtige Ern\u00e4hrung sind die Basis. Um den Bed\u00fcrfnissen von Ayurveda-Praktikern gerecht zu werden, hat [&hellip;]<\/p>\n","protected":false},"author":2051,"featured_media":0,"parent":0,"menu_order":0,"comment_status":"open","ping_status":"open","template":"start.php","meta":{"footnotes":""},"class_list":["post-168","page","type-page","status-publish","hentry"],"acf":[],"yoast_head":"<!-- This site is optimized with the Yoast SEO plugin v23.1 - https:\/\/yoast.com\/wordpress\/plugins\/seo\/ -->\n<title>Entdecken Sie die Kraft der Kr\u00e4uter in Jiva Ayurveda-Produkten und finden Sie Ihre innere Harmonie! - Deva Harmony Polen<\/title>\n<meta name=\"robots\" content=\"index, follow, max-snippet:-1, max-image-preview:large, max-video-preview:-1\" \/>\n<link rel=\"canonical\" href=\"https:\/\/devaharmony.com\/de\/\" \/>\n<meta property=\"og:locale\" content=\"de_DE\" \/>\n<meta property=\"og:type\" content=\"article\" \/>\n<meta property=\"og:title\" content=\"Entdecken Sie die Kraft der Kr\u00e4uter in Jiva Ayurveda-Produkten und finden Sie Ihre innere Harmonie! - Deva Harmony Polen\" \/>\n<meta property=\"og:description\" content=\"Er sagt, das Geheimnis eines gesunden Lebens bestehe darin, ein Gleichgewicht zwischen K\u00f6rper, Seele und Geist zu finden. Um Heilung zu erleben, lohnt es sich, auf nat\u00fcrliche Methoden zur\u00fcckzugreifen, die dem K\u00f6rper seine volle Kraft zur\u00fcckgeben, Kr\u00e4utermedizin, k\u00f6rperliche Aktivit\u00e4t und eine richtige Ern\u00e4hrung sind die Basis. Um den Bed\u00fcrfnissen von Ayurveda-Praktikern gerecht zu werden, hat [&hellip;]\" \/>\n<meta property=\"og:url\" content=\"https:\/\/devaharmony.com\/de\/\" \/>\n<meta property=\"og:site_name\" content=\"Deva Harmony Polen\" \/>\n<meta property=\"article:modified_time\" content=\"2023-09-04T10:54:56+00:00\" \/>\n<meta name=\"twitter:card\" content=\"summary_large_image\" \/>\n<meta name=\"twitter:label1\" content=\"Gesch\u00e4tzte Lesezeit\" \/>\n\t<meta name=\"twitter:data1\" content=\"2\u00a0Minuten\" \/>\n<script type=\"application\/ld+json\" class=\"yoast-schema-graph\">{\"@context\":\"https:\/\/schema.org\",\"@graph\":[{\"@type\":\"WebPage\",\"@id\":\"https:\/\/devaharmony.com\/de\/\",\"url\":\"https:\/\/devaharmony.com\/de\/\",\"name\":\"Entdecken Sie die Kraft der Kr\u00e4uter in Jiva Ayurveda-Produkten und finden Sie Ihre innere Harmonie! - Deva Harmony Polen\",\"isPartOf\":{\"@id\":\"https:\/\/devaharmony.com\/de\/#website\"},\"datePublished\":\"2023-07-19T09:45:57+00:00\",\"dateModified\":\"2023-09-04T10:54:56+00:00\",\"breadcrumb\":{\"@id\":\"https:\/\/devaharmony.com\/de\/#breadcrumb\"},\"inLanguage\":\"de\",\"potentialAction\":[{\"@type\":\"ReadAction\",\"target\":[\"https:\/\/devaharmony.com\/de\/\"]}]},{\"@type\":\"BreadcrumbList\",\"@id\":\"https:\/\/devaharmony.com\/de\/#breadcrumb\",\"itemListElement\":[{\"@type\":\"ListItem\",\"position\":1,\"name\":\"Home\",\"item\":\"https:\/\/devaharmony.com\/de\/\"},{\"@type\":\"ListItem\",\"position\":2,\"name\":\"Entdecken Sie die Kraft der Kr\u00e4uter in Jiva Ayurveda-Produkten und finden Sie Ihre innere Harmonie!\"}]},{\"@type\":\"WebSite\",\"@id\":\"https:\/\/devaharmony.com\/de\/#website\",\"url\":\"https:\/\/devaharmony.com\/de\/\",\"name\":\"Deva Harmony Polen\",\"description\":\"Ayurvedische Nahrungserg\u00e4nzungsmittel\",\"potentialAction\":[{\"@type\":\"SearchAction\",\"target\":{\"@type\":\"EntryPoint\",\"urlTemplate\":\"https:\/\/devaharmony.com\/de\/?s={search_term_string}\"},\"query-input\":\"required name=search_term_string\"}],\"inLanguage\":\"de\"}]}<\/script>\n<!-- \/ Yoast SEO plugin. -->","yoast_head_json":{"title":"Entdecken Sie die Kraft der Kr\u00e4uter in Jiva Ayurveda-Produkten und finden Sie Ihre innere Harmonie! - Deva Harmony Polen","robots":{"index":"index","follow":"follow","max-snippet":"max-snippet:-1","max-image-preview":"max-image-preview:large","max-video-preview":"max-video-preview:-1"},"canonical":"https:\/\/devaharmony.com\/de\/","og_locale":"de_DE","og_type":"article","og_title":"Entdecken Sie die Kraft der Kr\u00e4uter in Jiva Ayurveda-Produkten und finden Sie Ihre innere Harmonie! - Deva Harmony Polen","og_description":"Er sagt, das Geheimnis eines gesunden Lebens bestehe darin, ein Gleichgewicht zwischen K\u00f6rper, Seele und Geist zu finden. Um Heilung zu erleben, lohnt es sich, auf nat\u00fcrliche Methoden zur\u00fcckzugreifen, die dem K\u00f6rper seine volle Kraft zur\u00fcckgeben, Kr\u00e4utermedizin, k\u00f6rperliche Aktivit\u00e4t und eine richtige Ern\u00e4hrung sind die Basis. Um den Bed\u00fcrfnissen von Ayurveda-Praktikern gerecht zu werden, hat [&hellip;]","og_url":"https:\/\/devaharmony.com\/de\/","og_site_name":"Deva Harmony Polen","article_modified_time":"2023-09-04T10:54:56+00:00","twitter_card":"summary_large_image","twitter_misc":{"Gesch\u00e4tzte Lesezeit":"2\u00a0Minuten"},"schema":{"@context":"https:\/\/schema.org","@graph":[{"@type":"WebPage","@id":"https:\/\/devaharmony.com\/de\/","url":"https:\/\/devaharmony.com\/de\/","name":"Entdecken Sie die Kraft der Kr\u00e4uter in Jiva Ayurveda-Produkten und finden Sie Ihre innere Harmonie! - Deva Harmony Polen","isPartOf":{"@id":"https:\/\/devaharmony.com\/de\/#website"},"datePublished":"2023-07-19T09:45:57+00:00","dateModified":"2023-09-04T10:54:56+00:00","breadcrumb":{"@id":"https:\/\/devaharmony.com\/de\/#breadcrumb"},"inLanguage":"de","potentialAction":[{"@type":"ReadAction","target":["https:\/\/devaharmony.com\/de\/"]}]},{"@type":"BreadcrumbList","@id":"https:\/\/devaharmony.com\/de\/#breadcrumb","itemListElement":[{"@type":"ListItem","position":1,"name":"Home","item":"https:\/\/devaharmony.com\/de\/"},{"@type":"ListItem","position":2,"name":"Entdecken Sie die Kraft der Kr\u00e4uter in Jiva Ayurveda-Produkten und finden Sie Ihre innere Harmonie!"}]},{"@type":"WebSite","@id":"https:\/\/devaharmony.com\/de\/#website","url":"https:\/\/devaharmony.com\/de\/","name":"Deva Harmony Polen","description":"Ayurvedische Nahrungserg\u00e4nzungsmittel","potentialAction":[{"@type":"SearchAction","target":{"@type":"EntryPoint","urlTemplate":"https:\/\/devaharmony.com\/de\/?s={search_term_string}"},"query-input":"required name=search_term_string"}],"inLanguage":"de"}]}},"_links":{"self":[{"href":"https:\/\/devaharmony.com\/de\/wp-json\/wp\/v2\/pages\/168"}],"collection":[{"href":"https:\/\/devaharmony.com\/de\/wp-json\/wp\/v2\/pages"}],"about":[{"href":"https:\/\/devaharmony.com\/de\/wp-json\/wp\/v2\/types\/page"}],"author":[{"embeddable":true,"href":"https:\/\/devaharmony.com\/de\/wp-json\/wp\/v2\/users\/2051"}],"replies":[{"embeddable":true,"href":"https:\/\/devaharmony.com\/de\/wp-json\/wp\/v2\/comments?post=168"}],"version-history":[{"count":15,"href":"https:\/\/devaharmony.com\/de\/wp-json\/wp\/v2\/pages\/168\/revisions"}],"predecessor-version":[{"id":22021,"href":"https:\/\/devaharmony.com\/de\/wp-json\/wp\/v2\/pages\/168\/revisions\/22021"}],"wp:attachment":[{"href":"https:\/\/devaharmony.com\/de\/wp-json\/wp\/v2\/media?parent=168"}],"curies":[{"name":"wp","href":"https:\/\/api.w.org\/{rel}","templated":true}]}}