{"id":15,"date":"2023-07-19T10:45:57","date_gmt":"2023-07-19T09:45:57","guid":{"rendered":"https:\/\/devaharmony.com\/de\/?page_id=15"},"modified":"2023-07-20T13:18:34","modified_gmt":"2023-07-20T12:18:34","slug":"wo-sind-sie","status":"publish","type":"page","link":"https:\/\/devaharmony.com\/de\/wo-sind-sie\/","title":{"rendered":"Wo sind Sie?"},"content":{"rendered":"\n<p>Das uralte Wissen des Ayurveda ist nie verloren gegangen &#8211; es wurde einfach \u00fcber Generationen hinweg ignoriert, bis es unbekannt wurde. Der Mensch w\u00e4chst auf, ohne zu wissen, wie sein K\u00f6rper funktioniert, was f\u00fcr ihn individuell f\u00f6rderlich ist und was sich negativ auf K\u00f6rper, Sinne und Geist auswirkt. Die ayurvedische Medizin verhilft zu innerem Frieden und Gl\u00fcck und beugt auch vielen Krankheiten vor. Ein nat\u00fcrlicher Lebensstil, der sich an ein paar einfachen Grunds\u00e4tzen orientiert, kann Ihnen teure medizinische Behandlungen oder unn\u00f6tiges Leiden ersparen, das Sie schw\u00e4cht. Die ayurvedische Medizin, d.h. zu lernen, auf Ihren K\u00f6rper zu h\u00f6ren und seine Signale zu lesen, wird Ihnen helfen, gesund zu bleiben und Ihre t\u00e4gliche Produktivit\u00e4t und Lebenszufriedenheit zu steigern.<\/p>\n\n\n\n<p>Die ayurvedische Medizin ist eine Art Handbuch f\u00fcr den Menschen. Mit diesem Wissen \u00fcber das Leben sind Sie Ihr eigener Heiler. Sie sind auch Ihr eigener Personaltrainer, Ern\u00e4hrungsberater, Psychologe oder sogar Stylist und Kosmetiker.<\/p>\n\n\n\n<p>Sind die Prinzipien der ayurvedischen Medizin schwer zu verstehen und schwer anzuwenden? Sind diese uralten Geheimnisse der Weisheit nur f\u00fcr wenige und gl\u00fcckliche Menschen zug\u00e4nglich? Sie werden angenehm \u00fcberrascht sein, dass jeder sie leicht erlernen und sofort im Alltag anwenden kann. Die ayurvedische Medizin erfordert keine ausgefallenen Ger\u00e4te oder Spezialkenntnisse. In der Tat k\u00f6nnen viele Heilmittel f\u00fcr h\u00e4ufige Krankheiten in der Bequemlichkeit Ihrer eigenen K\u00fcche mit weithin verf\u00fcgbaren Gew\u00fcrzen oder Kr\u00e4utern zubereitet werden. Um Ihre Gesundheit zu erhalten, m\u00fcssen Sie lediglich die Eigenschaften Ihres K\u00f6rpers, die Eigenschaften Ihrer Ern\u00e4hrung, Ihren Lebensstil und Techniken zur Entspannung Ihres Geistes kennen. So sieht die ayurvedische Medizin aus dem Fernen Osten heute aus.<\/p>\n\n\n\n<p>Der erste Schritt ist bereits getan. Die ayurvedische Medizin wird in der ganzen Welt immer bekannter und das Interesse an ihr nimmt drastisch zu. Nun ist es an der Zeit, den n\u00e4chsten Schritt zu tun &#8211; die Konzepte und Prinzipien des traditionellen Ayurveda, wie sie in den Quellentexten aufgezeichnet sind, zu kl\u00e4ren und in einer modernen, v\u00f6llig verst\u00e4ndlichen und anschaulichen Weise zu vermitteln. Gegenw\u00e4rtig ist festzustellen, dass die zunehmende Verbreitung des Ayurveda zu seiner Kommerzialisierung und manchmal auch zu seinem Missbrauch gef\u00fchrt hat. Wir m\u00fcssen dieses Wissen bewahren, um sicherzustellen, dass die ayurvedische Medizin korrekt gelehrt wird und der Menschheit dient. Unser Shop m\u00f6chte Sie, liebe Leserinnen und Leser, auf unsere Sorgfalt bei der Auswahl von Produkten und Inhalten aufmerksam machen, die ausschlie\u00dflich aus der Quelle des Ayurveda stammen. Wir reagieren auf die Bed\u00fcrfnisse der modernen Zeit, denn jeder Mensch ist ein Wunder jenseits der Erkenntnis. Sie verdient daher das, was ihrer Natur nach entstanden ist.<\/p>\n\n\n\n<p>Altindische ayurvedische Medizin &#8211; ein Weg zur inneren Harmonie<\/p>\n\n\n\n<p>Diese Behandlungsmethode, die im Osten bereits vor vielen Jahren angewandt wurde, ist in ihrem Wesen sehr einfach. Sie basiert auf dem Grundsatz, dass jeder Mensch wertvoll ist und dass man sein Wissen \u00fcber die Funktionsweise von K\u00f6rper und Geist vertiefen muss, um ein Maximum an Lebensgl\u00fcck zu erreichen. M\u00f6chten Sie alle Arten von Krankheiten und unangenehmen Beschwerden vermeiden? Dann werfen Sie einen Blick auf das Sortiment, das der DEVA Harmony-Shop f\u00fcr Sie vorbereitet hat. Die hier angebotenen ayurvedischen Produkte sind nat\u00fcrliche Methoden, die Ihrem K\u00f6rper seine volle Kraft zur\u00fcckgeben. Nur wenige Menschen sind sich der Tatsache bewusst, dass sich die traditionelle ayurvedische Medizin durch ihr breites Wirkungsspektrum auszeichnet: Im wirksamen Ayurveda wird zwischen den Bereichen innere Krankheiten, allgemeine Chirurgie, Kinderheilkunde und Geburtshilfe, Toxikologie, Psychiatrie oder Fortpflanzung, HNO oder Langlebigkeit unterschieden. Schauen Sie sich unser einzigartiges Angebot f\u00fcr Naturkosmetik oder Nahrungserg\u00e4nzungsmittel an und sehen Sie selbst, welche positive Revolution die ayurvedische Medizin in Ihr Leben bringen kann. Dieses \u00e4lteste ganzheitliche Heilsystem kann Ihre Vorstellung von moderner Heilung und menschlicher Existenz f\u00fcr immer ver\u00e4ndern. Es nimmt die Konzepte und Prinzipien des traditionellen Ayurveda, die in den Quellentexten niedergeschrieben sind, auf und pr\u00e4sentiert sie auf moderne, v\u00f6llig verst\u00e4ndliche und authentische Weise. Gegenw\u00e4rtig ist festzustellen, dass die zunehmende Verbreitung des Ayurveda zu seiner Kommerzialisierung und manchmal auch zu seinem Missbrauch gef\u00fchrt hat. Wir m\u00fcssen dieses Wissen bewahren, um sicherzustellen, dass die ayurvedische Medizin korrekt gelehrt wird und der Menschheit dient. Unser Shop, liebe Leserin, lieber Leser, ist entstanden, um Sie auf unsere Sorgfalt bei der Auswahl von Produkten und Inhalten aufmerksam zu machen, die ausschlie\u00dflich aus dem Ayurveda stammen. Wir entsprechen dem Bed\u00fcrfnis der modernen Zeit, weil jeder Mensch ein Wunder jenseits der Erkenntnis ist. Er verdient daher das, was seiner Natur nach geschaffen wurde.<\/p>\n\n\n\n<p><\/p>\n","protected":false},"excerpt":{"rendered":"<p>Das uralte Wissen des Ayurveda ist nie verloren gegangen &#8211; es wurde einfach \u00fcber Generationen hinweg ignoriert, bis es unbekannt wurde. Der Mensch w\u00e4chst auf, ohne zu wissen, wie sein K\u00f6rper funktioniert, was f\u00fcr ihn individuell f\u00f6rderlich ist und was sich negativ auf K\u00f6rper, Sinne und Geist auswirkt. Die ayurvedische Medizin verhilft zu innerem Frieden [&hellip;]<\/p>\n","protected":false},"author":2051,"featured_media":0,"parent":0,"menu_order":0,"comment_status":"open","ping_status":"open","template":"","meta":{"footnotes":""},"class_list":["post-15","page","type-page","status-publish","hentry"],"acf":[],"yoast_head":"<!-- This site is optimized with the Yoast SEO plugin v23.1 - https:\/\/yoast.com\/wordpress\/plugins\/seo\/ -->\n<title>Wo sind Sie? - Deva Harmony Polen<\/title>\n<meta name=\"robots\" content=\"index, follow, max-snippet:-1, max-image-preview:large, max-video-preview:-1\" \/>\n<link rel=\"canonical\" href=\"https:\/\/devaharmony.com\/de\/wo-sind-sie\/\" \/>\n<meta property=\"og:locale\" content=\"de_DE\" \/>\n<meta property=\"og:type\" content=\"article\" \/>\n<meta property=\"og:title\" content=\"Wo sind Sie? - Deva Harmony Polen\" \/>\n<meta property=\"og:description\" content=\"Das uralte Wissen des Ayurveda ist nie verloren gegangen &#8211; es wurde einfach \u00fcber Generationen hinweg ignoriert, bis es unbekannt wurde. Der Mensch w\u00e4chst auf, ohne zu wissen, wie sein K\u00f6rper funktioniert, was f\u00fcr ihn individuell f\u00f6rderlich ist und was sich negativ auf K\u00f6rper, Sinne und Geist auswirkt. Die ayurvedische Medizin verhilft zu innerem Frieden [&hellip;]\" \/>\n<meta property=\"og:url\" content=\"https:\/\/devaharmony.com\/de\/wo-sind-sie\/\" \/>\n<meta property=\"og:site_name\" content=\"Deva Harmony Polen\" \/>\n<meta property=\"article:modified_time\" content=\"2023-07-20T12:18:34+00:00\" \/>\n<meta name=\"twitter:card\" content=\"summary_large_image\" \/>\n<meta name=\"twitter:label1\" content=\"Gesch\u00e4tzte Lesezeit\" \/>\n\t<meta name=\"twitter:data1\" content=\"4\u00a0Minuten\" \/>\n<script type=\"application\/ld+json\" class=\"yoast-schema-graph\">{\"@context\":\"https:\/\/schema.org\",\"@graph\":[{\"@type\":\"WebPage\",\"@id\":\"https:\/\/devaharmony.com\/de\/wo-sind-sie\/\",\"url\":\"https:\/\/devaharmony.com\/de\/wo-sind-sie\/\",\"name\":\"Wo sind Sie? - Deva Harmony Polen\",\"isPartOf\":{\"@id\":\"https:\/\/devaharmony.com\/de\/#website\"},\"datePublished\":\"2023-07-19T09:45:57+00:00\",\"dateModified\":\"2023-07-20T12:18:34+00:00\",\"breadcrumb\":{\"@id\":\"https:\/\/devaharmony.com\/de\/wo-sind-sie\/#breadcrumb\"},\"inLanguage\":\"de\",\"potentialAction\":[{\"@type\":\"ReadAction\",\"target\":[\"https:\/\/devaharmony.com\/de\/wo-sind-sie\/\"]}]},{\"@type\":\"BreadcrumbList\",\"@id\":\"https:\/\/devaharmony.com\/de\/wo-sind-sie\/#breadcrumb\",\"itemListElement\":[{\"@type\":\"ListItem\",\"position\":1,\"name\":\"Home\",\"item\":\"https:\/\/devaharmony.com\/de\/\"},{\"@type\":\"ListItem\",\"position\":2,\"name\":\"Wo sind Sie?\"}]},{\"@type\":\"WebSite\",\"@id\":\"https:\/\/devaharmony.com\/de\/#website\",\"url\":\"https:\/\/devaharmony.com\/de\/\",\"name\":\"Deva Harmony Polen\",\"description\":\"Ayurvedische Nahrungserg\u00e4nzungsmittel\",\"potentialAction\":[{\"@type\":\"SearchAction\",\"target\":{\"@type\":\"EntryPoint\",\"urlTemplate\":\"https:\/\/devaharmony.com\/de\/?s={search_term_string}\"},\"query-input\":\"required name=search_term_string\"}],\"inLanguage\":\"de\"}]}<\/script>\n<!-- \/ Yoast SEO plugin. -->","yoast_head_json":{"title":"Wo sind Sie? - Deva Harmony Polen","robots":{"index":"index","follow":"follow","max-snippet":"max-snippet:-1","max-image-preview":"max-image-preview:large","max-video-preview":"max-video-preview:-1"},"canonical":"https:\/\/devaharmony.com\/de\/wo-sind-sie\/","og_locale":"de_DE","og_type":"article","og_title":"Wo sind Sie? - Deva Harmony Polen","og_description":"Das uralte Wissen des Ayurveda ist nie verloren gegangen &#8211; es wurde einfach \u00fcber Generationen hinweg ignoriert, bis es unbekannt wurde. Der Mensch w\u00e4chst auf, ohne zu wissen, wie sein K\u00f6rper funktioniert, was f\u00fcr ihn individuell f\u00f6rderlich ist und was sich negativ auf K\u00f6rper, Sinne und Geist auswirkt. Die ayurvedische Medizin verhilft zu innerem Frieden [&hellip;]","og_url":"https:\/\/devaharmony.com\/de\/wo-sind-sie\/","og_site_name":"Deva Harmony Polen","article_modified_time":"2023-07-20T12:18:34+00:00","twitter_card":"summary_large_image","twitter_misc":{"Gesch\u00e4tzte Lesezeit":"4\u00a0Minuten"},"schema":{"@context":"https:\/\/schema.org","@graph":[{"@type":"WebPage","@id":"https:\/\/devaharmony.com\/de\/wo-sind-sie\/","url":"https:\/\/devaharmony.com\/de\/wo-sind-sie\/","name":"Wo sind Sie? - Deva Harmony Polen","isPartOf":{"@id":"https:\/\/devaharmony.com\/de\/#website"},"datePublished":"2023-07-19T09:45:57+00:00","dateModified":"2023-07-20T12:18:34+00:00","breadcrumb":{"@id":"https:\/\/devaharmony.com\/de\/wo-sind-sie\/#breadcrumb"},"inLanguage":"de","potentialAction":[{"@type":"ReadAction","target":["https:\/\/devaharmony.com\/de\/wo-sind-sie\/"]}]},{"@type":"BreadcrumbList","@id":"https:\/\/devaharmony.com\/de\/wo-sind-sie\/#breadcrumb","itemListElement":[{"@type":"ListItem","position":1,"name":"Home","item":"https:\/\/devaharmony.com\/de\/"},{"@type":"ListItem","position":2,"name":"Wo sind Sie?"}]},{"@type":"WebSite","@id":"https:\/\/devaharmony.com\/de\/#website","url":"https:\/\/devaharmony.com\/de\/","name":"Deva Harmony Polen","description":"Ayurvedische Nahrungserg\u00e4nzungsmittel","potentialAction":[{"@type":"SearchAction","target":{"@type":"EntryPoint","urlTemplate":"https:\/\/devaharmony.com\/de\/?s={search_term_string}"},"query-input":"required name=search_term_string"}],"inLanguage":"de"}]}},"_links":{"self":[{"href":"https:\/\/devaharmony.com\/de\/wp-json\/wp\/v2\/pages\/15"}],"collection":[{"href":"https:\/\/devaharmony.com\/de\/wp-json\/wp\/v2\/pages"}],"about":[{"href":"https:\/\/devaharmony.com\/de\/wp-json\/wp\/v2\/types\/page"}],"author":[{"embeddable":true,"href":"https:\/\/devaharmony.com\/de\/wp-json\/wp\/v2\/users\/2051"}],"replies":[{"embeddable":true,"href":"https:\/\/devaharmony.com\/de\/wp-json\/wp\/v2\/comments?post=15"}],"version-history":[{"count":23,"href":"https:\/\/devaharmony.com\/de\/wp-json\/wp\/v2\/pages\/15\/revisions"}],"predecessor-version":[{"id":20787,"href":"https:\/\/devaharmony.com\/de\/wp-json\/wp\/v2\/pages\/15\/revisions\/20787"}],"wp:attachment":[{"href":"https:\/\/devaharmony.com\/de\/wp-json\/wp\/v2\/media?parent=15"}],"curies":[{"name":"wp","href":"https:\/\/api.w.org\/{rel}","templated":true}]}}