{"id":1215,"date":"2023-07-19T10:45:57","date_gmt":"2023-07-19T09:45:57","guid":{"rendered":"https:\/\/devaharmony.com\/de\/?page_id=1215"},"modified":"2024-10-03T11:32:18","modified_gmt":"2024-10-03T10:32:18","slug":"kontakt","status":"publish","type":"page","link":"https:\/\/devaharmony.com\/de\/kontakt\/","title":{"rendered":"Kontakt"},"content":{"rendered":"\n<div class=\"wp-block-columns is-layout-flex wp-container-core-columns-is-layout-1 wp-block-columns-is-layout-flex\">\n<div class=\"wp-block-column is-layout-flow wp-block-column-is-layout-flow\" style=\"flex-basis:66.66%\">\n<p><\/p>\n\n\n\n<div class=\"wp-block-contact-form-7-contact-form-selector\">\n<div class=\"wpcf7 no-js\" id=\"wpcf7-f1214-o1\" lang=\"pl-PL\" dir=\"ltr\">\n<div class=\"screen-reader-response\"><p role=\"status\" aria-live=\"polite\" aria-atomic=\"true\"><\/p> <ul><\/ul><\/div>\n<form action=\"\/de\/wp-json\/wp\/v2\/pages\/1215#wpcf7-f1214-o1\" method=\"post\" class=\"wpcf7-form init\" aria-label=\"Formularz kontaktowy\" novalidate=\"novalidate\" data-status=\"init\">\n<div style=\"display: none;\">\n<input type=\"hidden\" name=\"_wpcf7\" value=\"1214\" \/>\n<input type=\"hidden\" name=\"_wpcf7_version\" value=\"5.9.8\" \/>\n<input type=\"hidden\" name=\"_wpcf7_locale\" value=\"pl_PL\" \/>\n<input type=\"hidden\" name=\"_wpcf7_unit_tag\" value=\"wpcf7-f1214-o1\" \/>\n<input type=\"hidden\" name=\"_wpcf7_container_post\" value=\"0\" \/>\n<input type=\"hidden\" name=\"_wpcf7_posted_data_hash\" value=\"\" \/>\n<input type=\"hidden\" name=\"_wpcf7_recaptcha_response\" value=\"\" \/>\n<\/div>\n<p><span class=\"wpcf7-form-control-wrap\" data-name=\"your-name\"><input size=\"40\" maxlength=\"400\" class=\"wpcf7-form-control wpcf7-text\" aria-invalid=\"false\" placeholder=\"Ihr Name\" value=\"\" type=\"text\" name=\"your-name\" \/><\/span>\n<\/p>\n<p><span class=\"wpcf7-form-control-wrap\" data-name=\"your-email\"><input size=\"40\" maxlength=\"400\" class=\"wpcf7-form-control wpcf7-email wpcf7-validates-as-required wpcf7-text wpcf7-validates-as-email\" aria-required=\"true\" aria-invalid=\"false\" placeholder=\"Email\" value=\"\" type=\"email\" name=\"your-email\" \/><\/span>\n<\/p>\n<p><span class=\"wpcf7-form-control-wrap\" data-name=\"your-tel\"><input size=\"40\" maxlength=\"400\" class=\"wpcf7-form-control wpcf7-tel wpcf7-text wpcf7-validates-as-tel\" aria-invalid=\"false\" placeholder=\"Rufnummer\" value=\"\" type=\"tel\" name=\"your-tel\" \/><\/span>\n<\/p>\n<p><span class=\"wpcf7-form-control-wrap\" data-name=\"your-subject\"><input size=\"40\" maxlength=\"400\" class=\"wpcf7-form-control wpcf7-text\" aria-invalid=\"false\" placeholder=\"Thema\" value=\"\" type=\"text\" name=\"your-subject\" \/><\/span>\n<\/p>\n<p><span class=\"wpcf7-form-control-wrap\" data-name=\"your-message\"><textarea cols=\"40\" rows=\"10\" maxlength=\"2000\" class=\"wpcf7-form-control wpcf7-textarea wpcf7-validates-as-required\" aria-required=\"true\" aria-invalid=\"false\" placeholder=\"Wie k\u00f6nnen wir Ihnen helfen?\" name=\"your-message\"><\/textarea><\/span>\n<\/p>\n<div class=\"checkbox-wrapper\">\n\t<p><span class=\"wpcf7-form-control-wrap\" data-name=\"accept-this-1\"><span class=\"wpcf7-form-control wpcf7-acceptance\"><span class=\"wpcf7-list-item\"><input type=\"checkbox\" name=\"accept-this-1\" value=\"1\" aria-invalid=\"false\" \/><\/span><\/span><\/span>\n\t<\/p>\n\t<div class=\"text-div\">\n\t\t<p>Ich bin mit der Verarbeitung meiner pers\u00f6nlichen Daten durch das Website-Team Deva Harmony Ltd. Sp. K. <a href=\"\/de\/datenschutzerklarung\/\">View the Privacy Policy<\/a>\n\t\t<\/p>\n\t<\/div>\n<\/div>\n<p><input class=\"wpcf7-form-control wpcf7-submit has-spinner\" type=\"submit\" value=\"Senden\" \/>\n<\/p><p style=\"display: none !important;\" class=\"akismet-fields-container\" data-prefix=\"_wpcf7_ak_\"><label>&#916;<textarea name=\"_wpcf7_ak_hp_textarea\" cols=\"45\" rows=\"8\" maxlength=\"100\"><\/textarea><\/label><input type=\"hidden\" id=\"ak_js_1\" name=\"_wpcf7_ak_js\" value=\"133\"\/><script>document.getElementById( \"ak_js_1\" ).setAttribute( \"value\", ( new Date() ).getTime() );<\/script><\/p><div class=\"wpcf7-response-output\" aria-hidden=\"true\"><\/div>\n<\/form>\n<\/div>\n<\/div>\n<\/div>\n\n\n\n<div class=\"wp-block-column is-layout-flow wp-block-column-is-layout-flow\" style=\"flex-basis:33.33%\">\n<figure class=\"wp-block-image size-large logo-contact\"><img fetchpriority=\"high\" decoding=\"async\" width=\"476\" height=\"485\" src=\"https:\/\/devatest.efficientweb.com.pl\/de\/wp-content\/uploads\/sites\/4\/2021\/03\/logo-1.png\" alt=\"logo Deva Harmony pionowe\" class=\"wp-image-706\" srcset=\"https:\/\/devaharmony.com\/de\/wp-content\/uploads\/2021\/03\/logo-1.png 476w, https:\/\/devaharmony.com\/de\/wp-content\/uploads\/2021\/03\/logo-1-300x306.png 300w, https:\/\/devaharmony.com\/de\/wp-content\/uploads\/2021\/03\/logo-1-294x300.png 294w\" sizes=\"(max-width: 476px) 100vw, 476px\" \/><\/figure>\n<\/div>\n<\/div>\n\n\n\n<h2 class=\"wp-block-heading\"><br>Kundendients<\/h2>\n\n\n\n<h3 class=\"wp-block-heading\"><a href=\"tel:+48531022011\"><strong>+48 531 022 011<\/strong><\/a><\/h3>\n\n\n\n<h3 class=\"wp-block-heading\"><a href=\"tel:+48536022011\"><strong>+48 536 022 011<\/strong><\/a><\/h3>\n\n\n\n<p><a href=\"mailto:sklep@devaharmony.com\"><strong>sklep@devaharmony.com<\/strong><\/a> &#8211; Verkauf, Vertrieb, Angelegenheiten bez\u00fcglich der Sendungen und Rechnungen<\/p>\n\n\n\n<p><a href=\"mailto:biuro@devaharmony.com\"><strong>biuro@devaharmony.com<\/strong><\/a> &#8211; Eigent\u00fcmer, Unternehmensorganisation, Kontakt mit dem Hersteller JIVA<\/p>\n\n\n\n<p>Ge\u00f6ffnet Montag bis Freitag 8:00 &#8211; 16:00.<\/p>\n\n\n\n<p><a href=\"https:\/\/www.facebook.com\/devaharmony\/\" target=\"_blank\" rel=\"noreferrer noopener\">Deva Harmony auf facebook.com<\/a><br><br><\/p>\n\n\n\n<p><\/p>\n\n\n\n<h2 class=\"wp-block-heading\"><br>Daten zum Unternehmen<\/h2>\n\n\n\n<p>DH Deva 9 Sp. z o. o. <br>35-233 Rzesz\u00f3w,<br>ul. Lubelska 29<br>NIP: 813-384-50-54<\/p>\n\n\n\n<p><\/p>\n\n\n\n<h2 class=\"wp-block-heading\"><br>Bankkonto<\/h2>\n\n\n\n<p class=\"konta-bankowe\">Bank Santander<br>Konto in <strong>PLN<\/strong> 54109025900000000146995735<br>Konto in <strong>EUR<\/strong> 80109025900000000146995752<br>Konto in <strong>USD<\/strong> 20109025900000000146995765<\/p>\n","protected":false},"excerpt":{"rendered":"<p>Kundendients +48 531 022 011 +48 536 022 011 sklep@devaharmony.com &#8211; Verkauf, Vertrieb, Angelegenheiten bez\u00fcglich der Sendungen und Rechnungen biuro@devaharmony.com &#8211; Eigent\u00fcmer, Unternehmensorganisation, Kontakt mit dem Hersteller JIVA Ge\u00f6ffnet Montag bis Freitag 8:00 &#8211; 16:00. Deva Harmony auf facebook.com Daten zum Unternehmen DH Deva 9 Sp. z o. o. 35-233 Rzesz\u00f3w,ul. Lubelska 29NIP: 813-384-50-54 Bankkonto [&hellip;]<\/p>\n","protected":false},"author":2051,"featured_media":0,"parent":0,"menu_order":0,"comment_status":"open","ping_status":"closed","template":"","meta":{"footnotes":""},"class_list":["post-1215","page","type-page","status-publish","hentry"],"acf":[],"yoast_head":"<!-- This site is optimized with the Yoast SEO plugin v23.1 - https:\/\/yoast.com\/wordpress\/plugins\/seo\/ -->\n<title>Kontakt - Deva Harmony Polen<\/title>\n<meta name=\"robots\" content=\"index, follow, max-snippet:-1, max-image-preview:large, max-video-preview:-1\" \/>\n<link rel=\"canonical\" href=\"https:\/\/devaharmony.com\/de\/kontakt\/\" \/>\n<meta property=\"og:locale\" content=\"de_DE\" \/>\n<meta property=\"og:type\" content=\"article\" \/>\n<meta property=\"og:title\" content=\"Kontakt - Deva Harmony Polen\" \/>\n<meta property=\"og:description\" content=\"Kundendients +48 531 022 011 +48 536 022 011 sklep@devaharmony.com &#8211; Verkauf, Vertrieb, Angelegenheiten bez\u00fcglich der Sendungen und Rechnungen biuro@devaharmony.com &#8211; Eigent\u00fcmer, Unternehmensorganisation, Kontakt mit dem Hersteller JIVA Ge\u00f6ffnet Montag bis Freitag 8:00 &#8211; 16:00. Deva Harmony auf facebook.com Daten zum Unternehmen DH Deva 9 Sp. z o. o. 35-233 Rzesz\u00f3w,ul. Lubelska 29NIP: 813-384-50-54 Bankkonto [&hellip;]\" \/>\n<meta property=\"og:url\" content=\"https:\/\/devaharmony.com\/de\/kontakt\/\" \/>\n<meta property=\"og:site_name\" content=\"Deva Harmony Polen\" \/>\n<meta property=\"article:modified_time\" content=\"2024-10-03T10:32:18+00:00\" \/>\n<meta property=\"og:image\" content=\"https:\/\/devatest.efficientweb.com.pl\/de\/wp-content\/uploads\/sites\/4\/2021\/03\/logo-1.png\" \/>\n<meta name=\"twitter:card\" content=\"summary_large_image\" \/>\n<meta name=\"twitter:label1\" content=\"Gesch\u00e4tzte Lesezeit\" \/>\n\t<meta name=\"twitter:data1\" content=\"1\u00a0Minute\" \/>\n<script type=\"application\/ld+json\" class=\"yoast-schema-graph\">{\"@context\":\"https:\/\/schema.org\",\"@graph\":[{\"@type\":\"WebPage\",\"@id\":\"https:\/\/devaharmony.com\/de\/kontakt\/\",\"url\":\"https:\/\/devaharmony.com\/de\/kontakt\/\",\"name\":\"Kontakt - Deva Harmony Polen\",\"isPartOf\":{\"@id\":\"https:\/\/devaharmony.com\/de\/#website\"},\"primaryImageOfPage\":{\"@id\":\"https:\/\/devaharmony.com\/de\/kontakt\/#primaryimage\"},\"image\":{\"@id\":\"https:\/\/devaharmony.com\/de\/kontakt\/#primaryimage\"},\"thumbnailUrl\":\"https:\/\/devatest.efficientweb.com.pl\/de\/wp-content\/uploads\/sites\/4\/2021\/03\/logo-1.png\",\"datePublished\":\"2023-07-19T09:45:57+00:00\",\"dateModified\":\"2024-10-03T10:32:18+00:00\",\"breadcrumb\":{\"@id\":\"https:\/\/devaharmony.com\/de\/kontakt\/#breadcrumb\"},\"inLanguage\":\"de\",\"potentialAction\":[{\"@type\":\"ReadAction\",\"target\":[\"https:\/\/devaharmony.com\/de\/kontakt\/\"]}]},{\"@type\":\"ImageObject\",\"inLanguage\":\"de\",\"@id\":\"https:\/\/devaharmony.com\/de\/kontakt\/#primaryimage\",\"url\":\"https:\/\/devatest.efficientweb.com.pl\/de\/wp-content\/uploads\/sites\/4\/2021\/03\/logo-1.png\",\"contentUrl\":\"https:\/\/devatest.efficientweb.com.pl\/de\/wp-content\/uploads\/sites\/4\/2021\/03\/logo-1.png\"},{\"@type\":\"BreadcrumbList\",\"@id\":\"https:\/\/devaharmony.com\/de\/kontakt\/#breadcrumb\",\"itemListElement\":[{\"@type\":\"ListItem\",\"position\":1,\"name\":\"Home\",\"item\":\"https:\/\/devaharmony.com\/de\/\"},{\"@type\":\"ListItem\",\"position\":2,\"name\":\"Kontakt\"}]},{\"@type\":\"WebSite\",\"@id\":\"https:\/\/devaharmony.com\/de\/#website\",\"url\":\"https:\/\/devaharmony.com\/de\/\",\"name\":\"Deva Harmony Polen\",\"description\":\"Ayurvedische Nahrungserg\u00e4nzungsmittel\",\"potentialAction\":[{\"@type\":\"SearchAction\",\"target\":{\"@type\":\"EntryPoint\",\"urlTemplate\":\"https:\/\/devaharmony.com\/de\/?s={search_term_string}\"},\"query-input\":\"required name=search_term_string\"}],\"inLanguage\":\"de\"}]}<\/script>\n<!-- \/ Yoast SEO plugin. -->","yoast_head_json":{"title":"Kontakt - Deva Harmony Polen","robots":{"index":"index","follow":"follow","max-snippet":"max-snippet:-1","max-image-preview":"max-image-preview:large","max-video-preview":"max-video-preview:-1"},"canonical":"https:\/\/devaharmony.com\/de\/kontakt\/","og_locale":"de_DE","og_type":"article","og_title":"Kontakt - Deva Harmony Polen","og_description":"Kundendients +48 531 022 011 +48 536 022 011 sklep@devaharmony.com &#8211; Verkauf, Vertrieb, Angelegenheiten bez\u00fcglich der Sendungen und Rechnungen biuro@devaharmony.com &#8211; Eigent\u00fcmer, Unternehmensorganisation, Kontakt mit dem Hersteller JIVA Ge\u00f6ffnet Montag bis Freitag 8:00 &#8211; 16:00. Deva Harmony auf facebook.com Daten zum Unternehmen DH Deva 9 Sp. z o. o. 35-233 Rzesz\u00f3w,ul. Lubelska 29NIP: 813-384-50-54 Bankkonto [&hellip;]","og_url":"https:\/\/devaharmony.com\/de\/kontakt\/","og_site_name":"Deva Harmony Polen","article_modified_time":"2024-10-03T10:32:18+00:00","og_image":[{"url":"https:\/\/devatest.efficientweb.com.pl\/de\/wp-content\/uploads\/sites\/4\/2021\/03\/logo-1.png"}],"twitter_card":"summary_large_image","twitter_misc":{"Gesch\u00e4tzte Lesezeit":"1\u00a0Minute"},"schema":{"@context":"https:\/\/schema.org","@graph":[{"@type":"WebPage","@id":"https:\/\/devaharmony.com\/de\/kontakt\/","url":"https:\/\/devaharmony.com\/de\/kontakt\/","name":"Kontakt - Deva Harmony Polen","isPartOf":{"@id":"https:\/\/devaharmony.com\/de\/#website"},"primaryImageOfPage":{"@id":"https:\/\/devaharmony.com\/de\/kontakt\/#primaryimage"},"image":{"@id":"https:\/\/devaharmony.com\/de\/kontakt\/#primaryimage"},"thumbnailUrl":"https:\/\/devatest.efficientweb.com.pl\/de\/wp-content\/uploads\/sites\/4\/2021\/03\/logo-1.png","datePublished":"2023-07-19T09:45:57+00:00","dateModified":"2024-10-03T10:32:18+00:00","breadcrumb":{"@id":"https:\/\/devaharmony.com\/de\/kontakt\/#breadcrumb"},"inLanguage":"de","potentialAction":[{"@type":"ReadAction","target":["https:\/\/devaharmony.com\/de\/kontakt\/"]}]},{"@type":"ImageObject","inLanguage":"de","@id":"https:\/\/devaharmony.com\/de\/kontakt\/#primaryimage","url":"https:\/\/devatest.efficientweb.com.pl\/de\/wp-content\/uploads\/sites\/4\/2021\/03\/logo-1.png","contentUrl":"https:\/\/devatest.efficientweb.com.pl\/de\/wp-content\/uploads\/sites\/4\/2021\/03\/logo-1.png"},{"@type":"BreadcrumbList","@id":"https:\/\/devaharmony.com\/de\/kontakt\/#breadcrumb","itemListElement":[{"@type":"ListItem","position":1,"name":"Home","item":"https:\/\/devaharmony.com\/de\/"},{"@type":"ListItem","position":2,"name":"Kontakt"}]},{"@type":"WebSite","@id":"https:\/\/devaharmony.com\/de\/#website","url":"https:\/\/devaharmony.com\/de\/","name":"Deva Harmony Polen","description":"Ayurvedische Nahrungserg\u00e4nzungsmittel","potentialAction":[{"@type":"SearchAction","target":{"@type":"EntryPoint","urlTemplate":"https:\/\/devaharmony.com\/de\/?s={search_term_string}"},"query-input":"required name=search_term_string"}],"inLanguage":"de"}]}},"_links":{"self":[{"href":"https:\/\/devaharmony.com\/de\/wp-json\/wp\/v2\/pages\/1215"}],"collection":[{"href":"https:\/\/devaharmony.com\/de\/wp-json\/wp\/v2\/pages"}],"about":[{"href":"https:\/\/devaharmony.com\/de\/wp-json\/wp\/v2\/types\/page"}],"author":[{"embeddable":true,"href":"https:\/\/devaharmony.com\/de\/wp-json\/wp\/v2\/users\/2051"}],"replies":[{"embeddable":true,"href":"https:\/\/devaharmony.com\/de\/wp-json\/wp\/v2\/comments?post=1215"}],"version-history":[{"count":31,"href":"https:\/\/devaharmony.com\/de\/wp-json\/wp\/v2\/pages\/1215\/revisions"}],"predecessor-version":[{"id":22653,"href":"https:\/\/devaharmony.com\/de\/wp-json\/wp\/v2\/pages\/1215\/revisions\/22653"}],"wp:attachment":[{"href":"https:\/\/devaharmony.com\/de\/wp-json\/wp\/v2\/media?parent=1215"}],"curies":[{"name":"wp","href":"https:\/\/api.w.org\/{rel}","templated":true}]}}