{"id":118,"date":"2023-07-19T10:45:57","date_gmt":"2023-07-19T09:45:57","guid":{"rendered":"https:\/\/devaharmony.com\/de\/?page_id=118"},"modified":"2023-07-20T13:22:11","modified_gmt":"2023-07-20T12:22:11","slug":"botschafter","status":"publish","type":"page","link":"https:\/\/devaharmony.com\/de\/botschafter\/","title":{"rendered":"Botschafter"},"content":{"rendered":"\n<p><\/p>\n\n\n\n<p class=\"has-text-align-left\"><strong><img decoding=\"async\" width=\"120\" height=\"123\" src=\"https:\/\/lh5.googleusercontent.com\/XmJ3xfaNya8JawLJIt6MdU_Cv8eBSnySU5WMGAKBgooYk9C6eSRYEY9ZpOSrJJ9c4KEzQBgfND8fg4opZQ59N1HSv6qaab_MsamJYUp4QOtoJZmBnIx48_gvCjHQYQ\"><\/strong><\/p>\n\n\n\n<p>Eine enthusiastische Person, die die \u00f6stliche Philosophie, Ayurweda, f\u00fchlt und versteht. Pr\u00e4sent in den sozialen Medien mit einem mittleren bis gro\u00dfen Netzwerkpublikum. Meinungsf\u00fchrer (KOL) in ihrer Gemeinschaft.<\/p>\n\n\n\n<p>F\u00f6rderung der Marke DEVA Harmony \u00fcber ihre pers\u00f6nlichen Accounts in den sozialen Medien und anderen Kan\u00e4len, die Zugang zu potenziellen Kunden haben: klassische Werbema\u00dfnahmen &#8211; Events, Radio-, TV- oder Outdoor-Kampagnen.<\/p>\n\n\n\n<p>Unterst\u00fctzung bei der Erstellung von Inhalten, Blogs, Rezensionen. Abgabe von Stellungnahmen zu Produkten, Werbeaktionen, Normen usw. Ein Anh\u00e4nger von medizinischen Trends des Ostens und ein Benutzer von Produkten. Diese Person soll die Marke DEVA Harmony, die Produkte und die ayurvedische Philosophie weiter verbreiten.<\/p>\n\n\n\n<p>Jeder Prominente, TV-Moderator, Schauspieler oder Sportler kann zum Markenbotschafter werden, wenn er sein Image mit anderen teilt und seine Reichweite in den sozialen Medien nutzt.<\/p>\n\n\n\n<p><strong>Forrester Research <\/strong>hat eine Pyramide erstellt, in der die Markenbotschafter in drei Gruppen eingeteilt wurden:<\/p>\n\n\n\n<ul class=\"wp-block-list\"><li><strong>Potenziale Markenbotschafter &#8211;<\/strong> Menschen, die sich spontan mit der Marke identifizieren, die sich h\u00e4ufig positiv \u00fcber die Marke \u00e4u\u00dfern,<\/li><li><strong>Influencer (Massenbeeinflusser) &#8211;<\/strong> Benutzer, die eine viel gr\u00f6\u00dfere M\u00f6glichkeit haben, das Internetumfeld zu beeinflussen, Blogger &#8211; anerkannte Meinungsf\u00fchrer im Internet,<\/li><li><strong>Social Broadcasters &#8211; <\/strong>eine Gruppe von einflussreichen Fachleuten, Prominenten, die einen gro\u00dfen Einfluss auf die Marke haben k\u00f6nnen.<\/li><\/ul>\n\n\n\n<p>Dank der Zusammenarbeit wird es u.a. m\u00f6glich sein, auf das Wissen und den Rat von Experten und Ayurveda-Heilpraktiker in Polen und Indien zuzugreifen. Viele weitere Vorteile, die individuell vereinbart werden<\/p>\n\n\n\n<p><strong>Wir laden Sie zu einem Gespr\u00e4ch ein<\/strong> <strong>&#8211; <\/strong><a href=\"mailto:m.bekas@devaharmony.com\">sklep@devaharmony.com<\/a><\/p>\n\n\n\n<p><strong><img decoding=\"async\" width=\"20\" height=\"20\" src=\"https:\/\/lh4.googleusercontent.com\/WKU57E8trQQlDGBd_86Po_WboYUvY-JcZ4np6yoLlQ9v5Bj5oWwF26j6D0JQMyZTRILeXJu9QCycQSuAqooHHl3iZzNH_e4O9tiRvd6eI83bltQKiEikT22MOnjtnQ\"> <a href=\"tel:+48536022011\">+ 48 536 022 011<\/a><\/strong><\/p>\n","protected":false},"excerpt":{"rendered":"<p>Eine enthusiastische Person, die die \u00f6stliche Philosophie, Ayurweda, f\u00fchlt und versteht. Pr\u00e4sent in den sozialen Medien mit einem mittleren bis gro\u00dfen Netzwerkpublikum. Meinungsf\u00fchrer (KOL) in ihrer Gemeinschaft. F\u00f6rderung der Marke DEVA Harmony \u00fcber ihre pers\u00f6nlichen Accounts in den sozialen Medien und anderen Kan\u00e4len, die Zugang zu potenziellen Kunden haben: klassische Werbema\u00dfnahmen &#8211; Events, Radio-, TV- [&hellip;]<\/p>\n","protected":false},"author":2051,"featured_media":0,"parent":0,"menu_order":0,"comment_status":"open","ping_status":"open","template":"","meta":{"footnotes":""},"class_list":["post-118","page","type-page","status-publish","hentry"],"acf":[],"yoast_head":"<!-- This site is optimized with the Yoast SEO plugin v23.1 - https:\/\/yoast.com\/wordpress\/plugins\/seo\/ -->\n<title>Botschafter - Deva Harmony Polen<\/title>\n<meta name=\"robots\" content=\"index, follow, max-snippet:-1, max-image-preview:large, max-video-preview:-1\" \/>\n<link rel=\"canonical\" href=\"https:\/\/devaharmony.com\/de\/botschafter\/\" \/>\n<meta property=\"og:locale\" content=\"de_DE\" \/>\n<meta property=\"og:type\" content=\"article\" \/>\n<meta property=\"og:title\" content=\"Botschafter - Deva Harmony Polen\" \/>\n<meta property=\"og:description\" content=\"Eine enthusiastische Person, die die \u00f6stliche Philosophie, Ayurweda, f\u00fchlt und versteht. Pr\u00e4sent in den sozialen Medien mit einem mittleren bis gro\u00dfen Netzwerkpublikum. Meinungsf\u00fchrer (KOL) in ihrer Gemeinschaft. F\u00f6rderung der Marke DEVA Harmony \u00fcber ihre pers\u00f6nlichen Accounts in den sozialen Medien und anderen Kan\u00e4len, die Zugang zu potenziellen Kunden haben: klassische Werbema\u00dfnahmen &#8211; Events, Radio-, TV- [&hellip;]\" \/>\n<meta property=\"og:url\" content=\"https:\/\/devaharmony.com\/de\/botschafter\/\" \/>\n<meta property=\"og:site_name\" content=\"Deva Harmony Polen\" \/>\n<meta property=\"article:modified_time\" content=\"2023-07-20T12:22:11+00:00\" \/>\n<meta property=\"og:image\" content=\"https:\/\/lh5.googleusercontent.com\/XmJ3xfaNya8JawLJIt6MdU_Cv8eBSnySU5WMGAKBgooYk9C6eSRYEY9ZpOSrJJ9c4KEzQBgfND8fg4opZQ59N1HSv6qaab_MsamJYUp4QOtoJZmBnIx48_gvCjHQYQ\" \/>\n<meta name=\"twitter:card\" content=\"summary_large_image\" \/>\n<meta name=\"twitter:label1\" content=\"Gesch\u00e4tzte Lesezeit\" \/>\n\t<meta name=\"twitter:data1\" content=\"2\u00a0Minuten\" \/>\n<script type=\"application\/ld+json\" class=\"yoast-schema-graph\">{\"@context\":\"https:\/\/schema.org\",\"@graph\":[{\"@type\":\"WebPage\",\"@id\":\"https:\/\/devaharmony.com\/de\/botschafter\/\",\"url\":\"https:\/\/devaharmony.com\/de\/botschafter\/\",\"name\":\"Botschafter - Deva Harmony Polen\",\"isPartOf\":{\"@id\":\"https:\/\/devaharmony.com\/de\/#website\"},\"primaryImageOfPage\":{\"@id\":\"https:\/\/devaharmony.com\/de\/botschafter\/#primaryimage\"},\"image\":{\"@id\":\"https:\/\/devaharmony.com\/de\/botschafter\/#primaryimage\"},\"thumbnailUrl\":\"https:\/\/lh5.googleusercontent.com\/XmJ3xfaNya8JawLJIt6MdU_Cv8eBSnySU5WMGAKBgooYk9C6eSRYEY9ZpOSrJJ9c4KEzQBgfND8fg4opZQ59N1HSv6qaab_MsamJYUp4QOtoJZmBnIx48_gvCjHQYQ\",\"datePublished\":\"2023-07-19T09:45:57+00:00\",\"dateModified\":\"2023-07-20T12:22:11+00:00\",\"breadcrumb\":{\"@id\":\"https:\/\/devaharmony.com\/de\/botschafter\/#breadcrumb\"},\"inLanguage\":\"de\",\"potentialAction\":[{\"@type\":\"ReadAction\",\"target\":[\"https:\/\/devaharmony.com\/de\/botschafter\/\"]}]},{\"@type\":\"ImageObject\",\"inLanguage\":\"de\",\"@id\":\"https:\/\/devaharmony.com\/de\/botschafter\/#primaryimage\",\"url\":\"https:\/\/lh5.googleusercontent.com\/XmJ3xfaNya8JawLJIt6MdU_Cv8eBSnySU5WMGAKBgooYk9C6eSRYEY9ZpOSrJJ9c4KEzQBgfND8fg4opZQ59N1HSv6qaab_MsamJYUp4QOtoJZmBnIx48_gvCjHQYQ\",\"contentUrl\":\"https:\/\/lh5.googleusercontent.com\/XmJ3xfaNya8JawLJIt6MdU_Cv8eBSnySU5WMGAKBgooYk9C6eSRYEY9ZpOSrJJ9c4KEzQBgfND8fg4opZQ59N1HSv6qaab_MsamJYUp4QOtoJZmBnIx48_gvCjHQYQ\"},{\"@type\":\"BreadcrumbList\",\"@id\":\"https:\/\/devaharmony.com\/de\/botschafter\/#breadcrumb\",\"itemListElement\":[{\"@type\":\"ListItem\",\"position\":1,\"name\":\"Home\",\"item\":\"https:\/\/devaharmony.com\/de\/\"},{\"@type\":\"ListItem\",\"position\":2,\"name\":\"Botschafter\"}]},{\"@type\":\"WebSite\",\"@id\":\"https:\/\/devaharmony.com\/de\/#website\",\"url\":\"https:\/\/devaharmony.com\/de\/\",\"name\":\"Deva Harmony Polen\",\"description\":\"Ayurvedische Nahrungserg\u00e4nzungsmittel\",\"potentialAction\":[{\"@type\":\"SearchAction\",\"target\":{\"@type\":\"EntryPoint\",\"urlTemplate\":\"https:\/\/devaharmony.com\/de\/?s={search_term_string}\"},\"query-input\":\"required name=search_term_string\"}],\"inLanguage\":\"de\"}]}<\/script>\n<!-- \/ Yoast SEO plugin. -->","yoast_head_json":{"title":"Botschafter - Deva Harmony Polen","robots":{"index":"index","follow":"follow","max-snippet":"max-snippet:-1","max-image-preview":"max-image-preview:large","max-video-preview":"max-video-preview:-1"},"canonical":"https:\/\/devaharmony.com\/de\/botschafter\/","og_locale":"de_DE","og_type":"article","og_title":"Botschafter - Deva Harmony Polen","og_description":"Eine enthusiastische Person, die die \u00f6stliche Philosophie, Ayurweda, f\u00fchlt und versteht. Pr\u00e4sent in den sozialen Medien mit einem mittleren bis gro\u00dfen Netzwerkpublikum. Meinungsf\u00fchrer (KOL) in ihrer Gemeinschaft. F\u00f6rderung der Marke DEVA Harmony \u00fcber ihre pers\u00f6nlichen Accounts in den sozialen Medien und anderen Kan\u00e4len, die Zugang zu potenziellen Kunden haben: klassische Werbema\u00dfnahmen &#8211; Events, Radio-, TV- [&hellip;]","og_url":"https:\/\/devaharmony.com\/de\/botschafter\/","og_site_name":"Deva Harmony Polen","article_modified_time":"2023-07-20T12:22:11+00:00","og_image":[{"url":"https:\/\/lh5.googleusercontent.com\/XmJ3xfaNya8JawLJIt6MdU_Cv8eBSnySU5WMGAKBgooYk9C6eSRYEY9ZpOSrJJ9c4KEzQBgfND8fg4opZQ59N1HSv6qaab_MsamJYUp4QOtoJZmBnIx48_gvCjHQYQ"}],"twitter_card":"summary_large_image","twitter_misc":{"Gesch\u00e4tzte Lesezeit":"2\u00a0Minuten"},"schema":{"@context":"https:\/\/schema.org","@graph":[{"@type":"WebPage","@id":"https:\/\/devaharmony.com\/de\/botschafter\/","url":"https:\/\/devaharmony.com\/de\/botschafter\/","name":"Botschafter - Deva Harmony Polen","isPartOf":{"@id":"https:\/\/devaharmony.com\/de\/#website"},"primaryImageOfPage":{"@id":"https:\/\/devaharmony.com\/de\/botschafter\/#primaryimage"},"image":{"@id":"https:\/\/devaharmony.com\/de\/botschafter\/#primaryimage"},"thumbnailUrl":"https:\/\/lh5.googleusercontent.com\/XmJ3xfaNya8JawLJIt6MdU_Cv8eBSnySU5WMGAKBgooYk9C6eSRYEY9ZpOSrJJ9c4KEzQBgfND8fg4opZQ59N1HSv6qaab_MsamJYUp4QOtoJZmBnIx48_gvCjHQYQ","datePublished":"2023-07-19T09:45:57+00:00","dateModified":"2023-07-20T12:22:11+00:00","breadcrumb":{"@id":"https:\/\/devaharmony.com\/de\/botschafter\/#breadcrumb"},"inLanguage":"de","potentialAction":[{"@type":"ReadAction","target":["https:\/\/devaharmony.com\/de\/botschafter\/"]}]},{"@type":"ImageObject","inLanguage":"de","@id":"https:\/\/devaharmony.com\/de\/botschafter\/#primaryimage","url":"https:\/\/lh5.googleusercontent.com\/XmJ3xfaNya8JawLJIt6MdU_Cv8eBSnySU5WMGAKBgooYk9C6eSRYEY9ZpOSrJJ9c4KEzQBgfND8fg4opZQ59N1HSv6qaab_MsamJYUp4QOtoJZmBnIx48_gvCjHQYQ","contentUrl":"https:\/\/lh5.googleusercontent.com\/XmJ3xfaNya8JawLJIt6MdU_Cv8eBSnySU5WMGAKBgooYk9C6eSRYEY9ZpOSrJJ9c4KEzQBgfND8fg4opZQ59N1HSv6qaab_MsamJYUp4QOtoJZmBnIx48_gvCjHQYQ"},{"@type":"BreadcrumbList","@id":"https:\/\/devaharmony.com\/de\/botschafter\/#breadcrumb","itemListElement":[{"@type":"ListItem","position":1,"name":"Home","item":"https:\/\/devaharmony.com\/de\/"},{"@type":"ListItem","position":2,"name":"Botschafter"}]},{"@type":"WebSite","@id":"https:\/\/devaharmony.com\/de\/#website","url":"https:\/\/devaharmony.com\/de\/","name":"Deva Harmony Polen","description":"Ayurvedische Nahrungserg\u00e4nzungsmittel","potentialAction":[{"@type":"SearchAction","target":{"@type":"EntryPoint","urlTemplate":"https:\/\/devaharmony.com\/de\/?s={search_term_string}"},"query-input":"required name=search_term_string"}],"inLanguage":"de"}]}},"_links":{"self":[{"href":"https:\/\/devaharmony.com\/de\/wp-json\/wp\/v2\/pages\/118"}],"collection":[{"href":"https:\/\/devaharmony.com\/de\/wp-json\/wp\/v2\/pages"}],"about":[{"href":"https:\/\/devaharmony.com\/de\/wp-json\/wp\/v2\/types\/page"}],"author":[{"embeddable":true,"href":"https:\/\/devaharmony.com\/de\/wp-json\/wp\/v2\/users\/2051"}],"replies":[{"embeddable":true,"href":"https:\/\/devaharmony.com\/de\/wp-json\/wp\/v2\/comments?post=118"}],"version-history":[{"count":7,"href":"https:\/\/devaharmony.com\/de\/wp-json\/wp\/v2\/pages\/118\/revisions"}],"predecessor-version":[{"id":20793,"href":"https:\/\/devaharmony.com\/de\/wp-json\/wp\/v2\/pages\/118\/revisions\/20793"}],"wp:attachment":[{"href":"https:\/\/devaharmony.com\/de\/wp-json\/wp\/v2\/media?parent=118"}],"curies":[{"name":"wp","href":"https:\/\/api.w.org\/{rel}","templated":true}]}}